{"id":151609,"date":"2017-04-11T09:34:16","date_gmt":"2017-04-11T06:34:16","guid":{"rendered":"https:\/\/www.eurovanne.fi\/vanteet\/?page_id=151609"},"modified":"2025-09-23T11:17:01","modified_gmt":"2025-09-23T08:17:01","slug":"rengashaku","status":"publish","type":"page","link":"https:\/\/www.eurovanne.fi\/vanteet\/rengashaku\/","title":{"rendered":""},"content":{"rendered":"<div class=\"evs-search \"\n     data-mode=\"live\"\n     data-target=\"https:\/\/www.eurovanne.fi\/vanteet\/rengashaku\/\">\n\n  <!-- UUSI: hero-boksi hakukentille -->\n  <section class=\"evs-hero\">\n<!-- Rivi 1: Otsikko + ohjeet (vasen) & Ajoneuvotyyppi (oikea) -->\n<div class=\"evs-row evs-row--top\">\n  <div class=\"evs-hero__intro\">\n    <h2 class=\"evs-hero__title\">RENGASHAKU<\/h2>\n<p class=\"evs-hero__hint\">\n      Valitse ajoneuvotyyppi ja rajaa hakua koon, kauden tai merkin mukaan.\n    Saatavilla olevat renkaat p\u00e4ivittyv\u00e4t heti n\u00e4kym\u00e4\u00e4n haun alle.\n  <\/p>\n  <\/div>\n  <label class=\"evs-label-ghost\" data-ghost=\"Ajoneuvotyyppi\">\n    <!-- Ei \"Kaikki\"-vaihtoehtoa -->\n    <select data-evs-filter=\"car_type\" class=\"evs-wide\">\n      <option value=\"Henkil\u00f6auto\">Henkil\u00f6auto<\/option>\n      <option value=\"Pakettiauto\">Pakettiauto<\/option>\n      <option value=\"4x4\">4x4<\/option>\n      <option value=\"Kuorma-auto\">Kuorma-auto<\/option>\n      <option value=\"Traktori\/OTR\">Traktori\/OTR<\/option>\n      <option value=\"M\u00f6nkij\u00e4\">M\u00f6nkij\u00e4<\/option>\n      <option value=\"Trukki\">Trukki<\/option>\n    <\/select>\n  <\/label>\n<\/div>\n\n<!-- Rivi 2: Leveys\/Profiili\/Halkaisija\/Kausi -->\n<div class=\"evs-row\">\n  <label class=\"evs-label-ghost\" data-ghost=\"Leveys\">\n    <select data-evs-filter=\"width\">\n      <option value=\"\">Kaikki<\/option>\n    <\/select>\n  <\/label>\n\n  <label class=\"evs-label-ghost\" data-ghost=\"Profiili\">\n    <select data-evs-filter=\"profile\">\n      <option value=\"\">Kaikki<\/option>\n    <\/select>\n  <\/label>\n\n  <label class=\"evs-label-ghost\" data-ghost=\"Halkaisija\">\n    <select data-evs-filter=\"diameter\">\n      <option value=\"\">Kaikki<\/option>\n    <\/select>\n  <\/label>\n\n  <label class=\"evs-label-ghost\" data-ghost=\"Kausi\">\n    <select data-evs-filter=\"season\">\n      <option value=\"\">Kaikki<\/option>\n      <option value=\"Kes\u00e4rengas\">Kes\u00e4rengas<\/option>\n      <option value=\"Talvirengas\">Talvirengas<\/option>\n      <option value=\"Kitkarengas\">Kitkarengas<\/option>\n      <option value=\"Nastarengas\">Nastarengas<\/option>\n    <\/select>\n  <\/label>\n<\/div>\n\n<!-- Rivi 3: Merkki\/Nopeusluokka\/Kantavuus + TYHJENN\u00c4 -->\n<div class=\"evs-row evs-row--bottom\">\n  <label class=\"evs-label-ghost\" data-ghost=\"Merkki\">\n    <select data-evs-filter=\"brand\">\n      <option value=\"\">Kaikki<\/option>\n    <\/select>\n  <\/label>\n\n  <label class=\"evs-label-ghost\" data-ghost=\"Nopeusluokka\">\n    <select data-evs-filter=\"speed\">\n      <option value=\"\">Kaikki<\/option>\n    <\/select>\n  <\/label>\n\n  <label class=\"evs-label-ghost\" data-ghost=\"Kantavuus (LI)\">\n    <select data-evs-filter=\"load_index\">\n      <option value=\"\">Kaikki<\/option>\n    <\/select>\n  <\/label>\n\n<div class=\"evs-row__end\">\n        <button id=\"evs-submit\" type=\"button\" class=\"evs-btn evs-btn--primary evs-btn--lg\">HAE<\/button>\t\n    <button id=\"evs-clear\"  type=\"button\" class=\"evs-btn evs-btn--ghost  evs-btn--lg\">TYHJENN\u00c4<\/button>\n  <\/div>\n<\/div>\n  <\/section>\n\n  <!-- Toolbar: tuotem\u00e4\u00e4r\u00e4 vasemmalle, j\u00e4rjestys & per sivu oikealle -->\n    <div class=\"evs-toolbar\">\n    <div class=\"evs-toolbar__left\">\n      <span id=\"evs-total\">0<\/span> <span id=\"evs-total-suffix\">hakutulosta<\/span>\n    <\/div>\n    <div class=\"evs-toolbar__right\">\n      <label>J\u00e4rjestys\n        <select data-evs-sort>\n          <option value=\"price_asc\">Hinta: edullisin ensin<\/option>\n          <option value=\"price_desc\">Hinta: kallein ensin<\/option>\n          <option value=\"brand\">Merkki<\/option>\n          <option value=\"newest\">Uusimmat<\/option>\n        <\/select>\n      <\/label>\n      <label>Per sivu\n        <select data-evs-perpage>\n          <option>24<\/option>\n          <option>48<\/option>\n          <option>96<\/option>\n        <\/select>\n      <\/label>\n    <\/div>\n  <\/div>\n\n  <div id=\"evs-results\" class=\"evs-results\"><\/div>\n  <div id=\"evs-pagination\" class=\"evs-pagination\"><\/div>\n<\/div>\n  \n","protected":false},"excerpt":{"rendered":"","protected":false},"author":1,"featured_media":0,"parent":0,"menu_order":0,"comment_status":"closed","ping_status":"closed","template":"","meta":{"footnotes":""},"class_list":["post-151609","page","type-page","status-publish","hentry"],"aioseo_notices":[],"_links":{"self":[{"href":"https:\/\/www.eurovanne.fi\/vanteet\/wp-json\/wp\/v2\/pages\/151609","targetHints":{"allow":["GET"]}}],"collection":[{"href":"https:\/\/www.eurovanne.fi\/vanteet\/wp-json\/wp\/v2\/pages"}],"about":[{"href":"https:\/\/www.eurovanne.fi\/vanteet\/wp-json\/wp\/v2\/types\/page"}],"author":[{"embeddable":true,"href":"https:\/\/www.eurovanne.fi\/vanteet\/wp-json\/wp\/v2\/users\/1"}],"replies":[{"embeddable":true,"href":"https:\/\/www.eurovanne.fi\/vanteet\/wp-json\/wp\/v2\/comments?post=151609"}],"version-history":[{"count":6,"href":"https:\/\/www.eurovanne.fi\/vanteet\/wp-json\/wp\/v2\/pages\/151609\/revisions"}],"predecessor-version":[{"id":780627,"href":"https:\/\/www.eurovanne.fi\/vanteet\/wp-json\/wp\/v2\/pages\/151609\/revisions\/780627"}],"wp:attachment":[{"href":"https:\/\/www.eurovanne.fi\/vanteet\/wp-json\/wp\/v2\/media?parent=151609"}],"curies":[{"name":"wp","href":"https:\/\/api.w.org\/{rel}","templated":true}]}}