{"id":275892,"date":"2018-05-07T08:28:22","date_gmt":"2018-05-07T05:28:22","guid":{"rendered":"https:\/\/www.eurovanne.fi\/vanteet\/?page_id=275892"},"modified":"2021-10-04T18:42:01","modified_gmt":"2021-10-04T15:42:01","slug":"tietoturva","status":"publish","type":"page","link":"https:\/\/www.eurovanne.fi\/vanteet\/tietoturva\/","title":{"rendered":"Tietoturva"},"content":{"rendered":"<ol>\n<li><strong> Yleist\u00e4<\/strong><\/li>\n<\/ol>\n<p>Eurovanne.fi pit\u00e4\u00e4 t\u00e4rke\u00e4n\u00e4 k\u00e4ytt\u00e4jien yksityisyyden ja henkil\u00f6kohtaisten tietojen suojaamista. T\u00e4ss\u00e4 tietosuojalausunnossa selostetaan, miten Eurovanne.fi k\u00e4sittelee k\u00e4ytt\u00e4j\u00e4n henkil\u00f6kohtaisia tietoja h\u00e4nen k\u00e4ytt\u00e4ess\u00e4\u00e4n Eurovanne.fi -palvelua.\u00a0T\u00e4ll\u00e4 tietosuojaselosteella informoimme asiakkaitamme heid\u00e4n henkil\u00f6tietojensa k\u00e4sittelyst\u00e4. Asiakkaan on hyv\u00e4ksytt\u00e4v\u00e4 t\u00e4m\u00e4n tietosuojaselosteen ehdot k\u00e4ytt\u00e4\u00e4kseen Eurovanne.fi:n palveluita.\u00a0Henkil\u00f6tietojen k\u00e4sittelyss\u00e4 ja teknisiss\u00e4 ratkaisuissa noudatamme hyvi\u00e4 tietosuojak\u00e4yt\u00e4nt\u00f6j\u00e4.<\/p>\n<p><strong>Henkil\u00f6tietojen k\u00e4sittelyss\u00e4 on huomioitu 25.5.2018 alkaen sovellettavan EU:n tietosuoja-asetuksen vaatimukset.<\/strong><\/p>\n<ol start=\"2\">\n<li><strong> Henkil\u00f6kohtaiset tiedot<\/strong><\/li>\n<\/ol>\n<p>Henkil\u00f6kohtaisia tietoja ker\u00e4t\u00e4\u00e4n ja k\u00e4sitell\u00e4\u00e4n verkkomyynnin mahdollistamiseksi ja tietoturvan parantamiseksi. Ker\u00e4\u00e4mme ainoastaan asiakkaan nimen, osoitteen, puhelinnumeron ja s\u00e4hk\u00f6postiosoitteen. Asiakkaan k\u00e4ytt\u00e4ess\u00e4 verkkokauppaamme ei h\u00e4nen tarvitse luovuttaa meille henkil\u00f6turvatunnusta. Jos asiakas ostaa luotolla, niin meid\u00e4n maksunv\u00e4litt\u00e4j\u00e4mme kysyy henkil\u00f6tunnusta. Maksun v\u00e4litt\u00e4j\u00e4mme on Paytrail Oyj ja heid\u00e4n yhteisty\u00f6kumppaneina Jousto ja heill\u00e4 on omat tietoturva asetukset k\u00e4yt\u00f6ss\u00e4.<\/p>\n<ol start=\"3\">\n<li><strong> Tietojen k\u00e4sittely<\/strong><\/li>\n<\/ol>\n<p>Eurovanne.fi noudattaa henkil\u00f6tietojen k\u00e4sittelyss\u00e4 Suomen henkil\u00f6tietolain m\u00e4\u00e4r\u00e4yksi\u00e4. Verkkokaupan asiakask\u00e4ytt\u00e4j\u00e4t ovat rekisteriss\u00e4, jonka rekisterinpit\u00e4j\u00e4 on Eurovanne.fi. Rekister\u00f6ityj\u00e4 k\u00e4ytt\u00e4j\u00e4tietoja k\u00e4sitell\u00e4\u00e4n luottamuksellisesti ja ne tallennetaan suojatulle palvelimelle, jolle ulkopuolisten p\u00e4\u00e4sy estet\u00e4\u00e4n sek\u00e4 ohjelmallisesti ett\u00e4 fyysisesti.<\/p>\n<ol start=\"4\">\n<li><strong> Tietojen luovutus<\/strong><\/li>\n<\/ol>\n<p>Eurovanne.fi ei myy eik\u00e4 vuokraa tai muutoin luovuta k\u00e4ytt\u00e4j\u00e4n rekister\u00f6imi\u00e4 henkil\u00f6kohtaisia tietoja kolmansille osapuolille. Online-maksut verkkokauppaamme tapahtuvat kaikilta osiltaan yhteisty\u00f6kumppanimme Paytrail Oyj, Jousto ja heid\u00e4n web-palveluidensa kautta ja maksutapahtumaan liittyv\u00e4t pakolliset ja v\u00e4ltt\u00e4m\u00e4tt\u00f6m\u00e4t tiedot antaa k\u00e4ytt\u00e4j\u00e4 online-maksutapahtuman yhteydess\u00e4 yhteisty\u00f6kumppanillemme ja silt\u00e4 osin p\u00e4tev\u00e4t tietosuojak\u00e4yt\u00e4nn\u00f6t, jotka on kuvattu yhteisty\u00f6kumppanimme web-sivuilla ja sellaisten tietojen tietosuojak\u00e4yt\u00e4nn\u00f6st\u00e4 vastaa vain ja ainoastaan yhteisty\u00f6kumppanimme.<\/p>\n<p><strong>\u00a0 \u00a0 \u00a0 <\/strong>\u00a05.<strong> Millaisia oikeuksia minulla on ?<\/strong><\/p>\n<p>Asiakkaana sinulla on oikeus:<\/p>\n<ul>\n<li>Saada p\u00e4\u00e4sy itse\u00e4si koskeviin henkil\u00f6tietoihin, mukaan lukien oikeus saada j\u00e4ljenn\u00f6s sinua koskevista henkil\u00f6tiedoista<\/li>\n<li>Pyyt\u00e4\u00e4 itse\u00e4si koskevien henkil\u00f6tietojen oikaisemista tai poistamista<\/li>\n<li>Tietyin edellytyksin pyyt\u00e4\u00e4 k\u00e4sittelyn rajoittamista tai vastustaa henkil\u00f6tietojen k\u00e4sittely\u00e4<\/li>\n<li>Voit itse p\u00e4\u00e4tt\u00e4\u00e4 sinulle kohdistetusta markkinoinnista, lis\u00e4arvopalveluista ja ottaa tai olla ottamatta vastaan erilaisia markkinointiviestej\u00e4.<\/li>\n<li>Asiakas voi my\u00f6s koska tahansa lopettaa asiakastilins\u00e4 ja pyyt\u00e4\u00e4 poistamaan omat tietonsa ottamalla yhteytt\u00e4<\/li>\n<\/ul>\n<p>Tietosuojasta ja henkil\u00f6tietojen k\u00e4sittelyst\u00e4 voit kysy\u00e4 lis\u00e4\u00e4 s\u00e4hk\u00f6postilla.<\/p>\n<p>Tietojen k\u00e4sittelyst\u00e4 vastuussa oleva yritys:<br \/>\nEurovanne.fi \/ EVN IMPORT (Y-tunnus: 2681296-3)<br \/>\nK\u00e4pykuja 6<br \/>\n69100 Kannus<\/p>\n","protected":false},"excerpt":{"rendered":"<p>Yleist\u00e4 Eurovanne.fi pit\u00e4\u00e4 t\u00e4rke\u00e4n\u00e4 k\u00e4ytt\u00e4jien yksityisyyden ja henkil\u00f6kohtaisten tietojen suojaamista. T\u00e4ss\u00e4 tietosuojalausunnossa selostetaan, miten Eurovanne.fi k\u00e4sittelee k\u00e4ytt\u00e4j\u00e4n henkil\u00f6kohtaisia tietoja h\u00e4nen k\u00e4ytt\u00e4ess\u00e4\u00e4n Eurovanne.fi -palvelua.\u00a0T\u00e4ll\u00e4 tietosuojaselosteella informoimme asiakkaitamme heid\u00e4n henkil\u00f6tietojensa k\u00e4sittelyst\u00e4. Asiakkaan on hyv\u00e4ksytt\u00e4v\u00e4 t\u00e4m\u00e4n tietosuojaselosteen ehdot k\u00e4ytt\u00e4\u00e4kseen Eurovanne.fi:n palveluita.\u00a0Henkil\u00f6tietojen k\u00e4sittelyss\u00e4 ja<\/p>\n","protected":false},"author":1,"featured_media":0,"parent":0,"menu_order":0,"comment_status":"closed","ping_status":"closed","template":"","meta":{"footnotes":""},"class_list":["post-275892","page","type-page","status-publish","hentry"],"aioseo_notices":[],"_links":{"self":[{"href":"https:\/\/www.eurovanne.fi\/vanteet\/wp-json\/wp\/v2\/pages\/275892","targetHints":{"allow":["GET"]}}],"collection":[{"href":"https:\/\/www.eurovanne.fi\/vanteet\/wp-json\/wp\/v2\/pages"}],"about":[{"href":"https:\/\/www.eurovanne.fi\/vanteet\/wp-json\/wp\/v2\/types\/page"}],"author":[{"embeddable":true,"href":"https:\/\/www.eurovanne.fi\/vanteet\/wp-json\/wp\/v2\/users\/1"}],"replies":[{"embeddable":true,"href":"https:\/\/www.eurovanne.fi\/vanteet\/wp-json\/wp\/v2\/comments?post=275892"}],"version-history":[{"count":0,"href":"https:\/\/www.eurovanne.fi\/vanteet\/wp-json\/wp\/v2\/pages\/275892\/revisions"}],"wp:attachment":[{"href":"https:\/\/www.eurovanne.fi\/vanteet\/wp-json\/wp\/v2\/media?parent=275892"}],"curies":[{"name":"wp","href":"https:\/\/api.w.org\/{rel}","templated":true}]}}