{"id":3406,"date":"2015-05-29T11:12:39","date_gmt":"2015-05-29T08:12:39","guid":{"rendered":"http:\/\/www.eurovanne.fi\/vanteet\/?page_id=3406"},"modified":"2026-03-11T13:49:29","modified_gmt":"2026-03-11T11:49:29","slug":"toimitusehdot","status":"publish","type":"page","link":"https:\/\/www.eurovanne.fi\/vanteet\/toimitusehdot\/","title":{"rendered":"Toimitusehdot"},"content":{"rendered":"<p><strong>YLEISET SOPIMUSEHDOT<\/strong><\/p>\n<p><strong>http:\/\/www.eurovanne.fi\/vanteet<\/strong>\u00a0kauppapaikka. Pid\u00e4t\u00e4mme oikeuden muuttaa n\u00e4it\u00e4 sopimusehtoja yksipuolisella p\u00e4\u00e4t\u00f6ksell\u00e4 ilman ennakkoilmoitusta. Tilauksia tehdess\u00e4 asiakas sitoutuu aina alla oleviin k\u00e4ytt\u00f6ehtoihin.<\/p>\n<p><strong>Mik\u00e4li tilaat renkaat ja vanteet samassa tilauksessa, emme toimita renkaita vanteelle asennettuina.<\/strong><\/p>\n<p><strong>HINNAT \/ TOIMITUSKULUT<\/strong><\/p>\n<p>Hinnat perustuvat kulloinkin voimassa oleviin hintoihin, oikeudet hinnanmuutoksiin pid\u00e4tet\u00e4\u00e4n. Henkil\u00f6, paketti ja maastureiden renkaat ja vanteet 4 kpl toimituskuluitta, pienemm\u00e4t m\u00e4\u00e4r\u00e4t toimitusmaksu 25,5 euroa. <strong>Sivulla n\u00e4kyv\u00e4t renkaiden ja vanteiden hinnat ovat kpl hintoja<\/strong>, jos haluat tilata vanne tai rengassarjan lis\u00e4\u00e4 ostoskorissa m\u00e4\u00e4r\u00e4ksi 4 kpl:tta.<br \/>\nHinnat sis\u00e4lt\u00e4v\u00e4t voimassa olevan arvonlis\u00e4veron (Alv 25,5%). Voimassa olevat erikoistarjoukset huomioidaan hyv\u00e4ksenne.<\/p>\n<p><strong>MAKSUEHTO<\/strong><\/p>\n<p>Kaikki myynti yksityisasiakkaille tapahtuu ennakkomaksulla, tukkuasiakkaille myymme laskulla.<\/p>\n<p>Maksunv\u00e4lityspalvelun toteuttajana ja maksupalveluntarjoajana toimii Paytrail Oyj (2122839-7) yhteisty\u00f6ss\u00e4 suomalaisten pankkien ja luottolaitosten kanssa. Paytrail Oyj n\u00e4kyy maksun saajana tiliotteella tai korttilaskulla ja v\u00e4litt\u00e4\u00e4 maksun kauppiaalle. Paytrail Oyj:ll\u00e4 on maksulaitoksen toimilupa. Reklamaatiotapauksissa pyyd\u00e4mme ottamaan ensisijaisesti yhteytt\u00e4 tuotteen toimittajaan.<\/p>\n<p>Paytrail Oyj, y-tunnus: 2122839-7<br \/>\nInnova 2<br \/>\nLutakonaukio 7<br \/>\n40100 Jyv\u00e4skyl\u00e4<br \/>\nwww.paytrail.com<\/p>\n<p>Lasku- ja osamaksupalveluita maksunv\u00e4litt\u00e4j\u00e4mme (Paytrail Oyj) kautta tarjoavat OP ja Klarna sek\u00e4 yritysasiakkaille Alisa Yrityslasku. Luethan viel\u00e4 rahoitusyhti\u00f6kohtaiset tarkemmat ehdot, jotka n\u00e4et hyv\u00e4ksyess\u00e4si maksun. Kun hyv\u00e4ksyt maksun, hyv\u00e4ksyt samalla rahoitusyhti\u00f6n ehdot.<\/p>\n<p><strong>Klarna:<\/strong><\/p>\n<p>Voit valita maksutavaksi Klarnan. Klarna tarjoaa sinulle tarkat maksuehdot. Lis\u00e4tietoja tai maksua koskevissa kysymyksiss\u00e4 vieraile <a href=\"https:\/\/www.klarna.com\/fi\/\" target=\"_blank\" rel=\"noopener\">Klarnan verkkosivustolla.<\/a><\/p>\n<p><strong>OP Osta Laskulla:<\/strong><\/p>\n<p>&#8211;<a href=\"https:\/\/info.checkout.fi\/hubfs\/checkout\/ehdot-ja-sopimukset\/op-lasku-ehdot.pdf?hsLang=fi\">OP:n lasku- ja osamaksutavan kuluttajaehdot [PDF]<\/a><\/p>\n<p>&#8211;<a href=\"https:\/\/www.checkout.fi\/ehdot-ja-sopimukset\/maksuehdot\/op-osta-laskulla?hsLang=fi\">OP Osta laskulla -tuoteseloste<\/a><\/p>\n<p>Toimitusaika on varastotuotteille noin 5-7 arkip\u00e4iv\u00e4\u00e4 ja ei varastossa olevat tuotteet 7-10 arkip\u00e4iv\u00e4\u00e4. Huomaathan ett\u00e4 emme voi vaikuttaa kuriirien toimintaan (soitto ennen toimitusta yms), koska he toimivat omien k\u00e4yt\u00e4nt\u00f6jens\u00e4 mukaisesti ja toimittajien omilla sopimuksilla. Teemme yhteisty\u00f6t\u00e4 kymmenien eri toimittajien kanssa, jotta pystyisimme toimittamaan tilauksesi mahdollisimman nopeasti. Mik\u00e4li tilattua tuotetta ei ole saatavissa, otamme henkil\u00f6kohtaisesti yhteytt\u00e4 ja tarkennamme tuotteen tarkan toimitusajan\u00a0 tai tarjoamme mahdollisuutta vaihtaa toiseen tuotteeseen.<\/p>\n<p><strong>Alisa Yrityslasku<\/strong><br \/>\nOstaminen Alisa Yrityslaskulla onnistuu pelkkien yhteystietojen ja vahvan tunnistautumisen avulla. Riitt\u00e4\u00e4, ett\u00e4 pystymme varmistamaan ostajan ja h\u00e4nen edustamansa yrityksen v\u00e4lisen yhteyden. Maksutavan k\u00e4ytt\u00f6 edellytt\u00e4\u00e4 suomalaista y-tunnusta ja ostoksen tekij\u00e4lt\u00e4 suomalaisen pankin verkkopankkitunnuksia. Ostajan osto-oikeus varmistetaan digitaalisesti. T\u00e4t\u00e4 varten suosittelemme, ett\u00e4 ostaja k\u00e4ytt\u00e4\u00e4 ostosta tehdess\u00e4 yrityksen tarjoamaa puhelinnumeroa ja s\u00e4hk\u00f6postiosoitetta.<\/p>\n<p>Lasku l\u00e4hetet\u00e4\u00e4n Alisa Yrityslaskun toimesta ensisijaisesti verkkolaskuna, mutta my\u00f6s s\u00e4hk\u00f6postilasku ja paperilasku ovat mahdollisia. Yritysten viralliset verkkolaskuosoitteet ovat valmiina tiedossa, joten my\u00f6s laskutusosoitteen valinta on helppoa. Ostolaskun k\u00e4sittely on suunniteltu yritysostajan kannalta mahdollisimman sujuvaksi ja ostaja saa lis\u00e4tty\u00e4 laskulle laskun kohdentamiseen tarvittavat viitetiedot.<\/p>\n<p>Alisa Yrityslasku tarjoaa kolme eri maksuaikaa: 14 p\u00e4iv\u00e4\u00e4, 30 p\u00e4iv\u00e4\u00e4 ja 60 p\u00e4iv\u00e4\u00e4. Laskutuslis\u00e4 vaihtelee valitun maksuajan mukaan: 14 p\u00e4iv\u00e4\u00e4 9,90 \u20ac, 30 p\u00e4iv\u00e4\u00e4 19,90 \u20ac ja 60 p\u00e4iv\u00e4\u00e4 29,90 \u20ac. Alisa Yrityslaskun luottoraja on 5000 \u20ac.<\/p>\n<p>Mik\u00e4li sinulla on kysytt\u00e4v\u00e4\u00e4 Alisa Yrityslaskusta, olethan yhteydess\u00e4 Alisan asiakaspalveluun:<br \/>\n\u2022 S\u00e4hk\u00f6posti: yritysrahoitus@alisapankki.fi<br \/>\n\u2022 Puhelinnumero: 0293 230 910 (Arkisin klo 9-17, 0,1717 \u20ac \/min)<\/p>\n<p>Alisa Yrityslaskun mahdollistaa Alisa Pankki Oyj.<\/p>\n<p>Lis\u00e4tietoja Alisa Yrityslaskusta l\u00f6ytyy seuraavasta linkist\u00e4:\u00a0<a href=\"https:\/\/www.alisapankki.fi\/yritysasiakas\/yrityslasku\" target=\"_blank\" rel=\"noopener\">B2B-maksutapa verkkokauppoihin | Alisa Pankki<\/a><\/p>\n<p><strong>VAIHTO JA PALAUTUSOIKEUS<\/strong><\/p>\n<p>Tuotteillamme on kuluttajasuojalain mukainen t\u00e4ysi palautus- ja vaihto-oikeus 14 p\u00e4iv\u00e4n ajan kaupantekohetkest\u00e4, edellytt\u00e4en ett\u00e4, tuote on k\u00e4ytt\u00e4m\u00e4t\u00f6n ja ehj\u00e4, tuote on alkuper\u00e4isess\u00e4 ja ehj\u00e4ss\u00e4 pakkauksessaan, tuotteen t\u00e4ytyy olla hyvin pakattu ja mukana pit\u00e4\u00e4 olla kuitti ostosta, kaikista palautuksista sovittava erikseen myyj\u00e4n kanssa. <strong>Tilaustuotteilla ei ole palautusoikeutta.<\/strong> Emme vastaanota palautuksia yli 14 vrk kuluttua toimituksesta. Emme lunasta posti- tai bussiennakkopalautuksia, aiheelliset palautukset korvataan asiakkaalle! Ota aina ensin yhteytt\u00e4 asiakaspalveluumme. Vanteilla ei ole vaihto-oikeutta, jos renkaat on asennettu vanteille, sovita vanteita autoon, ennen renkaiden asennusta. Renkailla ei ole vaihto-oikeutta mik\u00e4li ne on asennettu vanteille. Veloitamme aina asiakkaalta meille aiheutuneet kulut.<\/p>\n<p data-start=\"128\" data-end=\"243\"><strong data-start=\"128\" data-end=\"158\">Palautuksen k\u00e4sittelykulut<\/strong><br data-start=\"158\" data-end=\"161\" \/>Veloitamme asiakkaalta palautuksesta meille aiheutuvat k\u00e4sittelykulut seuraavasti:<\/p>\n<ul data-start=\"245\" data-end=\"692\">\n<li data-start=\"245\" data-end=\"506\">\n<p data-start=\"247\" data-end=\"506\"><strong data-start=\"247\" data-end=\"259\">Renkaat:<\/strong> palautuksen k\u00e4sittelykulu on <strong data-start=\"289\" data-end=\"331\">25 % palautettavien renkaiden hinnasta<\/strong>, kuitenkin <strong data-start=\"343\" data-end=\"376\">aina v\u00e4hint\u00e4\u00e4n 80 \u20ac (1\u20134 kpl)<\/strong>. Jos palautuksessa on <strong data-start=\"399\" data-end=\"417\" data-is-only-node=\"\">yli 4 rengasta<\/strong>, v\u00e4himm\u00e4isk\u00e4sittelykulu on <strong data-start=\"445\" data-end=\"460\">80 \u20ac + 20 \u20ac<\/strong> jokaiselta <strong data-start=\"472\" data-end=\"493\">4 kpl ylitt\u00e4v\u00e4lt\u00e4<\/strong> renkaalta.<\/p>\n<\/li>\n<li data-start=\"507\" data-end=\"632\">\n<p data-start=\"509\" data-end=\"632\"><strong data-start=\"509\" data-end=\"521\">Vanteet:<\/strong> palautuksen k\u00e4sittelykulu on <strong data-start=\"551\" data-end=\"594\">20 % palautettavien tuotteiden summasta<\/strong>, kuitenkin aina v\u00e4hint\u00e4\u00e4n <strong data-start=\"621\" data-end=\"629\">80 \u20ac<\/strong>.<\/p>\n<\/li>\n<li data-start=\"633\" data-end=\"692\">\n<p data-start=\"635\" data-end=\"692\"><strong data-start=\"635\" data-end=\"653\">Muut tuotteet:<\/strong> palautuksen k\u00e4sittelykulu on <strong data-start=\"683\" data-end=\"691\">40 \u20ac<\/strong>.<\/p>\n<\/li>\n<\/ul>\n<p>DEMO-merkityill\u00e4 tai tuotteilla jotka on ilmoitettu k\u00e4ytetyiksi ei ole vaihto- \/ palautusoikeutta.<\/p>\n<p><strong>Emme toimita tuotteitamme Ahvenanmaalle.<\/strong><\/p>\n<p><strong>LUE T\u00c4M\u00c4 ENNEN ERIKOISVANTEIDEN ASENNUSTA !<\/strong><\/p>\n<p>Ennen kuin asennat renkaat vanteille, kokeile vannetta erikseen eteen sek\u00e4 taakse ja varmista, ettei se kosketa jarru tai ohjauslaitteisiin.<br \/>\nJoissain automalleissa on mahdollisesti poistettava vanteen ohjaustapit ( esim. Volvo).<br \/>\n<strong>ASENNA ENSIN RENGAS VAIN YHDELLE VANTEELLE<\/strong><br \/>\nSovita nyt uudelleen vannetta renkaineen eteen ja taakse. Tarkista, ett\u00e4 py\u00f6r\u00e4 p\u00e4\u00e4see py\u00f6rim\u00e4\u00e4n vapaasti ja edess\u00e4 my\u00f6s k\u00e4\u00e4nnett\u00e4ess\u00e4 ohjausta \u00e4\u00e4riasennosta toiseen. Renkaalla on oltava tilaa py\u00f6ri\u00e4 my\u00f6s korin ollessa alimmassa asennossaan.<br \/>\nAsiakas sitoutuu jokaisen tilauksen yhteydess\u00e4 voimassa oleviin toimitusehtoihin.<\/p>\n<p><strong>TAKUU<\/strong><\/p>\n<p>Takuu ei kata sopimattomasta hoidosta, v\u00e4\u00e4r\u00e4st\u00e4 k\u00e4sittelyst\u00e4 tai virheellisest\u00e4 asennuksesta johtuvia vikoja. Renkailla ja vanteilla on valmistajan my\u00f6nt\u00e4m\u00e4 takuu, joka vaihtelee tuotemerkitt\u00e4in. Takuun piiriss\u00e4 ovat materiaali-ja kokoonpano-sek\u00e4 suunnitteluvirheet. Emme korvaa kiveniskemist\u00e4 tai asennuksessa, irrotuksessa ja tasapainotuksessa vanteille aiheutuneita vahinkoja. Kaikki tuotteet ovat EU ja TUV hyv\u00e4ksyttyj\u00e4. Renkaiden takuuvaihdoissa veloitamme renkaan k\u00e4yt\u00f6st\u00e4 sen kulutuspinnan kuluman mukaan. Nollataso on 2 mm. Postimyynniss\u00e4 kuitti toimii takuutodistuksena.<\/p>\n<p>DEMO-merkityt ja k\u00e4ytetyt tuotteet myyd\u00e4\u00e4n ilman takuuta.<\/p>\n<p>Ota aina yhteys asiakaspalveluumme Puh. 020 7434 330 (<em>8,35 snt\/puh + 16,69 snt\/min, auki ma-pe 10-17<\/em>).<\/p>\n<p><strong>POISTOTUOTTEET<\/strong><\/p>\n<p>Renkaissa joiden tiedoissa (tuotenimess\u00e4 tai tuotetekstiss\u00e4) on maininta vanhentuneesta DOT-merkinn\u00e4st\u00e4 (valmistusaika ilmoitettu) ei ole takuuta eik\u00e4 palautusoikeutta, n\u00e4iss\u00e4 huomioitu poistohinta.<\/p>\n<p><strong>REKLAMAATIOT<\/strong><\/p>\n<p>Asiakkaan on ilmoitettava virheest\u00e4 myyntiimme viipym\u00e4tt\u00e4, siit\u00e4 kun h\u00e4n havaitsi virheen tai h\u00e4nen olisi se tullut havaita.<\/p>\n<p><strong>HINTA, SALDOVIRHEET JA TUOTETIEDOT<\/strong><\/p>\n<p>Pid\u00e4t\u00e4mme oikeuden peruuttaa tilaus, jos tuotetta ei virheen vuoksi l\u00f6ydy tilattua m\u00e4\u00e4r\u00e4\u00e4, tai tuotteen hinnan ollessa selke\u00e4sti virheellinen. Ennen vanteiden tilaamista varmistakaa vanteen saatavuus s\u00e4hk\u00f6postilla asiakaspalvelu@eurovanne.fi &#8211; osa vanteista on poistotuotteita ja saatavuus loppunut valmistuksen loppumisen my\u00f6t\u00e4. Tuotteiden tuotetiedoissa saattaa esiinty\u00e4 virheit\u00e4, pyrimme tekem\u00e4\u00e4n kaiken ett\u00e4 tiedot olisivat ajan tasalla ja oikeat, mutta emme ota vastuuta tietojen lopullisesta paikkansapit\u00e4vyydest\u00e4.<\/p>\n<p><strong>MYYJ\u00c4<\/strong><\/p>\n<p><strong>EUROVANNE \/ EVN &#8211; Import<\/strong><br \/>\nK\u00e4pykuja 6, 69100 Kannus, Finland<br \/>\nY-tunnus: 2681296-3<br \/>\nE-mail: asiakaspalvelu@eurovanne.fi<\/p>\n","protected":false},"excerpt":{"rendered":"<p>YLEISET SOPIMUSEHDOT http:\/\/www.eurovanne.fi\/vanteet\u00a0kauppapaikka. Pid\u00e4t\u00e4mme oikeuden muuttaa n\u00e4it\u00e4 sopimusehtoja yksipuolisella p\u00e4\u00e4t\u00f6ksell\u00e4 ilman ennakkoilmoitusta. Tilauksia tehdess\u00e4 asiakas sitoutuu aina alla oleviin k\u00e4ytt\u00f6ehtoihin. Mik\u00e4li tilaat renkaat ja vanteet samassa tilauksessa, emme toimita renkaita vanteelle asennettuina. HINNAT \/ TOIMITUSKULUT Hinnat perustuvat kulloinkin voimassa oleviin<\/p>\n","protected":false},"author":1,"featured_media":0,"parent":0,"menu_order":0,"comment_status":"closed","ping_status":"closed","template":"","meta":{"footnotes":""},"class_list":["post-3406","page","type-page","status-publish","hentry"],"aioseo_notices":[],"_links":{"self":[{"href":"https:\/\/www.eurovanne.fi\/vanteet\/wp-json\/wp\/v2\/pages\/3406","targetHints":{"allow":["GET"]}}],"collection":[{"href":"https:\/\/www.eurovanne.fi\/vanteet\/wp-json\/wp\/v2\/pages"}],"about":[{"href":"https:\/\/www.eurovanne.fi\/vanteet\/wp-json\/wp\/v2\/types\/page"}],"author":[{"embeddable":true,"href":"https:\/\/www.eurovanne.fi\/vanteet\/wp-json\/wp\/v2\/users\/1"}],"replies":[{"embeddable":true,"href":"https:\/\/www.eurovanne.fi\/vanteet\/wp-json\/wp\/v2\/comments?post=3406"}],"version-history":[{"count":4,"href":"https:\/\/www.eurovanne.fi\/vanteet\/wp-json\/wp\/v2\/pages\/3406\/revisions"}],"predecessor-version":[{"id":842488,"href":"https:\/\/www.eurovanne.fi\/vanteet\/wp-json\/wp\/v2\/pages\/3406\/revisions\/842488"}],"wp:attachment":[{"href":"https:\/\/www.eurovanne.fi\/vanteet\/wp-json\/wp\/v2\/media?parent=3406"}],"curies":[{"name":"wp","href":"https:\/\/api.w.org\/{rel}","templated":true}]}}