{"id":3408,"date":"2015-05-29T11:13:27","date_gmt":"2015-05-29T08:13:27","guid":{"rendered":"http:\/\/www.eurovanne.fi\/vanteet\/?page_id=3408"},"modified":"2022-01-21T15:36:07","modified_gmt":"2022-01-21T13:36:07","slug":"yhteystiedot","status":"publish","type":"page","link":"https:\/\/www.eurovanne.fi\/vanteet\/yhteystiedot\/","title":{"rendered":"Yhteystiedot"},"content":{"rendered":"<p><strong>EUROVANNE \/ EVN &#8211; Import<\/strong><br \/>\nK\u00e4pykuja 6<br \/>\n69100 Kannus, Finland<br \/>\nY-tunnus: 2681296-3<\/p>\n<p>Puh. 020 7434 330 (<em>8,35 snt\/puh + 16,69 snt\/min, auki ma-pe 10-17<\/em>)<br \/>\nE-mail: asiakaspalvelu@eurovanne.fi<\/p>\n<p><strong>Tilauksiin ja tuotteisiin liittyv\u00e4t kyselyt vain s\u00e4hk\u00f6postilla!<\/strong><br \/>\nS\u00e4hk\u00f6posteihin pyrimme vastaamaan mahdollisimman pian.<\/p>\n<hr \/>\n<h3>YRITYSINFO<\/h3>\n<p><strong>EUROVANNE<\/strong> nettikauppa on perustettu vuonna 2002. Oma maahantuontimme takaa kuluttajille edulliset hinnat.<\/p>\n<p>Olipa tilauksesi yksi sarja tai suurempi er\u00e4, tarjoamme teille yli 30 miljoonan kpl rengasvaraston ja 56 eri vanne valmistajan tuotteet ja 1 miljoonan kappaleen vannevaraston nopealla toimitusajalla. Voit tehd\u00e4 tilauksia silloin kun se sinulle parhaiten sopii, verkkokauppamme palvelee teit\u00e4 24 tuntia viikon jokaisena p\u00e4iv\u00e4n\u00e4.<\/p>\n<p>Tilatessa tuotteet maksetaan verkkopankissa, jonka j\u00e4lkeen tilaukset toimitetaan asiakkaalle.<\/p>\n<p><strong>EUROVANNE<\/strong> nimen alla myymme my\u00f6s maahantuomiamme valorautoja, astinlautoja, lavakaaria, alustasarjoja.<\/p>\n<p><strong>Linkkej\u00e4 maahantuomiimme tuotteisiin.<\/strong><\/p>\n<p><a href=\"http:\/\/www.misutonida.fi\">www.misutonida.fi<\/a>\u00a0 Valoraudat, astinlaudat, kylkiputket ja lavakaaret.<\/p>\n","protected":false},"excerpt":{"rendered":"<p>EUROVANNE \/ EVN &#8211; Import K\u00e4pykuja 6 69100 Kannus, Finland Y-tunnus: 2681296-3 Puh. 020 7434 330 (8,35 snt\/puh + 16,69 snt\/min, auki ma-pe 10-17) E-mail: asiakaspalvelu@eurovanne.fi Tilauksiin ja tuotteisiin liittyv\u00e4t kyselyt vain s\u00e4hk\u00f6postilla! S\u00e4hk\u00f6posteihin pyrimme vastaamaan mahdollisimman pian. YRITYSINFO EUROVANNE<\/p>\n","protected":false},"author":1,"featured_media":0,"parent":0,"menu_order":0,"comment_status":"closed","ping_status":"closed","template":"","meta":{"footnotes":""},"class_list":["post-3408","page","type-page","status-publish","hentry"],"aioseo_notices":[],"_links":{"self":[{"href":"https:\/\/www.eurovanne.fi\/vanteet\/wp-json\/wp\/v2\/pages\/3408","targetHints":{"allow":["GET"]}}],"collection":[{"href":"https:\/\/www.eurovanne.fi\/vanteet\/wp-json\/wp\/v2\/pages"}],"about":[{"href":"https:\/\/www.eurovanne.fi\/vanteet\/wp-json\/wp\/v2\/types\/page"}],"author":[{"embeddable":true,"href":"https:\/\/www.eurovanne.fi\/vanteet\/wp-json\/wp\/v2\/users\/1"}],"replies":[{"embeddable":true,"href":"https:\/\/www.eurovanne.fi\/vanteet\/wp-json\/wp\/v2\/comments?post=3408"}],"version-history":[{"count":0,"href":"https:\/\/www.eurovanne.fi\/vanteet\/wp-json\/wp\/v2\/pages\/3408\/revisions"}],"wp:attachment":[{"href":"https:\/\/www.eurovanne.fi\/vanteet\/wp-json\/wp\/v2\/media?parent=3408"}],"curies":[{"name":"wp","href":"https:\/\/api.w.org\/{rel}","templated":true}]}}