{"id":284524,"date":"2018-12-12T09:38:47","date_gmt":"2018-12-12T07:38:47","guid":{"rendered":"https:\/\/www.eurovanne.fi\/vanteet\/verkkokauppa\/arctic-bright-b45w-led-lisavalopaneeli-4050lm\/"},"modified":"2022-09-02T15:25:39","modified_gmt":"2022-09-02T12:25:39","slug":"arctic-bright-b45w-led-lisavalopaneeli-4050lm","status":"publish","type":"product","link":"https:\/\/www.eurovanne.fi\/vanteet\/verkkokauppa\/arctic-bright-b45w-led-lisavalopaneeli-4050lm\/","title":{"rendered":"ARCTIC BRIGHT B45W LED LIS\u00c4VALOPANEELI 4050LM"},"content":{"rendered":"<p><strong>LAILLINEN TIELIIKENTEESEN HYV\u00c4KSYTTY MALLI<\/strong><\/p>\n<p>Arctic Bright tieliikennehyv\u00e4ksytty todella ohut lis\u00e4valo.<\/p>\n<p>45W, 15x 3W osramin laadukkaat ledit. 4050lm, Referenssi 25, kiinnikkeet s\u00e4\u00e4tyv\u00e4t sivuttaissuunnassa helpottaen asennusta. Kantama 663m (0.25lux) T\u00e4ss\u00e4kin valossa hinta ja laatu kohtaavat erinomaisesti!<\/p>\n<p>&#8211; Teho 45W<\/p>\n<p>&#8211; Lumenm\u00e4\u00e4r\u00e4 4050lm (raw)<\/p>\n<p>&#8211; Osram LEDit 15 x 3W<\/p>\n<p>&#8211; K\u00e4ytt\u00f6j\u00e4nnite 10-30V<\/p>\n<p>&#8211; Virrankulutus 2,8A<\/p>\n<p>&#8211; Vesitiivis DT-liitin<\/p>\n<p>&#8211; Leve\u00e4 valokeila<\/p>\n<p>&#8211; IP-luokka 67<\/p>\n<p>&#8211; V\u00e4ril\u00e4mp\u00f6tila 6000K<\/p>\n<p>&#8211; Musta valualumiinirunko<\/p>\n<p>&#8211; PC-linssi<\/p>\n<p>&#8211; Lux\/10m: 1885lx<\/p>\n<p>&#8211; Referenssiluku 25<\/p>\n<p>&#8211; Mitat: Levys 52cm, korkeus 5,2cm, syvyys 4,8cm<\/p>\n<p><strong>NYT T\u00c4M\u00c4KIN VALO ON LAILLINEN 28.8.2017 ALKAEN UUDEN VALOM\u00c4\u00c4R\u00c4YKSEN ANSIOSTA.<\/strong><\/p>\n","protected":false},"excerpt":{"rendered":"<p><strong>LOPPUER\u00c4 T\u00c4H\u00c4N HINTAAN, NIIN KAUAN KUIN TAVARAA RIITT\u00c4\u00c4!<\/strong><\/p>\n","protected":false},"featured_media":284470,"comment_status":"closed","ping_status":"closed","template":"","meta":[],"product_brand":[],"product_cat":[4585],"product_tag":[],"class_list":{"0":"post-284524","1":"product","2":"type-product","3":"status-publish","4":"has-post-thumbnail","6":"product_cat-lisavalot","7":"product_shipping_class-lisavalot-ja-tarvikkeet","9":"first","10":"instock","11":"sale","12":"featured","13":"taxable","14":"shipping-taxable","15":"purchasable","16":"product-type-simple"},"aioseo_notices":[],"_links":{"self":[{"href":"https:\/\/www.eurovanne.fi\/vanteet\/wp-json\/wp\/v2\/product\/284524","targetHints":{"allow":["GET"]}}],"collection":[{"href":"https:\/\/www.eurovanne.fi\/vanteet\/wp-json\/wp\/v2\/product"}],"about":[{"href":"https:\/\/www.eurovanne.fi\/vanteet\/wp-json\/wp\/v2\/types\/product"}],"replies":[{"embeddable":true,"href":"https:\/\/www.eurovanne.fi\/vanteet\/wp-json\/wp\/v2\/comments?post=284524"}],"wp:featuredmedia":[{"embeddable":true,"href":"https:\/\/www.eurovanne.fi\/vanteet\/wp-json\/wp\/v2\/media\/284470"}],"wp:attachment":[{"href":"https:\/\/www.eurovanne.fi\/vanteet\/wp-json\/wp\/v2\/media?parent=284524"}],"wp:term":[{"taxonomy":"product_brand","embeddable":true,"href":"https:\/\/www.eurovanne.fi\/vanteet\/wp-json\/wp\/v2\/product_brand?post=284524"},{"taxonomy":"product_cat","embeddable":true,"href":"https:\/\/www.eurovanne.fi\/vanteet\/wp-json\/wp\/v2\/product_cat?post=284524"},{"taxonomy":"product_tag","embeddable":true,"href":"https:\/\/www.eurovanne.fi\/vanteet\/wp-json\/wp\/v2\/product_tag?post=284524"}],"curies":[{"name":"wp","href":"https:\/\/api.w.org\/{rel}","templated":true}]}}