{"id":284638,"date":"2018-12-14T14:08:44","date_gmt":"2018-12-14T12:08:44","guid":{"rendered":"https:\/\/www.eurovanne.fi\/vanteet\/?post_type=product&#038;p=284638"},"modified":"2022-09-02T15:25:25","modified_gmt":"2022-09-02T12:25:25","slug":"arctic-bright-lisavaloteline-euro-alumiini","status":"publish","type":"product","link":"https:\/\/www.eurovanne.fi\/vanteet\/verkkokauppa\/arctic-bright-lisavaloteline-euro-alumiini\/","title":{"rendered":"ARCTIC BRIGHT Lis\u00e4valoteline Euro Alumiini"},"content":{"rendered":"<p>Alumiini lis\u00e4valoteline EU-rekisterikilvelle. Telineell\u00e4 saat asennettua lis\u00e4valot ilman reiki\u00e4 puskuriin. Kahdelle lis\u00e4valolle tai lis\u00e4valopaneelille.<\/p>\n<p>\u2022 V\u00e4ri alumiini<br \/>\n\u2022 Koko 430x88mm<br \/>\n\u2022 Vahvuus 3mm<br \/>\n\u2022 Kiinnitysreikien v\u00e4li 390mm<\/p>\n","protected":false},"excerpt":{"rendered":"<p>Alumiini lis\u00e4valoteline EU-rekisterikilvelle. Telineell\u00e4 saat asennettua lis\u00e4valot ilman reiki\u00e4 puskuriin. Kahdelle lis\u00e4valolle tai lis\u00e4valopaneelille. \u2022 V\u00e4ri alumiini \u2022 Koko 430x88mm \u2022 Vahvuus 3mm \u2022 Kiinnitysreikien v\u00e4li 390mm<\/p>\n","protected":false},"featured_media":284639,"comment_status":"closed","ping_status":"closed","template":"","meta":[],"product_brand":[],"product_cat":[4585,5749],"product_tag":[],"class_list":{"0":"post-284638","1":"product","2":"type-product","3":"status-publish","4":"has-post-thumbnail","6":"product_cat-lisavalot","7":"product_cat-tarvikkeet","8":"product_shipping_class-lisavalot-ja-tarvikkeet","10":"first","11":"instock","12":"taxable","13":"shipping-taxable","14":"purchasable","15":"product-type-simple"},"aioseo_notices":[],"_links":{"self":[{"href":"https:\/\/www.eurovanne.fi\/vanteet\/wp-json\/wp\/v2\/product\/284638","targetHints":{"allow":["GET"]}}],"collection":[{"href":"https:\/\/www.eurovanne.fi\/vanteet\/wp-json\/wp\/v2\/product"}],"about":[{"href":"https:\/\/www.eurovanne.fi\/vanteet\/wp-json\/wp\/v2\/types\/product"}],"replies":[{"embeddable":true,"href":"https:\/\/www.eurovanne.fi\/vanteet\/wp-json\/wp\/v2\/comments?post=284638"}],"wp:featuredmedia":[{"embeddable":true,"href":"https:\/\/www.eurovanne.fi\/vanteet\/wp-json\/wp\/v2\/media\/284639"}],"wp:attachment":[{"href":"https:\/\/www.eurovanne.fi\/vanteet\/wp-json\/wp\/v2\/media?parent=284638"}],"wp:term":[{"taxonomy":"product_brand","embeddable":true,"href":"https:\/\/www.eurovanne.fi\/vanteet\/wp-json\/wp\/v2\/product_brand?post=284638"},{"taxonomy":"product_cat","embeddable":true,"href":"https:\/\/www.eurovanne.fi\/vanteet\/wp-json\/wp\/v2\/product_cat?post=284638"},{"taxonomy":"product_tag","embeddable":true,"href":"https:\/\/www.eurovanne.fi\/vanteet\/wp-json\/wp\/v2\/product_tag?post=284638"}],"curies":[{"name":"wp","href":"https:\/\/api.w.org\/{rel}","templated":true}]}}