{"id":350965,"date":"2020-10-27T11:57:53","date_gmt":"2020-10-27T09:57:53","guid":{"rendered":"https:\/\/www.eurovanne.fi\/vanteet\/verkkokauppa\/sf120-valobaari-120w\/"},"modified":"2022-09-02T15:25:03","modified_gmt":"2022-09-02T12:25:03","slug":"sf120-valobaari-120w","status":"publish","type":"product","link":"https:\/\/www.eurovanne.fi\/vanteet\/verkkokauppa\/sf120-valobaari-120w\/","title":{"rendered":"SUNFOX LED KAUKOVALOPANEELI SF120H"},"content":{"rendered":"<p>L\u00c4MMITETT\u00c4V\u00c4LL\u00c4 LINSSILL\u00c4!<\/p>\n<p>J\u00e4nnite: 10-30V, DC<\/p>\n<p>Teho: 140W \/ 10800 lumenia<\/p>\n<p>1lux@636m<\/p>\n<p>LED: 40x3W OSRAM<\/p>\n<p>L\u00e4mmitysvastus: 20W<\/p>\n<p>Mitat: 579x68x78mm<\/p>\n<p>Tieliikennehyv\u00e4ksytty: Kyll\u00e4<\/p>\n<p>Rererenssiluku: 45<\/p>\n<p>DT-Liitin<\/p>\n<p>Pakkaus sis\u00e4lt\u00e4\u00e4 u-kiinnikkeen sek\u00e4 pohjakiinnikkeet<\/p>\n","protected":false},"excerpt":{"rendered":"<p>L\u00c4MMITETT\u00c4V\u00c4LL\u00c4 LINSSILL\u00c4! J\u00e4nnite: 10-30V, DC Teho: 140W \/ 10800 lumenia 1lux@636m LED: 40x3W OSRAM L\u00e4mmitysvastus: 20W Mitat: 579x68x78mm Tieliikennehyv\u00e4ksytty: Kyll\u00e4 Rererenssiluku: 45 DT-Liitin Pakkaus sis\u00e4lt\u00e4\u00e4 u-kiinnikkeen sek\u00e4 pohjakiinnikkeet<\/p>\n","protected":false},"featured_media":445641,"comment_status":"closed","ping_status":"closed","template":"","meta":[],"product_brand":[],"product_cat":[5748,4585],"product_tag":[],"class_list":{"0":"post-350965","1":"product","2":"type-product","3":"status-publish","4":"has-post-thumbnail","6":"product_cat-kaukovalot","7":"product_cat-lisavalot","8":"product_shipping_class-lisavalot-ja-tarvikkeet","10":"first","11":"instock","12":"taxable","13":"shipping-taxable","14":"purchasable","15":"product-type-simple"},"aioseo_notices":[],"_links":{"self":[{"href":"https:\/\/www.eurovanne.fi\/vanteet\/wp-json\/wp\/v2\/product\/350965","targetHints":{"allow":["GET"]}}],"collection":[{"href":"https:\/\/www.eurovanne.fi\/vanteet\/wp-json\/wp\/v2\/product"}],"about":[{"href":"https:\/\/www.eurovanne.fi\/vanteet\/wp-json\/wp\/v2\/types\/product"}],"replies":[{"embeddable":true,"href":"https:\/\/www.eurovanne.fi\/vanteet\/wp-json\/wp\/v2\/comments?post=350965"}],"wp:featuredmedia":[{"embeddable":true,"href":"https:\/\/www.eurovanne.fi\/vanteet\/wp-json\/wp\/v2\/media\/445641"}],"wp:attachment":[{"href":"https:\/\/www.eurovanne.fi\/vanteet\/wp-json\/wp\/v2\/media?parent=350965"}],"wp:term":[{"taxonomy":"product_brand","embeddable":true,"href":"https:\/\/www.eurovanne.fi\/vanteet\/wp-json\/wp\/v2\/product_brand?post=350965"},{"taxonomy":"product_cat","embeddable":true,"href":"https:\/\/www.eurovanne.fi\/vanteet\/wp-json\/wp\/v2\/product_cat?post=350965"},{"taxonomy":"product_tag","embeddable":true,"href":"https:\/\/www.eurovanne.fi\/vanteet\/wp-json\/wp\/v2\/product_tag?post=350965"}],"curies":[{"name":"wp","href":"https:\/\/api.w.org\/{rel}","templated":true}]}}