{"id":350973,"date":"2020-10-27T11:57:53","date_gmt":"2020-10-27T09:57:53","guid":{"rendered":"https:\/\/www.eurovanne.fi\/vanteet\/verkkokauppa\/sx320-valobaari-320w\/"},"modified":"2022-09-02T15:25:18","modified_gmt":"2022-09-02T12:25:18","slug":"sx320-valobaari-320w","status":"publish","type":"product","link":"https:\/\/www.eurovanne.fi\/vanteet\/verkkokauppa\/sx320-valobaari-320w\/","title":{"rendered":"SUNFOX LED KAUKOVALOPANEELI SX320"},"content":{"rendered":"<p>J\u00e4nnite: 10-30V, DC<\/p>\n<p>Teho: 320W \/ 33120 lumenia<\/p>\n<p>LED: 32x10W OSRAM<\/p>\n<p>Mitat: 1300x70x56mm<\/p>\n<p>Tieliikennehyv\u00e4ksytty: Ei<\/p>\n<p>IP-luokitus: IP68\/69K<\/p>\n<p>DT-Liitin<\/p>\n<p>Pakkaus sis\u00e4lt\u00e4\u00e4 p\u00e4\u00e4ty- sek\u00e4 pohjakiinnikkeet<\/p>\n","protected":false},"excerpt":{"rendered":"<p>J\u00e4nnite: 10-30V, DC Teho: 320W \/ 33120 lumenia LED: 32x10W OSRAM Mitat: 1300x70x56mm Tieliikennehyv\u00e4ksytty: Ei IP-luokitus: IP68\/69K DT-Liitin Pakkaus sis\u00e4lt\u00e4\u00e4 p\u00e4\u00e4ty- sek\u00e4 pohjakiinnikkeet<\/p>\n","protected":false},"featured_media":350974,"comment_status":"closed","ping_status":"closed","template":"","meta":[],"product_brand":[],"product_cat":[5748,4585],"product_tag":[],"class_list":{"0":"post-350973","1":"product","2":"type-product","3":"status-publish","4":"has-post-thumbnail","6":"product_cat-kaukovalot","7":"product_cat-lisavalot","8":"product_shipping_class-lisavalot-ja-tarvikkeet","10":"first","11":"instock","12":"taxable","13":"shipping-taxable","14":"purchasable","15":"product-type-simple"},"aioseo_notices":[],"_links":{"self":[{"href":"https:\/\/www.eurovanne.fi\/vanteet\/wp-json\/wp\/v2\/product\/350973","targetHints":{"allow":["GET"]}}],"collection":[{"href":"https:\/\/www.eurovanne.fi\/vanteet\/wp-json\/wp\/v2\/product"}],"about":[{"href":"https:\/\/www.eurovanne.fi\/vanteet\/wp-json\/wp\/v2\/types\/product"}],"replies":[{"embeddable":true,"href":"https:\/\/www.eurovanne.fi\/vanteet\/wp-json\/wp\/v2\/comments?post=350973"}],"wp:featuredmedia":[{"embeddable":true,"href":"https:\/\/www.eurovanne.fi\/vanteet\/wp-json\/wp\/v2\/media\/350974"}],"wp:attachment":[{"href":"https:\/\/www.eurovanne.fi\/vanteet\/wp-json\/wp\/v2\/media?parent=350973"}],"wp:term":[{"taxonomy":"product_brand","embeddable":true,"href":"https:\/\/www.eurovanne.fi\/vanteet\/wp-json\/wp\/v2\/product_brand?post=350973"},{"taxonomy":"product_cat","embeddable":true,"href":"https:\/\/www.eurovanne.fi\/vanteet\/wp-json\/wp\/v2\/product_cat?post=350973"},{"taxonomy":"product_tag","embeddable":true,"href":"https:\/\/www.eurovanne.fi\/vanteet\/wp-json\/wp\/v2\/product_tag?post=350973"}],"curies":[{"name":"wp","href":"https:\/\/api.w.org\/{rel}","templated":true}]}}