{"id":445676,"date":"2022-09-02T13:21:04","date_gmt":"2022-09-02T10:21:04","guid":{"rendered":"https:\/\/www.eurovanne.fi\/vanteet\/?post_type=product&#038;p=445676"},"modified":"2022-09-02T15:24:40","modified_gmt":"2022-09-02T12:24:40","slug":"sunfox-led-tyovalo-54w-5200lm","status":"publish","type":"product","link":"https:\/\/www.eurovanne.fi\/vanteet\/verkkokauppa\/sunfox-led-tyovalo-54w-5200lm\/","title":{"rendered":"SUNFOX LED TY\u00d6VALO 54W 5200LM"},"content":{"rendered":"<p>J\u00e4nnite: 10-30V, DC<\/p>\n<p>Valmistajan ilmoittama nimellisteho: 54W 8100lm<\/p>\n<p>9x6W Osram LED<\/p>\n<p>Mitat: 101x115x45mm<\/p>\n<p>V\u00e4rin\u00e4vaimennettu RST jalka<\/p>\n<p>Automaattinen l\u00e4mm\u00f6s\u00e4\u00e4telytoiminta<\/p>\n<p>Valokeila: 90\u00b0<\/p>\n<p>DT-liitin<\/p>\n","protected":false},"excerpt":{"rendered":"<p>J\u00e4nnite: 10-30V, DC Valmistajan ilmoittama nimellisteho: 54W 8100lm 9x6W Osram LED Mitat: 101x115x45mm V\u00e4rin\u00e4vaimennettu RST jalka Automaattinen l\u00e4mm\u00f6s\u00e4\u00e4telytoiminta Valokeila: 90\u00b0 DT-liitin<\/p>\n","protected":false},"featured_media":445677,"comment_status":"closed","ping_status":"closed","template":"","meta":[],"product_brand":[],"product_cat":[4585,4587],"product_tag":[],"class_list":{"0":"post-445676","1":"product","2":"type-product","3":"status-publish","4":"has-post-thumbnail","6":"product_cat-lisavalot","7":"product_cat-tyovalot","8":"product_shipping_class-lisavalot-ja-tarvikkeet","10":"first","11":"instock","12":"taxable","13":"shipping-taxable","14":"purchasable","15":"product-type-simple"},"aioseo_notices":[],"_links":{"self":[{"href":"https:\/\/www.eurovanne.fi\/vanteet\/wp-json\/wp\/v2\/product\/445676","targetHints":{"allow":["GET"]}}],"collection":[{"href":"https:\/\/www.eurovanne.fi\/vanteet\/wp-json\/wp\/v2\/product"}],"about":[{"href":"https:\/\/www.eurovanne.fi\/vanteet\/wp-json\/wp\/v2\/types\/product"}],"replies":[{"embeddable":true,"href":"https:\/\/www.eurovanne.fi\/vanteet\/wp-json\/wp\/v2\/comments?post=445676"}],"wp:featuredmedia":[{"embeddable":true,"href":"https:\/\/www.eurovanne.fi\/vanteet\/wp-json\/wp\/v2\/media\/445677"}],"wp:attachment":[{"href":"https:\/\/www.eurovanne.fi\/vanteet\/wp-json\/wp\/v2\/media?parent=445676"}],"wp:term":[{"taxonomy":"product_brand","embeddable":true,"href":"https:\/\/www.eurovanne.fi\/vanteet\/wp-json\/wp\/v2\/product_brand?post=445676"},{"taxonomy":"product_cat","embeddable":true,"href":"https:\/\/www.eurovanne.fi\/vanteet\/wp-json\/wp\/v2\/product_cat?post=445676"},{"taxonomy":"product_tag","embeddable":true,"href":"https:\/\/www.eurovanne.fi\/vanteet\/wp-json\/wp\/v2\/product_tag?post=445676"}],"curies":[{"name":"wp","href":"https:\/\/api.w.org\/{rel}","templated":true}]}}