{"id":445683,"date":"2022-09-02T13:23:09","date_gmt":"2022-09-02T10:23:09","guid":{"rendered":"https:\/\/www.eurovanne.fi\/vanteet\/?post_type=product&#038;p=445683"},"modified":"2022-09-02T15:24:29","modified_gmt":"2022-09-02T12:24:29","slug":"sunfox-led-tyovalo-70w-9320lm","status":"publish","type":"product","link":"https:\/\/www.eurovanne.fi\/vanteet\/verkkokauppa\/sunfox-led-tyovalo-70w-9320lm\/","title":{"rendered":"SUNFOX LED TY\u00d6VALO 70W 9320LM"},"content":{"rendered":"<p>J\u00e4nnite: 10-30V, DC<\/p>\n<p>Valokeila: 140\u00b0<\/p>\n<p>LED: 56*1,2W Philips LUMILED<\/p>\n<p>Virrankulutus 5.2A@12V \/ 2.3A@24V<\/p>\n<p>Koteloluokitus: IP68<\/p>\n<p>V\u00e4ril\u00e4mp.: 6500k<\/p>\n<p>Runko: Alumiinia (ADC 12)<\/p>\n<p>K\u00e4ytt\u00f6l\u00e4mp.: -40~+60 \u00b0 C<\/p>\n<p>Linssi: Polykarbonaatti (PC)<\/p>\n<p>MINI kalansilm\u00e4optiikka<\/p>\n<p>Mitat: 270x93x61mm<\/p>\n<p>Electronic Thermal Management (ETM)<\/p>\n<p>EMC luokitus: 4<\/p>\n<p>CISPR 25 luokitus: 4<\/p>\n<p>ECE R10 Sertifikoitu<\/p>\n<p>Ali- ja ylij\u00e4nnite suojattu<\/p>\n<p>K\u00e4\u00e4nteinen polaarisuojaus<\/p>\n<p>UV-suojattu<\/p>\n<p>T\u00e4rin\u00e4vaimennettu<\/p>\n<p>DT-Liitin<\/p>\n<p>Tehty kest\u00e4m\u00e4\u00e4n vaativassakin k\u00e4yt\u00f6ss\u00e4<\/p>\n","protected":false},"excerpt":{"rendered":"<p>J\u00e4nnite: 10-30V, DC Valokeila: 140\u00b0 LED: 56*1,2W Philips LUMILED Virrankulutus 5.2A@12V \/ 2.3A@24V Koteloluokitus: IP68 V\u00e4ril\u00e4mp.: 6500k Runko: Alumiinia (ADC 12) K\u00e4ytt\u00f6l\u00e4mp.: -40~+60 \u00b0 C Linssi: Polykarbonaatti (PC) MINI kalansilm\u00e4optiikka Mitat: 270x93x61mm Electronic Thermal Management (ETM) EMC luokitus: 4 CISPR<\/p>\n","protected":false},"featured_media":445684,"comment_status":"closed","ping_status":"closed","template":"","meta":[],"product_brand":[],"product_cat":[4585,4587],"product_tag":[],"class_list":{"0":"post-445683","1":"product","2":"type-product","3":"status-publish","4":"has-post-thumbnail","6":"product_cat-lisavalot","7":"product_cat-tyovalot","8":"product_shipping_class-lisavalot-ja-tarvikkeet","10":"first","11":"instock","12":"taxable","13":"shipping-taxable","14":"purchasable","15":"product-type-simple"},"aioseo_notices":[],"_links":{"self":[{"href":"https:\/\/www.eurovanne.fi\/vanteet\/wp-json\/wp\/v2\/product\/445683","targetHints":{"allow":["GET"]}}],"collection":[{"href":"https:\/\/www.eurovanne.fi\/vanteet\/wp-json\/wp\/v2\/product"}],"about":[{"href":"https:\/\/www.eurovanne.fi\/vanteet\/wp-json\/wp\/v2\/types\/product"}],"replies":[{"embeddable":true,"href":"https:\/\/www.eurovanne.fi\/vanteet\/wp-json\/wp\/v2\/comments?post=445683"}],"wp:featuredmedia":[{"embeddable":true,"href":"https:\/\/www.eurovanne.fi\/vanteet\/wp-json\/wp\/v2\/media\/445684"}],"wp:attachment":[{"href":"https:\/\/www.eurovanne.fi\/vanteet\/wp-json\/wp\/v2\/media?parent=445683"}],"wp:term":[{"taxonomy":"product_brand","embeddable":true,"href":"https:\/\/www.eurovanne.fi\/vanteet\/wp-json\/wp\/v2\/product_brand?post=445683"},{"taxonomy":"product_cat","embeddable":true,"href":"https:\/\/www.eurovanne.fi\/vanteet\/wp-json\/wp\/v2\/product_cat?post=445683"},{"taxonomy":"product_tag","embeddable":true,"href":"https:\/\/www.eurovanne.fi\/vanteet\/wp-json\/wp\/v2\/product_tag?post=445683"}],"curies":[{"name":"wp","href":"https:\/\/api.w.org\/{rel}","templated":true}]}}