{"id":445698,"date":"2022-09-02T13:25:44","date_gmt":"2022-09-02T10:25:44","guid":{"rendered":"https:\/\/www.eurovanne.fi\/vanteet\/?post_type=product&#038;p=445698"},"modified":"2022-09-02T15:24:10","modified_gmt":"2022-09-02T12:24:10","slug":"sunfox-led-tyovalopaneeli-pro-works-300w-30","status":"publish","type":"product","link":"https:\/\/www.eurovanne.fi\/vanteet\/verkkokauppa\/sunfox-led-tyovalopaneeli-pro-works-300w-30\/","title":{"rendered":"SUNFOX LED TY\u00d6VALOPANEELI PRO-WORKS 300W 30&#8221;"},"content":{"rendered":"<p>J\u00e4nnite: 10-30V, DC<\/p>\n<p>Valokeila: 120\u00b0<\/p>\n<p>LED: 60*5W CREE LED<\/p>\n<p>Koteloluokitus: IP68\/IP69K<\/p>\n<p>V\u00e4ril\u00e4mp.: 5500k<\/p>\n<p>Runko: Alumiinia<\/p>\n<p>K\u00e4ytt\u00f6l\u00e4mp.: -40 &#8211; +145\u2103<\/p>\n<p>Linssi: GE Lexan polykarbonaatti<\/p>\n<p>Mitat: 800x83x89mm<\/p>\n<p>EMC luokitus: 4<\/p>\n<p>CISPR25<\/p>\n<p>ECE R10 hyv\u00e4ksytty<\/p>\n<p>Ali- ja ylij\u00e4nnite suojattu<\/p>\n<p>T\u00e4rin\u00e4vaimennettu<\/p>\n<p>DT-liitin<\/p>\n<p>Tehty kest\u00e4m\u00e4\u00e4n \u00e4\u00e4riolosuhteissa<\/p>\n","protected":false},"excerpt":{"rendered":"<p>J\u00e4nnite: 10-30V, DC Valokeila: 120\u00b0 LED: 60*5W CREE LED Koteloluokitus: IP68\/IP69K V\u00e4ril\u00e4mp.: 5500k Runko: Alumiinia K\u00e4ytt\u00f6l\u00e4mp.: -40 &#8211; +145\u2103 Linssi: GE Lexan polykarbonaatti Mitat: 800x83x89mm EMC luokitus: 4 CISPR25 ECE R10 hyv\u00e4ksytty Ali- ja ylij\u00e4nnite suojattu T\u00e4rin\u00e4vaimennettu DT-liitin Tehty kest\u00e4m\u00e4\u00e4n<\/p>\n","protected":false},"featured_media":445699,"comment_status":"closed","ping_status":"closed","template":"","meta":[],"product_brand":[],"product_cat":[4585,5747],"product_tag":[],"class_list":{"0":"post-445698","1":"product","2":"type-product","3":"status-publish","4":"has-post-thumbnail","6":"product_cat-lisavalot","7":"product_cat-valopaneelit","8":"product_shipping_class-lisavalot-ja-tarvikkeet","10":"first","11":"instock","12":"taxable","13":"shipping-taxable","14":"purchasable","15":"product-type-simple"},"aioseo_notices":[],"_links":{"self":[{"href":"https:\/\/www.eurovanne.fi\/vanteet\/wp-json\/wp\/v2\/product\/445698","targetHints":{"allow":["GET"]}}],"collection":[{"href":"https:\/\/www.eurovanne.fi\/vanteet\/wp-json\/wp\/v2\/product"}],"about":[{"href":"https:\/\/www.eurovanne.fi\/vanteet\/wp-json\/wp\/v2\/types\/product"}],"replies":[{"embeddable":true,"href":"https:\/\/www.eurovanne.fi\/vanteet\/wp-json\/wp\/v2\/comments?post=445698"}],"wp:featuredmedia":[{"embeddable":true,"href":"https:\/\/www.eurovanne.fi\/vanteet\/wp-json\/wp\/v2\/media\/445699"}],"wp:attachment":[{"href":"https:\/\/www.eurovanne.fi\/vanteet\/wp-json\/wp\/v2\/media?parent=445698"}],"wp:term":[{"taxonomy":"product_brand","embeddable":true,"href":"https:\/\/www.eurovanne.fi\/vanteet\/wp-json\/wp\/v2\/product_brand?post=445698"},{"taxonomy":"product_cat","embeddable":true,"href":"https:\/\/www.eurovanne.fi\/vanteet\/wp-json\/wp\/v2\/product_cat?post=445698"},{"taxonomy":"product_tag","embeddable":true,"href":"https:\/\/www.eurovanne.fi\/vanteet\/wp-json\/wp\/v2\/product_tag?post=445698"}],"curies":[{"name":"wp","href":"https:\/\/api.w.org\/{rel}","templated":true}]}}