{"id":445717,"date":"2022-09-02T13:34:26","date_gmt":"2022-09-02T10:34:26","guid":{"rendered":"https:\/\/www.eurovanne.fi\/vanteet\/?post_type=product&#038;p=445717"},"modified":"2022-09-02T15:23:49","modified_gmt":"2022-09-02T12:23:49","slug":"sunfox-led-kaukovalopaneeli-sf160","status":"publish","type":"product","link":"https:\/\/www.eurovanne.fi\/vanteet\/verkkokauppa\/sunfox-led-kaukovalopaneeli-sf160\/","title":{"rendered":"SUNFOX LED KAUKOVALOPANEELI SF160"},"content":{"rendered":"<p>J\u00e4nnite: 10-30V, DC<\/p>\n<p>Teho: 160W 9920lm<\/p>\n<p>LED: 32*5W Osram LED<\/p>\n<p>V\u00e4ril\u00e4mp\u00f6tila: 5000k<\/p>\n<p>Parkkivalo: Oranssi<\/p>\n<p>Mitat: 562&#215;83.5x81mm<\/p>\n<p>Tieliikennehyv\u00e4ksytty: Kyll\u00e4<\/p>\n<p>Referenssiluku: 37.5<\/p>\n<p>DT3 Liitin<\/p>\n<p>Pakkaus sis\u00e4lt\u00e4\u00e4\u00e4 u-kiinnikkeen sek\u00e4 pohjakiinnikkeet<\/p>\n","protected":false},"excerpt":{"rendered":"<p>J\u00e4nnite: 10-30V, DC Teho: 160W 9920lm LED: 32*5W Osram LED V\u00e4ril\u00e4mp\u00f6tila: 5000k Parkkivalo: Oranssi Mitat: 562&#215;83.5x81mm Tieliikennehyv\u00e4ksytty: Kyll\u00e4 Referenssiluku: 37.5 DT3 Liitin Pakkaus sis\u00e4lt\u00e4\u00e4\u00e4 u-kiinnikkeen sek\u00e4 pohjakiinnikkeet<\/p>\n","protected":false},"featured_media":445718,"comment_status":"closed","ping_status":"closed","template":"","meta":[],"product_brand":[],"product_cat":[5748,4585],"product_tag":[],"class_list":{"0":"post-445717","1":"product","2":"type-product","3":"status-publish","4":"has-post-thumbnail","6":"product_cat-kaukovalot","7":"product_cat-lisavalot","8":"product_shipping_class-lisavalot-ja-tarvikkeet","10":"first","11":"instock","12":"taxable","13":"shipping-taxable","14":"purchasable","15":"product-type-simple"},"aioseo_notices":[],"_links":{"self":[{"href":"https:\/\/www.eurovanne.fi\/vanteet\/wp-json\/wp\/v2\/product\/445717","targetHints":{"allow":["GET"]}}],"collection":[{"href":"https:\/\/www.eurovanne.fi\/vanteet\/wp-json\/wp\/v2\/product"}],"about":[{"href":"https:\/\/www.eurovanne.fi\/vanteet\/wp-json\/wp\/v2\/types\/product"}],"replies":[{"embeddable":true,"href":"https:\/\/www.eurovanne.fi\/vanteet\/wp-json\/wp\/v2\/comments?post=445717"}],"wp:featuredmedia":[{"embeddable":true,"href":"https:\/\/www.eurovanne.fi\/vanteet\/wp-json\/wp\/v2\/media\/445718"}],"wp:attachment":[{"href":"https:\/\/www.eurovanne.fi\/vanteet\/wp-json\/wp\/v2\/media?parent=445717"}],"wp:term":[{"taxonomy":"product_brand","embeddable":true,"href":"https:\/\/www.eurovanne.fi\/vanteet\/wp-json\/wp\/v2\/product_brand?post=445717"},{"taxonomy":"product_cat","embeddable":true,"href":"https:\/\/www.eurovanne.fi\/vanteet\/wp-json\/wp\/v2\/product_cat?post=445717"},{"taxonomy":"product_tag","embeddable":true,"href":"https:\/\/www.eurovanne.fi\/vanteet\/wp-json\/wp\/v2\/product_tag?post=445717"}],"curies":[{"name":"wp","href":"https:\/\/api.w.org\/{rel}","templated":true}]}}