{"id":445719,"date":"2022-09-02T13:35:42","date_gmt":"2022-09-02T10:35:42","guid":{"rendered":"https:\/\/www.eurovanne.fi\/vanteet\/?post_type=product&#038;p=445719"},"modified":"2022-09-02T15:23:45","modified_gmt":"2022-09-02T12:23:45","slug":"sunfox-led-kaukovalo-sf972","status":"publish","type":"product","link":"https:\/\/www.eurovanne.fi\/vanteet\/verkkokauppa\/sunfox-led-kaukovalo-sf972\/","title":{"rendered":"SUNFOX LED KAUKOVALO SF972"},"content":{"rendered":"<p>Teho: 72W \/ 7800lm<\/p>\n<p>J\u00e4nnite: 10-30V, DC<\/p>\n<p>V\u00e4ril\u00e4mp\u00f6tila: 5700k<\/p>\n<p>LED: 12*6W XM-L2 CREE LED<\/p>\n<p>K\u00e4ytt\u00f6ik\u00e4: +30 000 tuntia<\/p>\n<p>Runko: Painevalettua alumiinia<\/p>\n<p>Linssi: Iskunkest\u00e4v\u00e4 polykarbonaattilinssi<\/p>\n<p>Tieliikennehyv\u00e4ksytty: Kyll\u00e4<\/p>\n<p>Referenssiluku: 37.5<\/p>\n<p>Mitat: 220x90x240mm<\/p>\n<p>Parkkivalo: valkoinen ja oranssi<\/p>\n<p>Sis\u00e4\u00e4nrakennettu h\u00e4iri\u00f6nsuojaus ECE R10<\/p>\n<p>Pakkauksen mukana tulee kirkas PVC kivisuoja<\/p>\n<p>Lis\u00e4tuen paikka yl\u00e4osassa<\/p>\n<p>1lux@540m<\/p>\n","protected":false},"excerpt":{"rendered":"<p>Teho: 72W \/ 7800lm J\u00e4nnite: 10-30V, DC V\u00e4ril\u00e4mp\u00f6tila: 5700k LED: 12*6W XM-L2 CREE LED K\u00e4ytt\u00f6ik\u00e4: +30 000 tuntia Runko: Painevalettua alumiinia Linssi: Iskunkest\u00e4v\u00e4 polykarbonaattilinssi Tieliikennehyv\u00e4ksytty: Kyll\u00e4 Referenssiluku: 37.5 Mitat: 220x90x240mm Parkkivalo: valkoinen ja oranssi Sis\u00e4\u00e4nrakennettu h\u00e4iri\u00f6nsuojaus ECE R10 Pakkauksen mukana<\/p>\n","protected":false},"featured_media":445720,"comment_status":"closed","ping_status":"closed","template":"","meta":[],"product_brand":[],"product_cat":[5748,4585],"product_tag":[],"class_list":{"0":"post-445719","1":"product","2":"type-product","3":"status-publish","4":"has-post-thumbnail","6":"product_cat-kaukovalot","7":"product_cat-lisavalot","8":"product_shipping_class-lisavalot-ja-tarvikkeet","10":"first","11":"instock","12":"taxable","13":"shipping-taxable","14":"purchasable","15":"product-type-simple"},"aioseo_notices":[],"_links":{"self":[{"href":"https:\/\/www.eurovanne.fi\/vanteet\/wp-json\/wp\/v2\/product\/445719","targetHints":{"allow":["GET"]}}],"collection":[{"href":"https:\/\/www.eurovanne.fi\/vanteet\/wp-json\/wp\/v2\/product"}],"about":[{"href":"https:\/\/www.eurovanne.fi\/vanteet\/wp-json\/wp\/v2\/types\/product"}],"replies":[{"embeddable":true,"href":"https:\/\/www.eurovanne.fi\/vanteet\/wp-json\/wp\/v2\/comments?post=445719"}],"wp:featuredmedia":[{"embeddable":true,"href":"https:\/\/www.eurovanne.fi\/vanteet\/wp-json\/wp\/v2\/media\/445720"}],"wp:attachment":[{"href":"https:\/\/www.eurovanne.fi\/vanteet\/wp-json\/wp\/v2\/media?parent=445719"}],"wp:term":[{"taxonomy":"product_brand","embeddable":true,"href":"https:\/\/www.eurovanne.fi\/vanteet\/wp-json\/wp\/v2\/product_brand?post=445719"},{"taxonomy":"product_cat","embeddable":true,"href":"https:\/\/www.eurovanne.fi\/vanteet\/wp-json\/wp\/v2\/product_cat?post=445719"},{"taxonomy":"product_tag","embeddable":true,"href":"https:\/\/www.eurovanne.fi\/vanteet\/wp-json\/wp\/v2\/product_tag?post=445719"}],"curies":[{"name":"wp","href":"https:\/\/api.w.org\/{rel}","templated":true}]}}