{"id":732704,"date":"2025-04-15T09:09:05","date_gmt":"2025-04-15T06:09:05","guid":{"rendered":"https:\/\/www.eurovanne.fi\/vanteet\/verkkokauppa\/gt-radial-komplektne-ratas-155r13c-91-89n-gt-st-6000-tr413-4-5jx13-5-67-112-et30-16r12-silver-155-13-n\/"},"modified":"2026-04-01T17:23:56","modified_gmt":"2026-04-01T14:23:56","slug":"gt-radial-komplektne-ratas-155r13c-91-89n-gt-st-6000-tr413-4-5jx13-5-67-112-et30-16r12-silver-155-13-n","status":"publish","type":"product","link":"https:\/\/www.eurovanne.fi\/vanteet\/verkkokauppa\/gt-radial-komplektne-ratas-155r13c-91-89n-gt-st-6000-tr413-4-5jx13-5-67-112-et30-16r12-silver-155-13-n\/","title":{"rendered":"GT Radial Komplektne ratas 155R13C 91\/89N GT ST-6000 TR413+ 4.5Jx13 5\/67\/112 ET30  16R12 Silver 155 &#8211; 13 N"},"content":{"rendered":"<p>Merkki: GT Radial<br \/>\nMalli: Komplektne ratas 155R13C 91\/89N GT ST-6000 TR413+ 4.5Jx13 5\/67\/112 ET30  16R12 Silver<br \/>\nKoko: 155 &#8211; 13 = 155 &#8211; 13\/R<br \/>\nNopeusluokka: N<br \/>\nLoad Index (LI): 91\/89<br \/>\nTyyppi: Pakettiauto<br \/>\nHaagisrengas<br \/>\nNasta: Ei<\/p>\n<p>TOIMITUSAIKA: 5-7 P\u00c4IV\u00c4\u00c4<\/p>\n<div class=\"eurengas-container\"><\/div>\n","protected":false},"excerpt":{"rendered":"<p>Merkki: GT Radial Malli: Komplektne ratas 155R13C 91\/89N GT ST-6000 TR413+ 4.5Jx13 5\/67\/112 ET30 16R12 Silver Koko: 155 &#8211; 13 = 155 &#8211; 13\/R Nopeusluokka: N Load Index (LI): 91\/89 Tyyppi: Pakettiauto Haagisrengas Nasta: Ei TOIMITUSAIKA: 5-7 P\u00c4IV\u00c4\u00c4<\/p>\n","protected":false},"featured_media":0,"comment_status":"closed","ping_status":"closed","template":"","meta":[],"product_brand":[],"product_cat":[7218,5360,1147,1043],"product_tag":[],"class_list":{"0":"post-732704","1":"product","2":"type-product","3":"status-publish","5":"product_cat-155-13","6":"product_cat-haagis-pakettiauto","7":"product_cat-pakettiauto","8":"product_cat-renkaat","10":"first","11":"instock","12":"sale","13":"taxable","14":"shipping-taxable","15":"purchasable","16":"product-type-simple"},"aioseo_notices":[],"_links":{"self":[{"href":"https:\/\/www.eurovanne.fi\/vanteet\/wp-json\/wp\/v2\/product\/732704","targetHints":{"allow":["GET"]}}],"collection":[{"href":"https:\/\/www.eurovanne.fi\/vanteet\/wp-json\/wp\/v2\/product"}],"about":[{"href":"https:\/\/www.eurovanne.fi\/vanteet\/wp-json\/wp\/v2\/types\/product"}],"replies":[{"embeddable":true,"href":"https:\/\/www.eurovanne.fi\/vanteet\/wp-json\/wp\/v2\/comments?post=732704"}],"wp:attachment":[{"href":"https:\/\/www.eurovanne.fi\/vanteet\/wp-json\/wp\/v2\/media?parent=732704"}],"wp:term":[{"taxonomy":"product_brand","embeddable":true,"href":"https:\/\/www.eurovanne.fi\/vanteet\/wp-json\/wp\/v2\/product_brand?post=732704"},{"taxonomy":"product_cat","embeddable":true,"href":"https:\/\/www.eurovanne.fi\/vanteet\/wp-json\/wp\/v2\/product_cat?post=732704"},{"taxonomy":"product_tag","embeddable":true,"href":"https:\/\/www.eurovanne.fi\/vanteet\/wp-json\/wp\/v2\/product_tag?post=732704"}],"curies":[{"name":"wp","href":"https:\/\/api.w.org\/{rel}","templated":true}]}}