{"id":734069,"date":"2025-04-15T10:09:14","date_gmt":"2025-04-15T07:09:14","guid":{"rendered":"https:\/\/www.eurovanne.fi\/vanteet\/verkkokauppa\/rotalla-rh01-195-50-15-v\/"},"modified":"2026-05-05T04:08:34","modified_gmt":"2026-05-05T01:08:34","slug":"rotalla-rh01-195-50-15-v","status":"publish","type":"product","link":"https:\/\/www.eurovanne.fi\/vanteet\/verkkokauppa\/rotalla-rh01-195-50-15-v\/","title":{"rendered":"Rotalla Rh01 195\/50-15 V"},"content":{"rendered":"<p>Merkki: Rotalla<br \/>\nMalli: Rh01<br \/>\nKoko: 195\/50-15 = 195\/50R15<br \/>\nNopeusluokka: V<br \/>\nLoad Index (LI): 82<br \/>\nTyyppi: Henkil\u00f6auto<br \/>\nKes\u00e4rengas<br \/>\nNasta: Ei<\/p>\n<p>TOIMITUSAIKA: 5-7 P\u00c4IV\u00c4\u00c4<\/p>\n<div class=\"eurengas-container\"><\/div>\n","protected":false},"excerpt":{"rendered":"<p>Merkki: Rotalla Malli: Rh01 Koko: 195\/50-15 = 195\/50R15 Nopeusluokka: V Load Index (LI): 82 Tyyppi: Henkil\u00f6auto Kes\u00e4rengas Nasta: Ei TOIMITUSAIKA: 5-7 P\u00c4IV\u00c4\u00c4<\/p>\n","protected":false},"featured_media":285180,"comment_status":"closed","ping_status":"closed","template":"","meta":[],"product_brand":[],"product_cat":[1130,1051,1074,1043],"product_tag":[],"class_list":{"0":"post-734069","1":"product","2":"type-product","3":"status-publish","4":"has-post-thumbnail","6":"product_cat-19550-15","7":"product_cat-henkiloauto","8":"product_cat-kesa-henkiloauto","9":"product_cat-renkaat","11":"first","12":"instock","13":"sale","14":"taxable","15":"shipping-taxable","16":"purchasable","17":"product-type-simple"},"aioseo_notices":[],"_links":{"self":[{"href":"https:\/\/www.eurovanne.fi\/vanteet\/wp-json\/wp\/v2\/product\/734069","targetHints":{"allow":["GET"]}}],"collection":[{"href":"https:\/\/www.eurovanne.fi\/vanteet\/wp-json\/wp\/v2\/product"}],"about":[{"href":"https:\/\/www.eurovanne.fi\/vanteet\/wp-json\/wp\/v2\/types\/product"}],"replies":[{"embeddable":true,"href":"https:\/\/www.eurovanne.fi\/vanteet\/wp-json\/wp\/v2\/comments?post=734069"}],"wp:featuredmedia":[{"embeddable":true,"href":"https:\/\/www.eurovanne.fi\/vanteet\/wp-json\/wp\/v2\/media\/285180"}],"wp:attachment":[{"href":"https:\/\/www.eurovanne.fi\/vanteet\/wp-json\/wp\/v2\/media?parent=734069"}],"wp:term":[{"taxonomy":"product_brand","embeddable":true,"href":"https:\/\/www.eurovanne.fi\/vanteet\/wp-json\/wp\/v2\/product_brand?post=734069"},{"taxonomy":"product_cat","embeddable":true,"href":"https:\/\/www.eurovanne.fi\/vanteet\/wp-json\/wp\/v2\/product_cat?post=734069"},{"taxonomy":"product_tag","embeddable":true,"href":"https:\/\/www.eurovanne.fi\/vanteet\/wp-json\/wp\/v2\/product_tag?post=734069"}],"curies":[{"name":"wp","href":"https:\/\/api.w.org\/{rel}","templated":true}]}}