{"id":740430,"date":"2025-04-15T15:09:22","date_gmt":"2025-04-15T12:09:22","guid":{"rendered":"https:\/\/www.eurovanne.fi\/vanteet\/verkkokauppa\/vredestein-ultrac-225-55-18-v\/"},"modified":"2026-05-05T04:13:47","modified_gmt":"2026-05-05T01:13:47","slug":"vredestein-ultrac-225-55-18-v","status":"publish","type":"product","link":"https:\/\/www.eurovanne.fi\/vanteet\/verkkokauppa\/vredestein-ultrac-225-55-18-v\/","title":{"rendered":"Vredestein Ultrac+ 225\/55-18 V"},"content":{"rendered":"<p>Merkki: Vredestein<br \/>\nMalli: Ultrac+<br \/>\nKoko: 225\/55-18 = 225\/55R18<br \/>\nNopeusluokka: V<br \/>\nLoad Index (LI): 98<br \/>\nTyyppi: 4&#215;4<br \/>\nKes\u00e4rengas<br \/>\nNasta: Ei<\/p>\n<p>TOIMITUSAIKA: 5-7 P\u00c4IV\u00c4\u00c4<\/p>\n<div class=\"eurengas-container\"><\/div>\n","protected":false},"excerpt":{"rendered":"<p>Merkki: Vredestein Malli: Ultrac+ Koko: 225\/55-18 = 225\/55R18 Nopeusluokka: V Load Index (LI): 98 Tyyppi: 4&#215;4 Kes\u00e4rengas Nasta: Ei TOIMITUSAIKA: 5-7 P\u00c4IV\u00c4\u00c4<\/p>\n","protected":false},"featured_media":740243,"comment_status":"closed","ping_status":"closed","template":"","meta":[],"product_brand":[],"product_cat":[7149,1071,1151,1043],"product_tag":[],"class_list":{"0":"post-740430","1":"product","2":"type-product","3":"status-publish","4":"has-post-thumbnail","6":"product_cat-225-55-18","7":"product_cat-4x4","8":"product_cat-kesa-4x4","9":"product_cat-renkaat","11":"first","12":"instock","13":"sale","14":"taxable","15":"shipping-taxable","16":"purchasable","17":"product-type-simple"},"aioseo_notices":[],"_links":{"self":[{"href":"https:\/\/www.eurovanne.fi\/vanteet\/wp-json\/wp\/v2\/product\/740430","targetHints":{"allow":["GET"]}}],"collection":[{"href":"https:\/\/www.eurovanne.fi\/vanteet\/wp-json\/wp\/v2\/product"}],"about":[{"href":"https:\/\/www.eurovanne.fi\/vanteet\/wp-json\/wp\/v2\/types\/product"}],"replies":[{"embeddable":true,"href":"https:\/\/www.eurovanne.fi\/vanteet\/wp-json\/wp\/v2\/comments?post=740430"}],"wp:featuredmedia":[{"embeddable":true,"href":"https:\/\/www.eurovanne.fi\/vanteet\/wp-json\/wp\/v2\/media\/740243"}],"wp:attachment":[{"href":"https:\/\/www.eurovanne.fi\/vanteet\/wp-json\/wp\/v2\/media?parent=740430"}],"wp:term":[{"taxonomy":"product_brand","embeddable":true,"href":"https:\/\/www.eurovanne.fi\/vanteet\/wp-json\/wp\/v2\/product_brand?post=740430"},{"taxonomy":"product_cat","embeddable":true,"href":"https:\/\/www.eurovanne.fi\/vanteet\/wp-json\/wp\/v2\/product_cat?post=740430"},{"taxonomy":"product_tag","embeddable":true,"href":"https:\/\/www.eurovanne.fi\/vanteet\/wp-json\/wp\/v2\/product_tag?post=740430"}],"curies":[{"name":"wp","href":"https:\/\/api.w.org\/{rel}","templated":true}]}}