{"id":741720,"date":"2025-04-15T17:43:28","date_gmt":"2025-04-15T14:43:28","guid":{"rendered":"https:\/\/www.eurovanne.fi\/vanteet\/verkkokauppa\/sava-intensa-suv-2-295-35-21-y\/"},"modified":"2026-04-01T16:40:02","modified_gmt":"2026-04-01T13:40:02","slug":"sava-intensa-suv-2-295-35-21-y","status":"publish","type":"product","link":"https:\/\/www.eurovanne.fi\/vanteet\/verkkokauppa\/sava-intensa-suv-2-295-35-21-y\/","title":{"rendered":"SAVA Intensa SUV 2 295\/35-21 Y"},"content":{"rendered":"<p>Merkki: SAVA<br \/>\nMalli: Intensa SUV 2<br \/>\nKoko: 295\/35-21 = 295\/35R21<br \/>\nNopeusluokka: Y<br \/>\nLoad Index (LI): 107<br \/>\nTyyppi: 4&#215;4<br \/>\nKes\u00e4rengas<br \/>\nNasta: Ei<\/p>\n<p>TOIMITUSAIKA: 5-7 P\u00c4IV\u00c4\u00c4<\/p>\n<div class=\"eurengas-container\"><img decoding=\"async\" src=\"https:\/\/eprel.ec.europa.eu\/labels\/tyres\/Label_610915.svg\" alt=\"EU-rengasmerkinn&auml;t\" class=\"eurengas-base\" \/><\/div>\n","protected":false},"excerpt":{"rendered":"<p>Merkki: SAVA Malli: Intensa SUV 2 Koko: 295\/35-21 = 295\/35R21 Nopeusluokka: Y Load Index (LI): 107 Tyyppi: 4&#215;4 Kes\u00e4rengas Nasta: Ei TOIMITUSAIKA: 5-7 P\u00c4IV\u00c4\u00c4<\/p>\n","protected":false},"featured_media":365767,"comment_status":"closed","ping_status":"closed","template":"","meta":[],"product_brand":[],"product_cat":[7109,1071,1151,1043],"product_tag":[],"class_list":{"0":"post-741720","1":"product","2":"type-product","3":"status-publish","4":"has-post-thumbnail","6":"product_cat-295-35-21","7":"product_cat-4x4","8":"product_cat-kesa-4x4","9":"product_cat-renkaat","11":"first","12":"instock","13":"sale","14":"taxable","15":"shipping-taxable","16":"purchasable","17":"product-type-simple"},"aioseo_notices":[],"_links":{"self":[{"href":"https:\/\/www.eurovanne.fi\/vanteet\/wp-json\/wp\/v2\/product\/741720","targetHints":{"allow":["GET"]}}],"collection":[{"href":"https:\/\/www.eurovanne.fi\/vanteet\/wp-json\/wp\/v2\/product"}],"about":[{"href":"https:\/\/www.eurovanne.fi\/vanteet\/wp-json\/wp\/v2\/types\/product"}],"replies":[{"embeddable":true,"href":"https:\/\/www.eurovanne.fi\/vanteet\/wp-json\/wp\/v2\/comments?post=741720"}],"wp:featuredmedia":[{"embeddable":true,"href":"https:\/\/www.eurovanne.fi\/vanteet\/wp-json\/wp\/v2\/media\/365767"}],"wp:attachment":[{"href":"https:\/\/www.eurovanne.fi\/vanteet\/wp-json\/wp\/v2\/media?parent=741720"}],"wp:term":[{"taxonomy":"product_brand","embeddable":true,"href":"https:\/\/www.eurovanne.fi\/vanteet\/wp-json\/wp\/v2\/product_brand?post=741720"},{"taxonomy":"product_cat","embeddable":true,"href":"https:\/\/www.eurovanne.fi\/vanteet\/wp-json\/wp\/v2\/product_cat?post=741720"},{"taxonomy":"product_tag","embeddable":true,"href":"https:\/\/www.eurovanne.fi\/vanteet\/wp-json\/wp\/v2\/product_tag?post=741720"}],"curies":[{"name":"wp","href":"https:\/\/api.w.org\/{rel}","templated":true}]}}