{"id":743107,"date":"2025-04-15T19:52:37","date_gmt":"2025-04-15T16:52:37","guid":{"rendered":"https:\/\/www.eurovanne.fi\/vanteet\/verkkokauppa\/vredestein-ultrac-vorti-295-30-22-y-2\/"},"modified":"2026-04-01T17:39:05","modified_gmt":"2026-04-01T14:39:05","slug":"vredestein-ultrac-vorti-295-30-22-y-2","status":"publish","type":"product","link":"https:\/\/www.eurovanne.fi\/vanteet\/verkkokauppa\/vredestein-ultrac-vorti-295-30-22-y-2\/","title":{"rendered":"Vredestein Ultrac Vorti+ 295\/30-22 Y"},"content":{"rendered":"<p>Merkki: Vredestein<br \/>\nMalli: Ultrac Vorti+<br \/>\nKoko: 295\/30-22 = 295\/30R22<br \/>\nNopeusluokka: Y<br \/>\nLoad Index (LI): 103<br \/>\nTyyppi: 4&#215;4<br \/>\nKes\u00e4rengas<br \/>\nNasta: Ei<\/p>\n<p>TOIMITUSAIKA: 5-7 P\u00c4IV\u00c4\u00c4<\/p>\n<div class=\"eurengas-container\"><img decoding=\"async\" src=\"https:\/\/eprel.ec.europa.eu\/labels\/tyres\/Label_615255.svg\" alt=\"EU-rengasmerkinn&auml;t\" class=\"eurengas-base\" \/><\/div>\n","protected":false},"excerpt":{"rendered":"<p>Merkki: Vredestein Malli: Ultrac Vorti+ Koko: 295\/30-22 = 295\/30R22 Nopeusluokka: Y Load Index (LI): 103 Tyyppi: 4&#215;4 Kes\u00e4rengas Nasta: Ei TOIMITUSAIKA: 5-7 P\u00c4IV\u00c4\u00c4<\/p>\n","protected":false},"featured_media":437099,"comment_status":"closed","ping_status":"closed","template":"","meta":[],"product_brand":[],"product_cat":[7105,1071,1151,1043],"product_tag":[],"class_list":{"0":"post-743107","1":"product","2":"type-product","3":"status-publish","4":"has-post-thumbnail","6":"product_cat-295-30-22","7":"product_cat-4x4","8":"product_cat-kesa-4x4","9":"product_cat-renkaat","11":"first","12":"instock","13":"sale","14":"taxable","15":"shipping-taxable","16":"purchasable","17":"product-type-simple"},"aioseo_notices":[],"_links":{"self":[{"href":"https:\/\/www.eurovanne.fi\/vanteet\/wp-json\/wp\/v2\/product\/743107","targetHints":{"allow":["GET"]}}],"collection":[{"href":"https:\/\/www.eurovanne.fi\/vanteet\/wp-json\/wp\/v2\/product"}],"about":[{"href":"https:\/\/www.eurovanne.fi\/vanteet\/wp-json\/wp\/v2\/types\/product"}],"replies":[{"embeddable":true,"href":"https:\/\/www.eurovanne.fi\/vanteet\/wp-json\/wp\/v2\/comments?post=743107"}],"wp:featuredmedia":[{"embeddable":true,"href":"https:\/\/www.eurovanne.fi\/vanteet\/wp-json\/wp\/v2\/media\/437099"}],"wp:attachment":[{"href":"https:\/\/www.eurovanne.fi\/vanteet\/wp-json\/wp\/v2\/media?parent=743107"}],"wp:term":[{"taxonomy":"product_brand","embeddable":true,"href":"https:\/\/www.eurovanne.fi\/vanteet\/wp-json\/wp\/v2\/product_brand?post=743107"},{"taxonomy":"product_cat","embeddable":true,"href":"https:\/\/www.eurovanne.fi\/vanteet\/wp-json\/wp\/v2\/product_cat?post=743107"},{"taxonomy":"product_tag","embeddable":true,"href":"https:\/\/www.eurovanne.fi\/vanteet\/wp-json\/wp\/v2\/product_tag?post=743107"}],"curies":[{"name":"wp","href":"https:\/\/api.w.org\/{rel}","templated":true}]}}