{"id":743277,"date":"2025-04-15T20:05:47","date_gmt":"2025-04-15T17:05:47","guid":{"rendered":"https:\/\/www.eurovanne.fi\/vanteet\/verkkokauppa\/vredestein-ultrac-215-60-17-v-2\/"},"modified":"2026-04-21T04:01:08","modified_gmt":"2026-04-21T01:01:08","slug":"vredestein-ultrac-215-60-17-v-2","status":"publish","type":"product","link":"https:\/\/www.eurovanne.fi\/vanteet\/verkkokauppa\/vredestein-ultrac-215-60-17-v-2\/","title":{"rendered":"Vredestein Ultrac 215\/60-17 V"},"content":{"rendered":"<p>Merkki: Vredestein<br \/>\nMalli: Ultrac<br \/>\nKoko: 215\/60-17 = 215\/60R17<br \/>\nNopeusluokka: V<br \/>\nLoad Index (LI): 96<br \/>\nTyyppi: 4&#215;4<br \/>\nKes\u00e4rengas<br \/>\nNasta: Ei<\/p>\n<p>TOIMITUSAIKA: 5-7 P\u00c4IV\u00c4\u00c4<\/p>\n<div class=\"eurengas-container\"><img decoding=\"async\" src=\"https:\/\/eprel.ec.europa.eu\/labels\/tyres\/Label_615508.svg\" alt=\"EU-rengasmerkinn&auml;t\" class=\"eurengas-base\" \/><\/div>\n","protected":false},"excerpt":{"rendered":"<p>Merkki: Vredestein Malli: Ultrac Koko: 215\/60-17 = 215\/60R17 Nopeusluokka: V Load Index (LI): 96 Tyyppi: 4&#215;4 Kes\u00e4rengas Nasta: Ei TOIMITUSAIKA: 5-7 P\u00c4IV\u00c4\u00c4<\/p>\n","protected":false},"featured_media":436987,"comment_status":"closed","ping_status":"closed","template":"","meta":[],"product_brand":[],"product_cat":[7414,1071,1151,1043],"product_tag":[],"class_list":{"0":"post-743277","1":"product","2":"type-product","3":"status-publish","4":"has-post-thumbnail","6":"product_cat-215-60-17-kesa-4x4","7":"product_cat-4x4","8":"product_cat-kesa-4x4","9":"product_cat-renkaat","11":"first","12":"instock","13":"sale","14":"taxable","15":"shipping-taxable","16":"purchasable","17":"product-type-simple"},"aioseo_notices":[],"_links":{"self":[{"href":"https:\/\/www.eurovanne.fi\/vanteet\/wp-json\/wp\/v2\/product\/743277","targetHints":{"allow":["GET"]}}],"collection":[{"href":"https:\/\/www.eurovanne.fi\/vanteet\/wp-json\/wp\/v2\/product"}],"about":[{"href":"https:\/\/www.eurovanne.fi\/vanteet\/wp-json\/wp\/v2\/types\/product"}],"replies":[{"embeddable":true,"href":"https:\/\/www.eurovanne.fi\/vanteet\/wp-json\/wp\/v2\/comments?post=743277"}],"wp:featuredmedia":[{"embeddable":true,"href":"https:\/\/www.eurovanne.fi\/vanteet\/wp-json\/wp\/v2\/media\/436987"}],"wp:attachment":[{"href":"https:\/\/www.eurovanne.fi\/vanteet\/wp-json\/wp\/v2\/media?parent=743277"}],"wp:term":[{"taxonomy":"product_brand","embeddable":true,"href":"https:\/\/www.eurovanne.fi\/vanteet\/wp-json\/wp\/v2\/product_brand?post=743277"},{"taxonomy":"product_cat","embeddable":true,"href":"https:\/\/www.eurovanne.fi\/vanteet\/wp-json\/wp\/v2\/product_cat?post=743277"},{"taxonomy":"product_tag","embeddable":true,"href":"https:\/\/www.eurovanne.fi\/vanteet\/wp-json\/wp\/v2\/product_tag?post=743277"}],"curies":[{"name":"wp","href":"https:\/\/api.w.org\/{rel}","templated":true}]}}