{"id":743285,"date":"2025-04-15T20:05:47","date_gmt":"2025-04-15T17:05:47","guid":{"rendered":"https:\/\/www.eurovanne.fi\/vanteet\/verkkokauppa\/vredestein-ultrac-vorti-255-50-19-y\/"},"modified":"2026-04-21T04:01:13","modified_gmt":"2026-04-21T01:01:13","slug":"vredestein-ultrac-vorti-255-50-19-y","status":"publish","type":"product","link":"https:\/\/www.eurovanne.fi\/vanteet\/verkkokauppa\/vredestein-ultrac-vorti-255-50-19-y\/","title":{"rendered":"Vredestein Ultrac Vorti+ 255\/50-19 Y"},"content":{"rendered":"<p>Merkki: Vredestein<br \/>\nMalli: Ultrac Vorti+<br \/>\nKoko: 255\/50-19 = 255\/50R19<br \/>\nNopeusluokka: Y<br \/>\nLoad Index (LI): 107<br \/>\nTyyppi: 4&#215;4<br \/>\nKes\u00e4rengas<br \/>\nNasta: Ei<\/p>\n<p>TOIMITUSAIKA: 5-7 P\u00c4IV\u00c4\u00c4<\/p>\n<div class=\"eurengas-container\"><img decoding=\"async\" src=\"https:\/\/eprel.ec.europa.eu\/labels\/tyres\/Label_625433.svg\" alt=\"EU-rengasmerkinn&auml;t\" class=\"eurengas-base\" \/><\/div>\n","protected":false},"excerpt":{"rendered":"<p>Merkki: Vredestein Malli: Ultrac Vorti+ Koko: 255\/50-19 = 255\/50R19 Nopeusluokka: Y Load Index (LI): 107 Tyyppi: 4&#215;4 Kes\u00e4rengas Nasta: Ei TOIMITUSAIKA: 5-7 P\u00c4IV\u00c4\u00c4<\/p>\n","protected":false},"featured_media":437099,"comment_status":"closed","ping_status":"closed","template":"","meta":[],"product_brand":[],"product_cat":[7232,1071,1151,1043],"product_tag":[],"class_list":{"0":"post-743285","1":"product","2":"type-product","3":"status-publish","4":"has-post-thumbnail","6":"product_cat-255-50-19-kesa-4x4","7":"product_cat-4x4","8":"product_cat-kesa-4x4","9":"product_cat-renkaat","11":"first","12":"instock","13":"sale","14":"taxable","15":"shipping-taxable","16":"purchasable","17":"product-type-simple"},"aioseo_notices":[],"_links":{"self":[{"href":"https:\/\/www.eurovanne.fi\/vanteet\/wp-json\/wp\/v2\/product\/743285","targetHints":{"allow":["GET"]}}],"collection":[{"href":"https:\/\/www.eurovanne.fi\/vanteet\/wp-json\/wp\/v2\/product"}],"about":[{"href":"https:\/\/www.eurovanne.fi\/vanteet\/wp-json\/wp\/v2\/types\/product"}],"replies":[{"embeddable":true,"href":"https:\/\/www.eurovanne.fi\/vanteet\/wp-json\/wp\/v2\/comments?post=743285"}],"wp:featuredmedia":[{"embeddable":true,"href":"https:\/\/www.eurovanne.fi\/vanteet\/wp-json\/wp\/v2\/media\/437099"}],"wp:attachment":[{"href":"https:\/\/www.eurovanne.fi\/vanteet\/wp-json\/wp\/v2\/media?parent=743285"}],"wp:term":[{"taxonomy":"product_brand","embeddable":true,"href":"https:\/\/www.eurovanne.fi\/vanteet\/wp-json\/wp\/v2\/product_brand?post=743285"},{"taxonomy":"product_cat","embeddable":true,"href":"https:\/\/www.eurovanne.fi\/vanteet\/wp-json\/wp\/v2\/product_cat?post=743285"},{"taxonomy":"product_tag","embeddable":true,"href":"https:\/\/www.eurovanne.fi\/vanteet\/wp-json\/wp\/v2\/product_tag?post=743285"}],"curies":[{"name":"wp","href":"https:\/\/api.w.org\/{rel}","templated":true}]}}