{"id":746604,"date":"2025-04-16T00:43:22","date_gmt":"2025-04-15T21:43:22","guid":{"rendered":"https:\/\/www.eurovanne.fi\/vanteet\/verkkokauppa\/rotalla-rf10-235-70-16-h\/"},"modified":"2026-04-09T04:07:36","modified_gmt":"2026-04-09T01:07:36","slug":"rotalla-rf10-235-70-16-h","status":"publish","type":"product","link":"https:\/\/www.eurovanne.fi\/vanteet\/verkkokauppa\/rotalla-rf10-235-70-16-h\/","title":{"rendered":"Rotalla Rf10 235\/70-16 H"},"content":{"rendered":"<p>Merkki: Rotalla<br \/>\nMalli: Rf10<br \/>\nKoko: 235\/70-16 = 235\/70R16<br \/>\nNopeusluokka: H<br \/>\nLoad Index (LI): 106<br \/>\nTyyppi: 4&#215;4<br \/>\nKes\u00e4rengas<br \/>\nNasta: Ei<\/p>\n<p>TOIMITUSAIKA: 5-7 P\u00c4IV\u00c4\u00c4<\/p>\n<div class=\"eurengas-container\"><\/div>\n","protected":false},"excerpt":{"rendered":"<p>Merkki: Rotalla Malli: Rf10 Koko: 235\/70-16 = 235\/70R16 Nopeusluokka: H Load Index (LI): 106 Tyyppi: 4&#215;4 Kes\u00e4rengas Nasta: Ei TOIMITUSAIKA: 5-7 P\u00c4IV\u00c4\u00c4<\/p>\n","protected":false},"featured_media":285181,"comment_status":"closed","ping_status":"closed","template":"","meta":[],"product_brand":[],"product_cat":[1154,1071,1151,1043],"product_tag":[],"class_list":{"0":"post-746604","1":"product","2":"type-product","3":"status-publish","4":"has-post-thumbnail","6":"product_cat-23570-16","7":"product_cat-4x4","8":"product_cat-kesa-4x4","9":"product_cat-renkaat","11":"first","12":"instock","13":"sale","14":"taxable","15":"shipping-taxable","16":"purchasable","17":"product-type-simple"},"aioseo_notices":[],"_links":{"self":[{"href":"https:\/\/www.eurovanne.fi\/vanteet\/wp-json\/wp\/v2\/product\/746604","targetHints":{"allow":["GET"]}}],"collection":[{"href":"https:\/\/www.eurovanne.fi\/vanteet\/wp-json\/wp\/v2\/product"}],"about":[{"href":"https:\/\/www.eurovanne.fi\/vanteet\/wp-json\/wp\/v2\/types\/product"}],"replies":[{"embeddable":true,"href":"https:\/\/www.eurovanne.fi\/vanteet\/wp-json\/wp\/v2\/comments?post=746604"}],"wp:featuredmedia":[{"embeddable":true,"href":"https:\/\/www.eurovanne.fi\/vanteet\/wp-json\/wp\/v2\/media\/285181"}],"wp:attachment":[{"href":"https:\/\/www.eurovanne.fi\/vanteet\/wp-json\/wp\/v2\/media?parent=746604"}],"wp:term":[{"taxonomy":"product_brand","embeddable":true,"href":"https:\/\/www.eurovanne.fi\/vanteet\/wp-json\/wp\/v2\/product_brand?post=746604"},{"taxonomy":"product_cat","embeddable":true,"href":"https:\/\/www.eurovanne.fi\/vanteet\/wp-json\/wp\/v2\/product_cat?post=746604"},{"taxonomy":"product_tag","embeddable":true,"href":"https:\/\/www.eurovanne.fi\/vanteet\/wp-json\/wp\/v2\/product_tag?post=746604"}],"curies":[{"name":"wp","href":"https:\/\/api.w.org\/{rel}","templated":true}]}}