{"id":747490,"date":"2025-04-16T01:51:56","date_gmt":"2025-04-15T22:51:56","guid":{"rendered":"https:\/\/www.eurovanne.fi\/vanteet\/verkkokauppa\/momo-tires-toprun-m30-made-by-hankook-hungary-255-50-20-y\/"},"modified":"2026-04-08T04:45:01","modified_gmt":"2026-04-08T01:45:01","slug":"momo-tires-toprun-m30-made-by-hankook-hungary-255-50-20-y","status":"publish","type":"product","link":"https:\/\/www.eurovanne.fi\/vanteet\/verkkokauppa\/momo-tires-toprun-m30-made-by-hankook-hungary-255-50-20-y\/","title":{"rendered":"Momo Tires Toprun M30 (Made by Hankook Hungary) 255\/50-20 Y"},"content":{"rendered":"<p>Merkki: Momo Tires<br \/>\nMalli: Toprun M30 (Made by Hankook Hungary)<br \/>\nKoko: 255\/50-20 = 255\/50R20<br \/>\nNopeusluokka: Y<br \/>\nLoad Index (LI): 109 XL<br \/>\nTyyppi: Henkil\u00f6auto<br \/>\nKes\u00e4rengas<br \/>\nNasta: Ei<\/p>\n<p>TOIMITUSAIKA: 5-7 P\u00c4IV\u00c4\u00c4<\/p>\n<div class=\"eurengas-container\"><\/div>\n","protected":false},"excerpt":{"rendered":"<p>Merkki: Momo Tires Malli: Toprun M30 (Made by Hankook Hungary) Koko: 255\/50-20 = 255\/50R20 Nopeusluokka: Y Load Index (LI): 109 XL Tyyppi: Henkil\u00f6auto Kes\u00e4rengas Nasta: Ei TOIMITUSAIKA: 5-7 P\u00c4IV\u00c4\u00c4<\/p>\n","protected":false},"featured_media":365881,"comment_status":"closed","ping_status":"closed","template":"","meta":[],"product_brand":[],"product_cat":[1965,1051,1074,1043],"product_tag":[],"class_list":{"0":"post-747490","1":"product","2":"type-product","3":"status-publish","4":"has-post-thumbnail","6":"product_cat-25550-20-kesa-henkiloauto","7":"product_cat-henkiloauto","8":"product_cat-kesa-henkiloauto","9":"product_cat-renkaat","11":"first","12":"instock","13":"sale","14":"taxable","15":"shipping-taxable","16":"purchasable","17":"product-type-simple"},"aioseo_notices":[],"_links":{"self":[{"href":"https:\/\/www.eurovanne.fi\/vanteet\/wp-json\/wp\/v2\/product\/747490","targetHints":{"allow":["GET"]}}],"collection":[{"href":"https:\/\/www.eurovanne.fi\/vanteet\/wp-json\/wp\/v2\/product"}],"about":[{"href":"https:\/\/www.eurovanne.fi\/vanteet\/wp-json\/wp\/v2\/types\/product"}],"replies":[{"embeddable":true,"href":"https:\/\/www.eurovanne.fi\/vanteet\/wp-json\/wp\/v2\/comments?post=747490"}],"wp:featuredmedia":[{"embeddable":true,"href":"https:\/\/www.eurovanne.fi\/vanteet\/wp-json\/wp\/v2\/media\/365881"}],"wp:attachment":[{"href":"https:\/\/www.eurovanne.fi\/vanteet\/wp-json\/wp\/v2\/media?parent=747490"}],"wp:term":[{"taxonomy":"product_brand","embeddable":true,"href":"https:\/\/www.eurovanne.fi\/vanteet\/wp-json\/wp\/v2\/product_brand?post=747490"},{"taxonomy":"product_cat","embeddable":true,"href":"https:\/\/www.eurovanne.fi\/vanteet\/wp-json\/wp\/v2\/product_cat?post=747490"},{"taxonomy":"product_tag","embeddable":true,"href":"https:\/\/www.eurovanne.fi\/vanteet\/wp-json\/wp\/v2\/product_tag?post=747490"}],"curies":[{"name":"wp","href":"https:\/\/api.w.org\/{rel}","templated":true}]}}