{"id":750480,"date":"2025-04-16T11:21:18","date_gmt":"2025-04-16T08:21:18","guid":{"rendered":"https:\/\/www.eurovanne.fi\/vanteet\/verkkokauppa\/pirelli-carrier-215-60-17c-t\/"},"modified":"2026-05-05T04:12:59","modified_gmt":"2026-05-05T01:12:59","slug":"pirelli-carrier-215-60-17c-t","status":"publish","type":"product","link":"https:\/\/www.eurovanne.fi\/vanteet\/verkkokauppa\/pirelli-carrier-215-60-17c-t\/","title":{"rendered":"Pirelli Carrier\u2122 215\/60-17C T"},"content":{"rendered":"<p>Merkki: Pirelli<br \/>\nMalli: Carrier\u2122<br \/>\nKoko: 215\/60-17C = 215\/60R17C<br \/>\nNopeusluokka: T<br \/>\nLoad Index (LI): 109\/104<br \/>\nTyyppi: Pakettiauto<br \/>\nKes\u00e4rengas<br \/>\nNasta: Ei<\/p>\n<p>TOIMITUSAIKA: 5-7 P\u00c4IV\u00c4\u00c4<\/p>\n<div class=\"eurengas-container\"><\/div>\n","protected":false},"excerpt":{"rendered":"<p>Merkki: Pirelli Malli: Carrier\u2122 Koko: 215\/60-17C = 215\/60R17C Nopeusluokka: T Load Index (LI): 109\/104 Tyyppi: Pakettiauto Kes\u00e4rengas Nasta: Ei TOIMITUSAIKA: 5-7 P\u00c4IV\u00c4\u00c4<\/p>\n","protected":false},"featured_media":284065,"comment_status":"closed","ping_status":"closed","template":"","meta":[],"product_brand":[],"product_cat":[6516,1148,1147,1043],"product_tag":[],"class_list":{"0":"post-750480","1":"product","2":"type-product","3":"status-publish","4":"has-post-thumbnail","6":"product_cat-215-60-17c-kesa-pakettiauto","7":"product_cat-kesa-pakettiauto","8":"product_cat-pakettiauto","9":"product_cat-renkaat","11":"first","12":"instock","13":"sale","14":"taxable","15":"shipping-taxable","16":"purchasable","17":"product-type-simple"},"aioseo_notices":[],"_links":{"self":[{"href":"https:\/\/www.eurovanne.fi\/vanteet\/wp-json\/wp\/v2\/product\/750480","targetHints":{"allow":["GET"]}}],"collection":[{"href":"https:\/\/www.eurovanne.fi\/vanteet\/wp-json\/wp\/v2\/product"}],"about":[{"href":"https:\/\/www.eurovanne.fi\/vanteet\/wp-json\/wp\/v2\/types\/product"}],"replies":[{"embeddable":true,"href":"https:\/\/www.eurovanne.fi\/vanteet\/wp-json\/wp\/v2\/comments?post=750480"}],"wp:featuredmedia":[{"embeddable":true,"href":"https:\/\/www.eurovanne.fi\/vanteet\/wp-json\/wp\/v2\/media\/284065"}],"wp:attachment":[{"href":"https:\/\/www.eurovanne.fi\/vanteet\/wp-json\/wp\/v2\/media?parent=750480"}],"wp:term":[{"taxonomy":"product_brand","embeddable":true,"href":"https:\/\/www.eurovanne.fi\/vanteet\/wp-json\/wp\/v2\/product_brand?post=750480"},{"taxonomy":"product_cat","embeddable":true,"href":"https:\/\/www.eurovanne.fi\/vanteet\/wp-json\/wp\/v2\/product_cat?post=750480"},{"taxonomy":"product_tag","embeddable":true,"href":"https:\/\/www.eurovanne.fi\/vanteet\/wp-json\/wp\/v2\/product_tag?post=750480"}],"curies":[{"name":"wp","href":"https:\/\/api.w.org\/{rel}","templated":true}]}}