{"id":755922,"date":"2025-05-07T04:04:39","date_gmt":"2025-05-07T01:04:39","guid":{"rendered":"https:\/\/www.eurovanne.fi\/vanteet\/verkkokauppa\/trazano-mud-legend-sl366-m-t-35-12-5-17-q\/"},"modified":"2026-04-09T04:22:42","modified_gmt":"2026-04-09T01:22:42","slug":"trazano-mud-legend-sl366-m-t-35-12-5-17-q","status":"publish","type":"product","link":"https:\/\/www.eurovanne.fi\/vanteet\/verkkokauppa\/trazano-mud-legend-sl366-m-t-35-12-5-17-q\/","title":{"rendered":"Trazano MUD LEGEND SL366 M\/T 35\/12.5-17 Q"},"content":{"rendered":"<p>Merkki: Trazano<br \/>\nMalli: MUD LEGEND SL366 M\/T<br \/>\nKoko: 35\/12.5-17 = 35\/12.5R17<br \/>\nNopeusluokka: Q<br \/>\nLoad Index (LI): 121<br \/>\nTyyppi: 4&#215;4<br \/>\nKes\u00e4rengas<br \/>\nNasta: Ei<\/p>\n<p>TOIMITUSAIKA: 5-7 P\u00c4IV\u00c4\u00c4<\/p>\n<div class=\"eurengas-container\"><\/div>\n","protected":false},"excerpt":{"rendered":"<p>Merkki: Trazano Malli: MUD LEGEND SL366 M\/T Koko: 35\/12.5-17 = 35\/12.5R17 Nopeusluokka: Q Load Index (LI): 121 Tyyppi: 4&#215;4 Kes\u00e4rengas Nasta: Ei TOIMITUSAIKA: 5-7 P\u00c4IV\u00c4\u00c4<\/p>\n","protected":false},"featured_media":510167,"comment_status":"closed","ping_status":"closed","template":"","meta":[],"product_brand":[],"product_cat":[8400,1071,1151,1043],"product_tag":[],"class_list":{"0":"post-755922","1":"product","2":"type-product","3":"status-publish","4":"has-post-thumbnail","6":"product_cat-35-12-5-17","7":"product_cat-4x4","8":"product_cat-kesa-4x4","9":"product_cat-renkaat","11":"first","12":"instock","13":"sale","14":"taxable","15":"shipping-taxable","16":"purchasable","17":"product-type-simple"},"aioseo_notices":[],"_links":{"self":[{"href":"https:\/\/www.eurovanne.fi\/vanteet\/wp-json\/wp\/v2\/product\/755922","targetHints":{"allow":["GET"]}}],"collection":[{"href":"https:\/\/www.eurovanne.fi\/vanteet\/wp-json\/wp\/v2\/product"}],"about":[{"href":"https:\/\/www.eurovanne.fi\/vanteet\/wp-json\/wp\/v2\/types\/product"}],"replies":[{"embeddable":true,"href":"https:\/\/www.eurovanne.fi\/vanteet\/wp-json\/wp\/v2\/comments?post=755922"}],"wp:featuredmedia":[{"embeddable":true,"href":"https:\/\/www.eurovanne.fi\/vanteet\/wp-json\/wp\/v2\/media\/510167"}],"wp:attachment":[{"href":"https:\/\/www.eurovanne.fi\/vanteet\/wp-json\/wp\/v2\/media?parent=755922"}],"wp:term":[{"taxonomy":"product_brand","embeddable":true,"href":"https:\/\/www.eurovanne.fi\/vanteet\/wp-json\/wp\/v2\/product_brand?post=755922"},{"taxonomy":"product_cat","embeddable":true,"href":"https:\/\/www.eurovanne.fi\/vanteet\/wp-json\/wp\/v2\/product_cat?post=755922"},{"taxonomy":"product_tag","embeddable":true,"href":"https:\/\/www.eurovanne.fi\/vanteet\/wp-json\/wp\/v2\/product_tag?post=755922"}],"curies":[{"name":"wp","href":"https:\/\/api.w.org\/{rel}","templated":true}]}}