{"id":761995,"date":"2025-06-12T04:11:42","date_gmt":"2025-06-12T01:11:42","guid":{"rendered":"https:\/\/www.eurovanne.fi\/vanteet\/verkkokauppa\/pirelli-winter-ice-zero-fr-dot2022-215-60-16-h\/"},"modified":"2026-05-05T04:14:29","modified_gmt":"2026-05-05T01:14:29","slug":"pirelli-winter-ice-zero-fr-dot2022-215-60-16-h","status":"publish","type":"product","link":"https:\/\/www.eurovanne.fi\/vanteet\/verkkokauppa\/pirelli-winter-ice-zero-fr-dot2022-215-60-16-h\/","title":{"rendered":"Pirelli WINTER ICE ZERO FR DOT2022 215\/60-16 H"},"content":{"rendered":"<p>Merkki: Pirelli<br \/>\nMalli: WINTER ICE ZERO FR DOT2022<br \/>\nKoko: 215\/60-16 = 215\/60R16<br \/>\nNopeusluokka: H<br \/>\nLoad Index (LI): 99 XL<br \/>\nTyyppi: Henkil\u00f6auto<br \/>\nTalvirengas<br \/>\nNasta: Ei<\/p>\n<p>TOIMITUSAIKA: 5-7 P\u00c4IV\u00c4\u00c4<\/p>\n<p>3PMSF-merkint&auml;: Kyll&auml;<br \/>J&auml;&auml;pitomerkint&auml;: Kyll&auml;<\/p>\n<div class=\"eurengas-container\"><\/div>\n","protected":false},"excerpt":{"rendered":"<p>Merkki: Pirelli Malli: WINTER ICE ZERO FR DOT2022 Koko: 215\/60-16 = 215\/60R16 Nopeusluokka: H Load Index (LI): 99 XL Tyyppi: Henkil\u00f6auto Talvirengas Nasta: Ei TOIMITUSAIKA: 5-7 P\u00c4IV\u00c4\u00c4 3PMSF-merkint&auml;: Kyll&auml;J&auml;&auml;pitomerkint&auml;: Kyll&auml;<\/p>\n","protected":false},"featured_media":0,"comment_status":"closed","ping_status":"closed","template":"","meta":[],"product_brand":[],"product_cat":[1061,1051,1043,1052],"product_tag":[],"class_list":{"0":"post-761995","1":"product","2":"type-product","3":"status-publish","5":"product_cat-21560-16","6":"product_cat-henkiloauto","7":"product_cat-renkaat","8":"product_cat-talvi","10":"first","11":"instock","12":"sale","13":"taxable","14":"shipping-taxable","15":"purchasable","16":"product-type-simple"},"aioseo_notices":[],"_links":{"self":[{"href":"https:\/\/www.eurovanne.fi\/vanteet\/wp-json\/wp\/v2\/product\/761995","targetHints":{"allow":["GET"]}}],"collection":[{"href":"https:\/\/www.eurovanne.fi\/vanteet\/wp-json\/wp\/v2\/product"}],"about":[{"href":"https:\/\/www.eurovanne.fi\/vanteet\/wp-json\/wp\/v2\/types\/product"}],"replies":[{"embeddable":true,"href":"https:\/\/www.eurovanne.fi\/vanteet\/wp-json\/wp\/v2\/comments?post=761995"}],"wp:attachment":[{"href":"https:\/\/www.eurovanne.fi\/vanteet\/wp-json\/wp\/v2\/media?parent=761995"}],"wp:term":[{"taxonomy":"product_brand","embeddable":true,"href":"https:\/\/www.eurovanne.fi\/vanteet\/wp-json\/wp\/v2\/product_brand?post=761995"},{"taxonomy":"product_cat","embeddable":true,"href":"https:\/\/www.eurovanne.fi\/vanteet\/wp-json\/wp\/v2\/product_cat?post=761995"},{"taxonomy":"product_tag","embeddable":true,"href":"https:\/\/www.eurovanne.fi\/vanteet\/wp-json\/wp\/v2\/product_tag?post=761995"}],"curies":[{"name":"wp","href":"https:\/\/api.w.org\/{rel}","templated":true}]}}