{"id":763244,"date":"2025-06-27T04:00:04","date_gmt":"2025-06-27T01:00:04","guid":{"rendered":"https:\/\/www.eurovanne.fi\/vanteet\/verkkokauppa\/momo-tires-toprun-m30-made-by-hankook-hungary-215-50-17-w\/"},"modified":"2026-04-08T04:07:52","modified_gmt":"2026-04-08T01:07:52","slug":"momo-tires-toprun-m30-made-by-hankook-hungary-215-50-17-w","status":"publish","type":"product","link":"https:\/\/www.eurovanne.fi\/vanteet\/verkkokauppa\/momo-tires-toprun-m30-made-by-hankook-hungary-215-50-17-w\/","title":{"rendered":"Momo Tires Toprun M30 (Made by Hankook Hungary) 215\/50-17 W"},"content":{"rendered":"<p>Merkki: Momo Tires<br \/>\nMalli: Toprun M30 (Made by Hankook Hungary)<br \/>\nKoko: 215\/50-17 = 215\/50R17<br \/>\nNopeusluokka: W<br \/>\nLoad Index (LI): 95<br \/>\nTyyppi: Henkil\u00f6auto<br \/>\nKes\u00e4rengas<br \/>\nNasta: Ei<\/p>\n<p>TOIMITUSAIKA: 5-7 P\u00c4IV\u00c4\u00c4<\/p>\n<div class=\"eurengas-container\"><\/div>\n","protected":false},"excerpt":{"rendered":"<p>Merkki: Momo Tires Malli: Toprun M30 (Made by Hankook Hungary) Koko: 215\/50-17 = 215\/50R17 Nopeusluokka: W Load Index (LI): 95 Tyyppi: Henkil\u00f6auto Kes\u00e4rengas Nasta: Ei TOIMITUSAIKA: 5-7 P\u00c4IV\u00c4\u00c4<\/p>\n","protected":false},"featured_media":365881,"comment_status":"closed","ping_status":"closed","template":"","meta":[],"product_brand":[],"product_cat":[1083,1051,1074,1043],"product_tag":[],"class_list":{"0":"post-763244","1":"product","2":"type-product","3":"status-publish","4":"has-post-thumbnail","6":"product_cat-21550-17","7":"product_cat-henkiloauto","8":"product_cat-kesa-henkiloauto","9":"product_cat-renkaat","11":"first","12":"instock","13":"sale","14":"taxable","15":"shipping-taxable","16":"purchasable","17":"product-type-simple"},"aioseo_notices":[],"_links":{"self":[{"href":"https:\/\/www.eurovanne.fi\/vanteet\/wp-json\/wp\/v2\/product\/763244","targetHints":{"allow":["GET"]}}],"collection":[{"href":"https:\/\/www.eurovanne.fi\/vanteet\/wp-json\/wp\/v2\/product"}],"about":[{"href":"https:\/\/www.eurovanne.fi\/vanteet\/wp-json\/wp\/v2\/types\/product"}],"replies":[{"embeddable":true,"href":"https:\/\/www.eurovanne.fi\/vanteet\/wp-json\/wp\/v2\/comments?post=763244"}],"wp:featuredmedia":[{"embeddable":true,"href":"https:\/\/www.eurovanne.fi\/vanteet\/wp-json\/wp\/v2\/media\/365881"}],"wp:attachment":[{"href":"https:\/\/www.eurovanne.fi\/vanteet\/wp-json\/wp\/v2\/media?parent=763244"}],"wp:term":[{"taxonomy":"product_brand","embeddable":true,"href":"https:\/\/www.eurovanne.fi\/vanteet\/wp-json\/wp\/v2\/product_brand?post=763244"},{"taxonomy":"product_cat","embeddable":true,"href":"https:\/\/www.eurovanne.fi\/vanteet\/wp-json\/wp\/v2\/product_cat?post=763244"},{"taxonomy":"product_tag","embeddable":true,"href":"https:\/\/www.eurovanne.fi\/vanteet\/wp-json\/wp\/v2\/product_tag?post=763244"}],"curies":[{"name":"wp","href":"https:\/\/api.w.org\/{rel}","templated":true}]}}