{"id":764149,"date":"2025-07-01T04:34:03","date_gmt":"2025-07-01T01:34:03","guid":{"rendered":"https:\/\/www.eurovanne.fi\/vanteet\/verkkokauppa\/landsail-ice-star-is33-205-70-15-t\/"},"modified":"2026-04-01T16:47:35","modified_gmt":"2026-04-01T13:47:35","slug":"landsail-ice-star-is33-205-70-15-t","status":"publish","type":"product","link":"https:\/\/www.eurovanne.fi\/vanteet\/verkkokauppa\/landsail-ice-star-is33-205-70-15-t\/","title":{"rendered":"Landsail ice STAR iS33 205\/70-15 T"},"content":{"rendered":"<p>Merkki: Landsail<br \/>\nMalli: ice STAR iS33<br \/>\nKoko: 205\/70-15 = 205\/70R15<br \/>\nNopeusluokka: T<br \/>\nLoad Index (LI): 100<br \/>\nTyyppi: 4&#215;4<br \/>\nTalvirengas<br \/>\nNasta: Kyll\u00e4<\/p>\n<p>TOIMITUSAIKA: 5-7 P\u00c4IV\u00c4\u00c4<\/p>\n<p>3PMSF-merkint&auml;: Kyll&auml;<br \/>J&auml;&auml;pitomerkint&auml;: Kyll&auml;<\/p>\n<div class=\"eurengas-container\"><\/div>\n","protected":false},"excerpt":{"rendered":"<p>Merkki: Landsail Malli: ice STAR iS33 Koko: 205\/70-15 = 205\/70R15 Nopeusluokka: T Load Index (LI): 100 Tyyppi: 4&#215;4 Talvirengas Nasta: Kyll\u00e4 TOIMITUSAIKA: 5-7 P\u00c4IV\u00c4\u00c4 3PMSF-merkint&auml;: Kyll&auml;J&auml;&auml;pitomerkint&auml;: Kyll&auml;<\/p>\n","protected":false},"featured_media":284083,"comment_status":"closed","ping_status":"closed","template":"","meta":[],"product_brand":[],"product_cat":[8799,1071,1043,1072],"product_tag":[],"class_list":{"0":"post-764149","1":"product","2":"type-product","3":"status-publish","4":"has-post-thumbnail","6":"product_cat-205-70-15-talvi-4x4","7":"product_cat-4x4","8":"product_cat-renkaat","9":"product_cat-talvi-4x4","11":"first","12":"instock","13":"sale","14":"taxable","15":"shipping-taxable","16":"purchasable","17":"product-type-simple"},"aioseo_notices":[],"_links":{"self":[{"href":"https:\/\/www.eurovanne.fi\/vanteet\/wp-json\/wp\/v2\/product\/764149","targetHints":{"allow":["GET"]}}],"collection":[{"href":"https:\/\/www.eurovanne.fi\/vanteet\/wp-json\/wp\/v2\/product"}],"about":[{"href":"https:\/\/www.eurovanne.fi\/vanteet\/wp-json\/wp\/v2\/types\/product"}],"replies":[{"embeddable":true,"href":"https:\/\/www.eurovanne.fi\/vanteet\/wp-json\/wp\/v2\/comments?post=764149"}],"wp:featuredmedia":[{"embeddable":true,"href":"https:\/\/www.eurovanne.fi\/vanteet\/wp-json\/wp\/v2\/media\/284083"}],"wp:attachment":[{"href":"https:\/\/www.eurovanne.fi\/vanteet\/wp-json\/wp\/v2\/media?parent=764149"}],"wp:term":[{"taxonomy":"product_brand","embeddable":true,"href":"https:\/\/www.eurovanne.fi\/vanteet\/wp-json\/wp\/v2\/product_brand?post=764149"},{"taxonomy":"product_cat","embeddable":true,"href":"https:\/\/www.eurovanne.fi\/vanteet\/wp-json\/wp\/v2\/product_cat?post=764149"},{"taxonomy":"product_tag","embeddable":true,"href":"https:\/\/www.eurovanne.fi\/vanteet\/wp-json\/wp\/v2\/product_tag?post=764149"}],"curies":[{"name":"wp","href":"https:\/\/api.w.org\/{rel}","templated":true}]}}