{"id":778016,"date":"2025-08-29T02:03:00","date_gmt":"2025-08-28T23:03:00","guid":{"rendered":"https:\/\/www.eurovanne.fi\/vanteet\/verkkokauppa\/jack-wheeler-perakarryn-rengas-terasvanteella-14-195-80-14c-n\/"},"modified":"2026-04-21T02:42:17","modified_gmt":"2026-04-20T23:42:17","slug":"jack-wheeler-perakarryn-rengas-terasvanteella-14-195-80-14c-n","status":"publish","type":"product","link":"https:\/\/www.eurovanne.fi\/vanteet\/verkkokauppa\/jack-wheeler-perakarryn-rengas-terasvanteella-14-195-80-14c-n\/","title":{"rendered":"Jack Wheeler Per\u00e4k\u00e4rryn rengas ter\u00e4svanteella 14&#8243; 195\/80-14C N"},"content":{"rendered":"<p>Merkki: Jack Wheeler<br \/>\nMalli: Per\u00e4k\u00e4rryn rengas ter\u00e4svanteella 14&#8243;<br \/>\nKoko: 195\/80-14C<br \/>\nNopeusluokka: N<br \/>\nLoad Index (LI): 106<br \/>\nTyyppi: Pakettiauto<br \/>\nKes\u00e4rengas<br \/>\nNasta: Ei<\/p>\n<div class=\"eurengas-container\"><\/div>\n","protected":false},"excerpt":{"rendered":"<p>Merkki: Jack Wheeler Malli: Per\u00e4k\u00e4rryn rengas ter\u00e4svanteella 14&#8243; Koko: 195\/80-14C Nopeusluokka: N Load Index (LI): 106 Tyyppi: Pakettiauto Kes\u00e4rengas Nasta: Ei<\/p>\n","protected":false},"featured_media":338544,"comment_status":"closed","ping_status":"closed","template":"","meta":[],"product_brand":[],"product_cat":[5902,1148,1147,1043],"product_tag":[],"class_list":{"0":"post-778016","1":"product","2":"type-product","3":"status-publish","4":"has-post-thumbnail","6":"product_cat-195-80-14c","7":"product_cat-kesa-pakettiauto","8":"product_cat-pakettiauto","9":"product_cat-renkaat","11":"first","12":"instock","13":"sale","14":"taxable","15":"shipping-taxable","16":"purchasable","17":"product-type-simple"},"aioseo_notices":[],"_links":{"self":[{"href":"https:\/\/www.eurovanne.fi\/vanteet\/wp-json\/wp\/v2\/product\/778016","targetHints":{"allow":["GET"]}}],"collection":[{"href":"https:\/\/www.eurovanne.fi\/vanteet\/wp-json\/wp\/v2\/product"}],"about":[{"href":"https:\/\/www.eurovanne.fi\/vanteet\/wp-json\/wp\/v2\/types\/product"}],"replies":[{"embeddable":true,"href":"https:\/\/www.eurovanne.fi\/vanteet\/wp-json\/wp\/v2\/comments?post=778016"}],"wp:featuredmedia":[{"embeddable":true,"href":"https:\/\/www.eurovanne.fi\/vanteet\/wp-json\/wp\/v2\/media\/338544"}],"wp:attachment":[{"href":"https:\/\/www.eurovanne.fi\/vanteet\/wp-json\/wp\/v2\/media?parent=778016"}],"wp:term":[{"taxonomy":"product_brand","embeddable":true,"href":"https:\/\/www.eurovanne.fi\/vanteet\/wp-json\/wp\/v2\/product_brand?post=778016"},{"taxonomy":"product_cat","embeddable":true,"href":"https:\/\/www.eurovanne.fi\/vanteet\/wp-json\/wp\/v2\/product_cat?post=778016"},{"taxonomy":"product_tag","embeddable":true,"href":"https:\/\/www.eurovanne.fi\/vanteet\/wp-json\/wp\/v2\/product_tag?post=778016"}],"curies":[{"name":"wp","href":"https:\/\/api.w.org\/{rel}","templated":true}]}}