{"id":800660,"date":"2025-10-15T04:02:20","date_gmt":"2025-10-15T01:02:20","guid":{"rendered":"https:\/\/www.eurovanne.fi\/vanteet\/verkkokauppa\/yokohama-ig65-255-55-19-t\/"},"modified":"2026-05-07T04:02:31","modified_gmt":"2026-05-07T01:02:31","slug":"yokohama-ig65-255-55-19-t","status":"publish","type":"product","link":"https:\/\/www.eurovanne.fi\/vanteet\/verkkokauppa\/yokohama-ig65-255-55-19-t\/","title":{"rendered":"YOKOHAMA Ig65 255\/55-19 T"},"content":{"rendered":"<p>Merkki: YOKOHAMA<br \/>\nMalli: Ig65<br \/>\nKoko: 255\/55-19 = 255\/55R19<br \/>\nNopeusluokka: T<br \/>\nLoad Index (LI): 111<br \/>\nTyyppi: 4&#215;4<br \/>\nTalvirengas<br \/>\nNasta: Kyll\u00e4<\/p>\n<p>TOIMITUSAIKA: 5-7 P\u00c4IV\u00c4\u00c4<\/p>\n<p>3PMSF-merkint&auml;: Kyll&auml;<br \/>J&auml;&auml;pitomerkint&auml;: Kyll&auml;<\/p>\n<div class=\"eurengas-container\"><\/div>\n","protected":false},"excerpt":{"rendered":"<p>Merkki: YOKOHAMA Malli: Ig65 Koko: 255\/55-19 = 255\/55R19 Nopeusluokka: T Load Index (LI): 111 Tyyppi: 4&#215;4 Talvirengas Nasta: Kyll\u00e4 TOIMITUSAIKA: 5-7 P\u00c4IV\u00c4\u00c4 3PMSF-merkint&auml;: Kyll&auml;J&auml;&auml;pitomerkint&auml;: Kyll&auml;<\/p>\n","protected":false},"featured_media":283880,"comment_status":"closed","ping_status":"closed","template":"","meta":[],"product_brand":[],"product_cat":[8515,1071,1043,1072],"product_tag":[],"class_list":{"0":"post-800660","1":"product","2":"type-product","3":"status-publish","4":"has-post-thumbnail","6":"product_cat-255-55-19-talvi-4x4","7":"product_cat-4x4","8":"product_cat-renkaat","9":"product_cat-talvi-4x4","11":"first","12":"instock","13":"sale","14":"taxable","15":"shipping-taxable","16":"purchasable","17":"product-type-simple"},"aioseo_notices":[],"_links":{"self":[{"href":"https:\/\/www.eurovanne.fi\/vanteet\/wp-json\/wp\/v2\/product\/800660","targetHints":{"allow":["GET"]}}],"collection":[{"href":"https:\/\/www.eurovanne.fi\/vanteet\/wp-json\/wp\/v2\/product"}],"about":[{"href":"https:\/\/www.eurovanne.fi\/vanteet\/wp-json\/wp\/v2\/types\/product"}],"replies":[{"embeddable":true,"href":"https:\/\/www.eurovanne.fi\/vanteet\/wp-json\/wp\/v2\/comments?post=800660"}],"wp:featuredmedia":[{"embeddable":true,"href":"https:\/\/www.eurovanne.fi\/vanteet\/wp-json\/wp\/v2\/media\/283880"}],"wp:attachment":[{"href":"https:\/\/www.eurovanne.fi\/vanteet\/wp-json\/wp\/v2\/media?parent=800660"}],"wp:term":[{"taxonomy":"product_brand","embeddable":true,"href":"https:\/\/www.eurovanne.fi\/vanteet\/wp-json\/wp\/v2\/product_brand?post=800660"},{"taxonomy":"product_cat","embeddable":true,"href":"https:\/\/www.eurovanne.fi\/vanteet\/wp-json\/wp\/v2\/product_cat?post=800660"},{"taxonomy":"product_tag","embeddable":true,"href":"https:\/\/www.eurovanne.fi\/vanteet\/wp-json\/wp\/v2\/product_tag?post=800660"}],"curies":[{"name":"wp","href":"https:\/\/api.w.org\/{rel}","templated":true}]}}