{"id":806021,"date":"2025-11-25T10:28:24","date_gmt":"2025-11-25T08:28:24","guid":{"rendered":"https:\/\/www.eurovanne.fi\/vanteet\/verkkokauppa\/goodride-west-lake-sw612-205-65-16-t\/"},"modified":"2026-04-01T16:08:40","modified_gmt":"2026-04-01T13:08:40","slug":"goodride-west-lake-sw612-205-65-16-t","status":"publish","type":"product","link":"https:\/\/www.eurovanne.fi\/vanteet\/verkkokauppa\/goodride-west-lake-sw612-205-65-16-t\/","title":{"rendered":"GOODRIDE West Lake Sw612 205\/65-16 T"},"content":{"rendered":"<p>Merkki: GOODRIDE<br \/>\nMalli: West Lake Sw612<br \/>\nKoko: 205\/65-16 = 205\/65R16<br \/>\nNopeusluokka: T<br \/>\nLoad Index (LI): 107\/105<br \/>\nTyyppi: Pakettiauto<br \/>\nTalvirengas<br \/>\nNasta: Ei<\/p>\n<p>TOIMITUSAIKA: 5-7 P\u00c4IV\u00c4\u00c4<\/p>\n<p>3PMSF-merkint&auml;: Kyll&auml;<\/p>\n<div class=\"eurengas-container\"><img decoding=\"async\" src=\"https:\/\/eprel.ec.europa.eu\/labels\/tyres\/Label_459421.svg\" alt=\"EU-rengasmerkinn&auml;t\" class=\"eurengas-base\" \/><\/div>\n","protected":false},"excerpt":{"rendered":"<p>Merkki: GOODRIDE Malli: West Lake Sw612 Koko: 205\/65-16 = 205\/65R16 Nopeusluokka: T Load Index (LI): 107\/105 Tyyppi: Pakettiauto Talvirengas Nasta: Ei TOIMITUSAIKA: 5-7 P\u00c4IV\u00c4\u00c4 3PMSF-merkint&auml;: Kyll&auml;<\/p>\n","protected":false},"featured_media":283977,"comment_status":"closed","ping_status":"closed","template":"","meta":[],"product_brand":[],"product_cat":[7073,1147,1043,1302],"product_tag":[],"class_list":{"0":"post-806021","1":"product","2":"type-product","3":"status-publish","4":"has-post-thumbnail","6":"product_cat-205-65-16","7":"product_cat-pakettiauto","8":"product_cat-renkaat","9":"product_cat-talvi-pakettiauto","11":"first","12":"instock","13":"sale","14":"taxable","15":"shipping-taxable","16":"purchasable","17":"product-type-simple"},"aioseo_notices":[],"_links":{"self":[{"href":"https:\/\/www.eurovanne.fi\/vanteet\/wp-json\/wp\/v2\/product\/806021","targetHints":{"allow":["GET"]}}],"collection":[{"href":"https:\/\/www.eurovanne.fi\/vanteet\/wp-json\/wp\/v2\/product"}],"about":[{"href":"https:\/\/www.eurovanne.fi\/vanteet\/wp-json\/wp\/v2\/types\/product"}],"replies":[{"embeddable":true,"href":"https:\/\/www.eurovanne.fi\/vanteet\/wp-json\/wp\/v2\/comments?post=806021"}],"wp:featuredmedia":[{"embeddable":true,"href":"https:\/\/www.eurovanne.fi\/vanteet\/wp-json\/wp\/v2\/media\/283977"}],"wp:attachment":[{"href":"https:\/\/www.eurovanne.fi\/vanteet\/wp-json\/wp\/v2\/media?parent=806021"}],"wp:term":[{"taxonomy":"product_brand","embeddable":true,"href":"https:\/\/www.eurovanne.fi\/vanteet\/wp-json\/wp\/v2\/product_brand?post=806021"},{"taxonomy":"product_cat","embeddable":true,"href":"https:\/\/www.eurovanne.fi\/vanteet\/wp-json\/wp\/v2\/product_cat?post=806021"},{"taxonomy":"product_tag","embeddable":true,"href":"https:\/\/www.eurovanne.fi\/vanteet\/wp-json\/wp\/v2\/product_tag?post=806021"}],"curies":[{"name":"wp","href":"https:\/\/api.w.org\/{rel}","templated":true}]}}