{"id":806740,"date":"2025-11-25T10:44:41","date_gmt":"2025-11-25T08:44:41","guid":{"rendered":"https:\/\/www.eurovanne.fi\/vanteet\/verkkokauppa\/ling-long-yokohama-ice-guard-ig53-215-60-16\/"},"modified":"2026-04-01T16:46:19","modified_gmt":"2026-04-01T13:46:19","slug":"ling-long-yokohama-ice-guard-ig53-215-60-16","status":"publish","type":"product","link":"https:\/\/www.eurovanne.fi\/vanteet\/verkkokauppa\/ling-long-yokohama-ice-guard-ig53-215-60-16\/","title":{"rendered":"Ling Long Yokohama Ice Guard Ig53 215\/60-16"},"content":{"rendered":"<p>Merkki: Ling Long<br \/>\nMalli: Yokohama Ice Guard Ig53<br \/>\nKoko: 215\/60-16 = 215\/60R16<br \/>\nNopeusluokka:<br \/>\nLoad Index (LI):<br \/>\nTyyppi: Henkil\u00f6auto<br \/>\nTalvirengas<br \/>\nNasta: Ei<\/p>\n<p>TOIMITUSAIKA: 5-7 P\u00c4IV\u00c4\u00c4<\/p>\n<p>3PMSF-merkint&auml;: Kyll&auml;<br \/>J&auml;&auml;pitomerkint&auml;: Kyll&auml;<\/p>\n<div class=\"eurengas-container\"><img decoding=\"async\" src=\"https:\/\/eprel.ec.europa.eu\/labels\/tyres\/Label_630483.svg\" alt=\"EU-rengasmerkinn&auml;t\" class=\"eurengas-base\" \/><\/div>\n","protected":false},"excerpt":{"rendered":"<p>Merkki: Ling Long Malli: Yokohama Ice Guard Ig53 Koko: 215\/60-16 = 215\/60R16 Nopeusluokka: Load Index (LI): Tyyppi: Henkil\u00f6auto Talvirengas Nasta: Ei TOIMITUSAIKA: 5-7 P\u00c4IV\u00c4\u00c4 3PMSF-merkint&auml;: Kyll&auml;J&auml;&auml;pitomerkint&auml;: Kyll&auml;<\/p>\n","protected":false},"featured_media":0,"comment_status":"closed","ping_status":"closed","template":"","meta":[],"product_brand":[],"product_cat":[1061,1051,1043,1052],"product_tag":[],"class_list":{"0":"post-806740","1":"product","2":"type-product","3":"status-publish","5":"product_cat-21560-16","6":"product_cat-henkiloauto","7":"product_cat-renkaat","8":"product_cat-talvi","10":"first","11":"instock","12":"sale","13":"taxable","14":"shipping-taxable","15":"purchasable","16":"product-type-simple"},"aioseo_notices":[],"_links":{"self":[{"href":"https:\/\/www.eurovanne.fi\/vanteet\/wp-json\/wp\/v2\/product\/806740","targetHints":{"allow":["GET"]}}],"collection":[{"href":"https:\/\/www.eurovanne.fi\/vanteet\/wp-json\/wp\/v2\/product"}],"about":[{"href":"https:\/\/www.eurovanne.fi\/vanteet\/wp-json\/wp\/v2\/types\/product"}],"replies":[{"embeddable":true,"href":"https:\/\/www.eurovanne.fi\/vanteet\/wp-json\/wp\/v2\/comments?post=806740"}],"wp:attachment":[{"href":"https:\/\/www.eurovanne.fi\/vanteet\/wp-json\/wp\/v2\/media?parent=806740"}],"wp:term":[{"taxonomy":"product_brand","embeddable":true,"href":"https:\/\/www.eurovanne.fi\/vanteet\/wp-json\/wp\/v2\/product_brand?post=806740"},{"taxonomy":"product_cat","embeddable":true,"href":"https:\/\/www.eurovanne.fi\/vanteet\/wp-json\/wp\/v2\/product_cat?post=806740"},{"taxonomy":"product_tag","embeddable":true,"href":"https:\/\/www.eurovanne.fi\/vanteet\/wp-json\/wp\/v2\/product_tag?post=806740"}],"curies":[{"name":"wp","href":"https:\/\/api.w.org\/{rel}","templated":true}]}}