{"id":807263,"date":"2025-11-25T10:56:45","date_gmt":"2025-11-25T08:56:45","guid":{"rendered":"https:\/\/www.eurovanne.fi\/vanteet\/verkkokauppa\/yokohama-bluearth-winter-v905-275-40-19-w\/"},"modified":"2026-04-08T04:10:30","modified_gmt":"2026-04-08T01:10:30","slug":"yokohama-bluearth-winter-v905-275-40-19-w","status":"publish","type":"product","link":"https:\/\/www.eurovanne.fi\/vanteet\/verkkokauppa\/yokohama-bluearth-winter-v905-275-40-19-w\/","title":{"rendered":"Yokohama Bluearth *winter V905 275\/40-19 W"},"content":{"rendered":"<p>Merkki: Yokohama<br \/>\nMalli: Bluearth *winter V905<br \/>\nKoko: 275\/40-19 = 275\/40R19<br \/>\nNopeusluokka: W<br \/>\nLoad Index (LI): 105<br \/>\nTyyppi: Henkil\u00f6auto<br \/>\nTalvirengas<br \/>\nNasta: Ei<\/p>\n<p>TOIMITUSAIKA: 5-7 P\u00c4IV\u00c4\u00c4<\/p>\n<p>3PMSF-merkint&auml;: Kyll&auml;<\/p>\n<div class=\"eurengas-container\"><img decoding=\"async\" src=\"https:\/\/eprel.ec.europa.eu\/labels\/tyres\/Label_638616.svg\" alt=\"EU-rengasmerkinn&auml;t\" class=\"eurengas-base\" \/><\/div>\n","protected":false},"excerpt":{"rendered":"<p>Merkki: Yokohama Malli: Bluearth *winter V905 Koko: 275\/40-19 = 275\/40R19 Nopeusluokka: W Load Index (LI): 105 Tyyppi: Henkil\u00f6auto Talvirengas Nasta: Ei TOIMITUSAIKA: 5-7 P\u00c4IV\u00c4\u00c4 3PMSF-merkint&auml;: Kyll&auml;<\/p>\n","protected":false},"featured_media":377490,"comment_status":"closed","ping_status":"closed","template":"","meta":[],"product_brand":[],"product_cat":[8433,1051,1043,1052],"product_tag":[],"class_list":{"0":"post-807263","1":"product","2":"type-product","3":"status-publish","4":"has-post-thumbnail","6":"product_cat-275-40-19","7":"product_cat-henkiloauto","8":"product_cat-renkaat","9":"product_cat-talvi","11":"first","12":"instock","13":"sale","14":"taxable","15":"shipping-taxable","16":"purchasable","17":"product-type-simple"},"aioseo_notices":[],"_links":{"self":[{"href":"https:\/\/www.eurovanne.fi\/vanteet\/wp-json\/wp\/v2\/product\/807263","targetHints":{"allow":["GET"]}}],"collection":[{"href":"https:\/\/www.eurovanne.fi\/vanteet\/wp-json\/wp\/v2\/product"}],"about":[{"href":"https:\/\/www.eurovanne.fi\/vanteet\/wp-json\/wp\/v2\/types\/product"}],"replies":[{"embeddable":true,"href":"https:\/\/www.eurovanne.fi\/vanteet\/wp-json\/wp\/v2\/comments?post=807263"}],"wp:featuredmedia":[{"embeddable":true,"href":"https:\/\/www.eurovanne.fi\/vanteet\/wp-json\/wp\/v2\/media\/377490"}],"wp:attachment":[{"href":"https:\/\/www.eurovanne.fi\/vanteet\/wp-json\/wp\/v2\/media?parent=807263"}],"wp:term":[{"taxonomy":"product_brand","embeddable":true,"href":"https:\/\/www.eurovanne.fi\/vanteet\/wp-json\/wp\/v2\/product_brand?post=807263"},{"taxonomy":"product_cat","embeddable":true,"href":"https:\/\/www.eurovanne.fi\/vanteet\/wp-json\/wp\/v2\/product_cat?post=807263"},{"taxonomy":"product_tag","embeddable":true,"href":"https:\/\/www.eurovanne.fi\/vanteet\/wp-json\/wp\/v2\/product_tag?post=807263"}],"curies":[{"name":"wp","href":"https:\/\/api.w.org\/{rel}","templated":true}]}}