{"id":807470,"date":"2025-11-25T11:01:06","date_gmt":"2025-11-25T09:01:06","guid":{"rendered":"https:\/\/www.eurovanne.fi\/vanteet\/verkkokauppa\/maxxis-allseason-ap3-205-50-16-v\/"},"modified":"2026-04-01T17:30:37","modified_gmt":"2026-04-01T14:30:37","slug":"maxxis-allseason-ap3-205-50-16-v","status":"publish","type":"product","link":"https:\/\/www.eurovanne.fi\/vanteet\/verkkokauppa\/maxxis-allseason-ap3-205-50-16-v\/","title":{"rendered":"Maxxis Allseason Ap3 205\/50-16 V"},"content":{"rendered":"<p>Merkki: Maxxis<br \/>\nMalli: Allseason Ap3<br \/>\nKoko: 205\/50-16 = 205\/50R16<br \/>\nNopeusluokka: V<br \/>\nLoad Index (LI): 87<br \/>\nTyyppi: Henkil\u00f6auto<br \/>\nAastaringnerengas<br \/>\nNasta: Ei<\/p>\n<p>TOIMITUSAIKA: 5-7 P\u00c4IV\u00c4\u00c4<\/p>\n<p>3PMSF-merkint&auml;: Kyll&auml;<\/p>\n<div class=\"eurengas-container\"><img decoding=\"async\" src=\"https:\/\/eprel.ec.europa.eu\/labels\/tyres\/Label_437708.svg\" alt=\"EU-rengasmerkinn&auml;t\" class=\"eurengas-base\" \/><\/div>\n","protected":false},"excerpt":{"rendered":"<p>Merkki: Maxxis Malli: Allseason Ap3 Koko: 205\/50-16 = 205\/50R16 Nopeusluokka: V Load Index (LI): 87 Tyyppi: Henkil\u00f6auto Aastaringnerengas Nasta: Ei TOIMITUSAIKA: 5-7 P\u00c4IV\u00c4\u00c4 3PMSF-merkint&auml;: Kyll&auml;<\/p>\n","protected":false},"featured_media":335537,"comment_status":"closed","ping_status":"closed","template":"","meta":[],"product_brand":[],"product_cat":[8965,5204,1051,1043],"product_tag":[],"class_list":{"0":"post-807470","1":"product","2":"type-product","3":"status-publish","4":"has-post-thumbnail","6":"product_cat-205-50-16","7":"product_cat-aastaringne","8":"product_cat-henkiloauto","9":"product_cat-renkaat","11":"first","12":"instock","13":"sale","14":"taxable","15":"shipping-taxable","16":"purchasable","17":"product-type-simple"},"aioseo_notices":[],"_links":{"self":[{"href":"https:\/\/www.eurovanne.fi\/vanteet\/wp-json\/wp\/v2\/product\/807470","targetHints":{"allow":["GET"]}}],"collection":[{"href":"https:\/\/www.eurovanne.fi\/vanteet\/wp-json\/wp\/v2\/product"}],"about":[{"href":"https:\/\/www.eurovanne.fi\/vanteet\/wp-json\/wp\/v2\/types\/product"}],"replies":[{"embeddable":true,"href":"https:\/\/www.eurovanne.fi\/vanteet\/wp-json\/wp\/v2\/comments?post=807470"}],"wp:featuredmedia":[{"embeddable":true,"href":"https:\/\/www.eurovanne.fi\/vanteet\/wp-json\/wp\/v2\/media\/335537"}],"wp:attachment":[{"href":"https:\/\/www.eurovanne.fi\/vanteet\/wp-json\/wp\/v2\/media?parent=807470"}],"wp:term":[{"taxonomy":"product_brand","embeddable":true,"href":"https:\/\/www.eurovanne.fi\/vanteet\/wp-json\/wp\/v2\/product_brand?post=807470"},{"taxonomy":"product_cat","embeddable":true,"href":"https:\/\/www.eurovanne.fi\/vanteet\/wp-json\/wp\/v2\/product_cat?post=807470"},{"taxonomy":"product_tag","embeddable":true,"href":"https:\/\/www.eurovanne.fi\/vanteet\/wp-json\/wp\/v2\/product_tag?post=807470"}],"curies":[{"name":"wp","href":"https:\/\/api.w.org\/{rel}","templated":true}]}}