{"id":808072,"date":"2025-11-25T11:13:19","date_gmt":"2025-11-25T09:13:19","guid":{"rendered":"https:\/\/www.eurovanne.fi\/vanteet\/verkkokauppa\/yokohama-bluearth-4s-aw21-215-50-19-t\/"},"modified":"2026-04-01T18:12:08","modified_gmt":"2026-04-01T15:12:08","slug":"yokohama-bluearth-4s-aw21-215-50-19-t","status":"publish","type":"product","link":"https:\/\/www.eurovanne.fi\/vanteet\/verkkokauppa\/yokohama-bluearth-4s-aw21-215-50-19-t\/","title":{"rendered":"Yokohama Bluearth 4s (aw21) 215\/50-19 T"},"content":{"rendered":"<p>Merkki: Yokohama<br \/>\nMalli: Bluearth 4s (aw21)<br \/>\nKoko: 215\/50-19 = 215\/50R19<br \/>\nNopeusluokka: T<br \/>\nLoad Index (LI): 93<br \/>\nTyyppi: Henkil\u00f6auto<br \/>\nAastaringnerengas<br \/>\nNasta: Ei<\/p>\n<p>TOIMITUSAIKA: 5-7 P\u00c4IV\u00c4\u00c4<\/p>\n<p>3PMSF-merkint&auml;: Kyll&auml;<\/p>\n<div class=\"eurengas-container\"><img decoding=\"async\" src=\"https:\/\/eprel.ec.europa.eu\/labels\/tyres\/Label_876686.svg\" alt=\"EU-rengasmerkinn&auml;t\" class=\"eurengas-base\" \/><\/div>\n","protected":false},"excerpt":{"rendered":"<p>Merkki: Yokohama Malli: Bluearth 4s (aw21) Koko: 215\/50-19 = 215\/50R19 Nopeusluokka: T Load Index (LI): 93 Tyyppi: Henkil\u00f6auto Aastaringnerengas Nasta: Ei TOIMITUSAIKA: 5-7 P\u00c4IV\u00c4\u00c4 3PMSF-merkint&auml;: Kyll&auml;<\/p>\n","protected":false},"featured_media":447153,"comment_status":"closed","ping_status":"closed","template":"","meta":[],"product_brand":[],"product_cat":[8585,5204,1051,1043],"product_tag":[],"class_list":{"0":"post-808072","1":"product","2":"type-product","3":"status-publish","4":"has-post-thumbnail","6":"product_cat-215-50-19-aastaringne","7":"product_cat-aastaringne","8":"product_cat-henkiloauto","9":"product_cat-renkaat","11":"first","12":"instock","13":"sale","14":"taxable","15":"shipping-taxable","16":"purchasable","17":"product-type-simple"},"aioseo_notices":[],"_links":{"self":[{"href":"https:\/\/www.eurovanne.fi\/vanteet\/wp-json\/wp\/v2\/product\/808072","targetHints":{"allow":["GET"]}}],"collection":[{"href":"https:\/\/www.eurovanne.fi\/vanteet\/wp-json\/wp\/v2\/product"}],"about":[{"href":"https:\/\/www.eurovanne.fi\/vanteet\/wp-json\/wp\/v2\/types\/product"}],"replies":[{"embeddable":true,"href":"https:\/\/www.eurovanne.fi\/vanteet\/wp-json\/wp\/v2\/comments?post=808072"}],"wp:featuredmedia":[{"embeddable":true,"href":"https:\/\/www.eurovanne.fi\/vanteet\/wp-json\/wp\/v2\/media\/447153"}],"wp:attachment":[{"href":"https:\/\/www.eurovanne.fi\/vanteet\/wp-json\/wp\/v2\/media?parent=808072"}],"wp:term":[{"taxonomy":"product_brand","embeddable":true,"href":"https:\/\/www.eurovanne.fi\/vanteet\/wp-json\/wp\/v2\/product_brand?post=808072"},{"taxonomy":"product_cat","embeddable":true,"href":"https:\/\/www.eurovanne.fi\/vanteet\/wp-json\/wp\/v2\/product_cat?post=808072"},{"taxonomy":"product_tag","embeddable":true,"href":"https:\/\/www.eurovanne.fi\/vanteet\/wp-json\/wp\/v2\/product_tag?post=808072"}],"curies":[{"name":"wp","href":"https:\/\/api.w.org\/{rel}","templated":true}]}}