{"id":808105,"date":"2025-11-25T11:14:03","date_gmt":"2025-11-25T09:14:03","guid":{"rendered":"https:\/\/www.eurovanne.fi\/vanteet\/verkkokauppa\/gripmax-suregrip-pro-ice-285-35-21-t\/"},"modified":"2026-04-01T18:14:49","modified_gmt":"2026-04-01T15:14:49","slug":"gripmax-suregrip-pro-ice-285-35-21-t","status":"publish","type":"product","link":"https:\/\/www.eurovanne.fi\/vanteet\/verkkokauppa\/gripmax-suregrip-pro-ice-285-35-21-t\/","title":{"rendered":"Gripmax Suregrip Pro Ice 285\/35-21 T"},"content":{"rendered":"<p>Merkki: Gripmax<br \/>\nMalli: Suregrip Pro Ice<br \/>\nKoko: 285\/35-21 = 285\/35R21<br \/>\nNopeusluokka: T<br \/>\nLoad Index (LI): 105 XL<br \/>\nTyyppi: Henkil\u00f6auto<br \/>\nTalvirengas<br \/>\nNasta: Kyll\u00e4<\/p>\n<p>TOIMITUSAIKA: 5-7 P\u00c4IV\u00c4\u00c4<\/p>\n<p>3PMSF-merkint&auml;: Kyll&auml;<br \/>J&auml;&auml;pitomerkint&auml;: Kyll&auml;<\/p>\n<div class=\"eurengas-container\"><\/div>\n","protected":false},"excerpt":{"rendered":"<p>Merkki: Gripmax Malli: Suregrip Pro Ice Koko: 285\/35-21 = 285\/35R21 Nopeusluokka: T Load Index (LI): 105 XL Tyyppi: Henkil\u00f6auto Talvirengas Nasta: Kyll\u00e4 TOIMITUSAIKA: 5-7 P\u00c4IV\u00c4\u00c4 3PMSF-merkint&auml;: Kyll&auml;J&auml;&auml;pitomerkint&auml;: Kyll&auml;<\/p>\n","protected":false},"featured_media":572377,"comment_status":"closed","ping_status":"closed","template":"","meta":[],"product_brand":[],"product_cat":[8629,1051,1043,1052],"product_tag":[],"class_list":{"0":"post-808105","1":"product","2":"type-product","3":"status-publish","4":"has-post-thumbnail","6":"product_cat-285-35-21-talvi","7":"product_cat-henkiloauto","8":"product_cat-renkaat","9":"product_cat-talvi","11":"first","12":"instock","13":"sale","14":"taxable","15":"shipping-taxable","16":"purchasable","17":"product-type-simple"},"aioseo_notices":[],"_links":{"self":[{"href":"https:\/\/www.eurovanne.fi\/vanteet\/wp-json\/wp\/v2\/product\/808105","targetHints":{"allow":["GET"]}}],"collection":[{"href":"https:\/\/www.eurovanne.fi\/vanteet\/wp-json\/wp\/v2\/product"}],"about":[{"href":"https:\/\/www.eurovanne.fi\/vanteet\/wp-json\/wp\/v2\/types\/product"}],"replies":[{"embeddable":true,"href":"https:\/\/www.eurovanne.fi\/vanteet\/wp-json\/wp\/v2\/comments?post=808105"}],"wp:featuredmedia":[{"embeddable":true,"href":"https:\/\/www.eurovanne.fi\/vanteet\/wp-json\/wp\/v2\/media\/572377"}],"wp:attachment":[{"href":"https:\/\/www.eurovanne.fi\/vanteet\/wp-json\/wp\/v2\/media?parent=808105"}],"wp:term":[{"taxonomy":"product_brand","embeddable":true,"href":"https:\/\/www.eurovanne.fi\/vanteet\/wp-json\/wp\/v2\/product_brand?post=808105"},{"taxonomy":"product_cat","embeddable":true,"href":"https:\/\/www.eurovanne.fi\/vanteet\/wp-json\/wp\/v2\/product_cat?post=808105"},{"taxonomy":"product_tag","embeddable":true,"href":"https:\/\/www.eurovanne.fi\/vanteet\/wp-json\/wp\/v2\/product_tag?post=808105"}],"curies":[{"name":"wp","href":"https:\/\/api.w.org\/{rel}","templated":true}]}}