{"id":808612,"date":"2025-11-25T11:26:01","date_gmt":"2025-11-25T09:26:01","guid":{"rendered":"https:\/\/www.eurovanne.fi\/vanteet\/verkkokauppa\/goodride-z-401-225-50-18-w\/"},"modified":"2026-04-01T18:58:49","modified_gmt":"2026-04-01T15:58:49","slug":"goodride-z-401-225-50-18-w","status":"publish","type":"product","link":"https:\/\/www.eurovanne.fi\/vanteet\/verkkokauppa\/goodride-z-401-225-50-18-w\/","title":{"rendered":"Goodride Z-401 225\/50-18 W"},"content":{"rendered":"<p>Merkki: Goodride<br \/>\nMalli: Z-401<br \/>\nKoko: 225\/50-18 = 225\/50R18<br \/>\nNopeusluokka: W<br \/>\nLoad Index (LI): 95<br \/>\nTyyppi: Henkil\u00f6auto<br \/>\nAastaringnerengas<br \/>\nNasta: Ei<\/p>\n<p>TOIMITUSAIKA: 5-7 P\u00c4IV\u00c4\u00c4<\/p>\n<p>3PMSF-merkint&auml;: Kyll&auml;<\/p>\n<div class=\"eurengas-container\"><\/div>\n","protected":false},"excerpt":{"rendered":"<p>Merkki: Goodride Malli: Z-401 Koko: 225\/50-18 = 225\/50R18 Nopeusluokka: W Load Index (LI): 95 Tyyppi: Henkil\u00f6auto Aastaringnerengas Nasta: Ei TOIMITUSAIKA: 5-7 P\u00c4IV\u00c4\u00c4 3PMSF-merkint&auml;: Kyll&auml;<\/p>\n","protected":false},"featured_media":376081,"comment_status":"closed","ping_status":"closed","template":"","meta":[],"product_brand":[],"product_cat":[8593,5204,1051,1043],"product_tag":[],"class_list":{"0":"post-808612","1":"product","2":"type-product","3":"status-publish","4":"has-post-thumbnail","6":"product_cat-225-50-18-aastaringne","7":"product_cat-aastaringne","8":"product_cat-henkiloauto","9":"product_cat-renkaat","11":"first","12":"instock","13":"sale","14":"taxable","15":"shipping-taxable","16":"purchasable","17":"product-type-simple"},"aioseo_notices":[],"_links":{"self":[{"href":"https:\/\/www.eurovanne.fi\/vanteet\/wp-json\/wp\/v2\/product\/808612","targetHints":{"allow":["GET"]}}],"collection":[{"href":"https:\/\/www.eurovanne.fi\/vanteet\/wp-json\/wp\/v2\/product"}],"about":[{"href":"https:\/\/www.eurovanne.fi\/vanteet\/wp-json\/wp\/v2\/types\/product"}],"replies":[{"embeddable":true,"href":"https:\/\/www.eurovanne.fi\/vanteet\/wp-json\/wp\/v2\/comments?post=808612"}],"wp:featuredmedia":[{"embeddable":true,"href":"https:\/\/www.eurovanne.fi\/vanteet\/wp-json\/wp\/v2\/media\/376081"}],"wp:attachment":[{"href":"https:\/\/www.eurovanne.fi\/vanteet\/wp-json\/wp\/v2\/media?parent=808612"}],"wp:term":[{"taxonomy":"product_brand","embeddable":true,"href":"https:\/\/www.eurovanne.fi\/vanteet\/wp-json\/wp\/v2\/product_brand?post=808612"},{"taxonomy":"product_cat","embeddable":true,"href":"https:\/\/www.eurovanne.fi\/vanteet\/wp-json\/wp\/v2\/product_cat?post=808612"},{"taxonomy":"product_tag","embeddable":true,"href":"https:\/\/www.eurovanne.fi\/vanteet\/wp-json\/wp\/v2\/product_tag?post=808612"}],"curies":[{"name":"wp","href":"https:\/\/api.w.org\/{rel}","templated":true}]}}