{"id":808636,"date":"2025-11-25T11:26:29","date_gmt":"2025-11-25T09:26:29","guid":{"rendered":"https:\/\/www.eurovanne.fi\/vanteet\/verkkokauppa\/sailun-sl87n-185-80-14c-q\/"},"modified":"2026-04-01T18:59:36","modified_gmt":"2026-04-01T15:59:36","slug":"sailun-sl87n-185-80-14c-q","status":"publish","type":"product","link":"https:\/\/www.eurovanne.fi\/vanteet\/verkkokauppa\/sailun-sl87n-185-80-14c-q\/","title":{"rendered":"Sailun Sl87n 185\/80-14C Q"},"content":{"rendered":"<p>Merkki: Sailun<br \/>\nMalli: Sl87n<br \/>\nKoko: 185\/80-14C = 185\/80R14C<br \/>\nNopeusluokka: Q<br \/>\nLoad Index (LI): 102\/100<br \/>\nTyyppi: Pakettiauto<br \/>\nKes\u00e4rengas<br \/>\nNasta: Ei<\/p>\n<p>TOIMITUSAIKA: 5-7 P\u00c4IV\u00c4\u00c4<\/p>\n<div class=\"eurengas-container\"><\/div>\n","protected":false},"excerpt":{"rendered":"<p>Merkki: Sailun Malli: Sl87n Koko: 185\/80-14C = 185\/80R14C Nopeusluokka: Q Load Index (LI): 102\/100 Tyyppi: Pakettiauto Kes\u00e4rengas Nasta: Ei TOIMITUSAIKA: 5-7 P\u00c4IV\u00c4\u00c4<\/p>\n","protected":false},"featured_media":522076,"comment_status":"closed","ping_status":"closed","template":"","meta":[],"product_brand":[],"product_cat":[1290,1148,1147,1043],"product_tag":[],"class_list":{"0":"post-808636","1":"product","2":"type-product","3":"status-publish","4":"has-post-thumbnail","6":"product_cat-18580-14c-kesa-pakettiauto","7":"product_cat-kesa-pakettiauto","8":"product_cat-pakettiauto","9":"product_cat-renkaat","11":"first","12":"instock","13":"sale","14":"taxable","15":"shipping-taxable","16":"purchasable","17":"product-type-simple"},"aioseo_notices":[],"_links":{"self":[{"href":"https:\/\/www.eurovanne.fi\/vanteet\/wp-json\/wp\/v2\/product\/808636","targetHints":{"allow":["GET"]}}],"collection":[{"href":"https:\/\/www.eurovanne.fi\/vanteet\/wp-json\/wp\/v2\/product"}],"about":[{"href":"https:\/\/www.eurovanne.fi\/vanteet\/wp-json\/wp\/v2\/types\/product"}],"replies":[{"embeddable":true,"href":"https:\/\/www.eurovanne.fi\/vanteet\/wp-json\/wp\/v2\/comments?post=808636"}],"wp:featuredmedia":[{"embeddable":true,"href":"https:\/\/www.eurovanne.fi\/vanteet\/wp-json\/wp\/v2\/media\/522076"}],"wp:attachment":[{"href":"https:\/\/www.eurovanne.fi\/vanteet\/wp-json\/wp\/v2\/media?parent=808636"}],"wp:term":[{"taxonomy":"product_brand","embeddable":true,"href":"https:\/\/www.eurovanne.fi\/vanteet\/wp-json\/wp\/v2\/product_brand?post=808636"},{"taxonomy":"product_cat","embeddable":true,"href":"https:\/\/www.eurovanne.fi\/vanteet\/wp-json\/wp\/v2\/product_cat?post=808636"},{"taxonomy":"product_tag","embeddable":true,"href":"https:\/\/www.eurovanne.fi\/vanteet\/wp-json\/wp\/v2\/product_tag?post=808636"}],"curies":[{"name":"wp","href":"https:\/\/api.w.org\/{rel}","templated":true}]}}