{"id":808841,"date":"2025-11-25T11:30:50","date_gmt":"2025-11-25T09:30:50","guid":{"rendered":"https:\/\/www.eurovanne.fi\/vanteet\/verkkokauppa\/gt-radial-maxmiler-pro-175-80-13c-r\/"},"modified":"2026-04-16T04:06:46","modified_gmt":"2026-04-16T01:06:46","slug":"gt-radial-maxmiler-pro-175-80-13c-r","status":"publish","type":"product","link":"https:\/\/www.eurovanne.fi\/vanteet\/verkkokauppa\/gt-radial-maxmiler-pro-175-80-13c-r\/","title":{"rendered":"GT Radial Maxmiler Pro 175\/80-13C R"},"content":{"rendered":"<p>Merkki: GT Radial<br \/>\nMalli: Maxmiler Pro<br \/>\nKoko: 175\/80-13C = 175\/80R13C<br \/>\nNopeusluokka: R<br \/>\nLoad Index (LI): 97\/95<br \/>\nTyyppi: Pakettiauto<br \/>\nKes\u00e4rengas<br \/>\nNasta: Ei<\/p>\n<p>TOIMITUSAIKA: 5-7 P\u00c4IV\u00c4\u00c4<\/p>\n<div class=\"eurengas-container\"><\/div>\n","protected":false},"excerpt":{"rendered":"<p>Merkki: GT Radial Malli: Maxmiler Pro Koko: 175\/80-13C = 175\/80R13C Nopeusluokka: R Load Index (LI): 97\/95 Tyyppi: Pakettiauto Kes\u00e4rengas Nasta: Ei TOIMITUSAIKA: 5-7 P\u00c4IV\u00c4\u00c4<\/p>\n","protected":false},"featured_media":284343,"comment_status":"closed","ping_status":"closed","template":"","meta":[],"product_brand":[],"product_cat":[6513,1148,1147,1043],"product_tag":[],"class_list":{"0":"post-808841","1":"product","2":"type-product","3":"status-publish","4":"has-post-thumbnail","6":"product_cat-175-80-13c","7":"product_cat-kesa-pakettiauto","8":"product_cat-pakettiauto","9":"product_cat-renkaat","11":"first","12":"instock","13":"sale","14":"taxable","15":"shipping-taxable","16":"purchasable","17":"product-type-simple"},"aioseo_notices":[],"_links":{"self":[{"href":"https:\/\/www.eurovanne.fi\/vanteet\/wp-json\/wp\/v2\/product\/808841","targetHints":{"allow":["GET"]}}],"collection":[{"href":"https:\/\/www.eurovanne.fi\/vanteet\/wp-json\/wp\/v2\/product"}],"about":[{"href":"https:\/\/www.eurovanne.fi\/vanteet\/wp-json\/wp\/v2\/types\/product"}],"replies":[{"embeddable":true,"href":"https:\/\/www.eurovanne.fi\/vanteet\/wp-json\/wp\/v2\/comments?post=808841"}],"wp:featuredmedia":[{"embeddable":true,"href":"https:\/\/www.eurovanne.fi\/vanteet\/wp-json\/wp\/v2\/media\/284343"}],"wp:attachment":[{"href":"https:\/\/www.eurovanne.fi\/vanteet\/wp-json\/wp\/v2\/media?parent=808841"}],"wp:term":[{"taxonomy":"product_brand","embeddable":true,"href":"https:\/\/www.eurovanne.fi\/vanteet\/wp-json\/wp\/v2\/product_brand?post=808841"},{"taxonomy":"product_cat","embeddable":true,"href":"https:\/\/www.eurovanne.fi\/vanteet\/wp-json\/wp\/v2\/product_cat?post=808841"},{"taxonomy":"product_tag","embeddable":true,"href":"https:\/\/www.eurovanne.fi\/vanteet\/wp-json\/wp\/v2\/product_tag?post=808841"}],"curies":[{"name":"wp","href":"https:\/\/api.w.org\/{rel}","templated":true}]}}