{"id":808949,"date":"2025-11-25T11:34:02","date_gmt":"2025-11-25T09:34:02","guid":{"rendered":"https:\/\/www.eurovanne.fi\/vanteet\/verkkokauppa\/cheng-shin-trailermaxx-cr966-225-55-12c-n\/"},"modified":"2026-04-01T19:24:16","modified_gmt":"2026-04-01T16:24:16","slug":"cheng-shin-trailermaxx-cr966-225-55-12c-n","status":"publish","type":"product","link":"https:\/\/www.eurovanne.fi\/vanteet\/verkkokauppa\/cheng-shin-trailermaxx-cr966-225-55-12c-n\/","title":{"rendered":"Cheng Shin Trailermaxx  Cr966 225\/55-12C N"},"content":{"rendered":"<p>Merkki: Cheng Shin<br \/>\nMalli: Trailermaxx  Cr966<br \/>\nKoko: 225\/55-12C = 225\/55R12C<br \/>\nNopeusluokka: N<br \/>\nLoad Index (LI): 104<br \/>\nTyyppi: Pakettiauto<br \/>\nKes\u00e4rengas<br \/>\nNasta: Ei<\/p>\n<p>TOIMITUSAIKA: 5-7 P\u00c4IV\u00c4\u00c4<\/p>\n<div class=\"eurengas-container\"><\/div>\n","protected":false},"excerpt":{"rendered":"<p>Merkki: Cheng Shin Malli: Trailermaxx Cr966 Koko: 225\/55-12C = 225\/55R12C Nopeusluokka: N Load Index (LI): 104 Tyyppi: Pakettiauto Kes\u00e4rengas Nasta: Ei TOIMITUSAIKA: 5-7 P\u00c4IV\u00c4\u00c4<\/p>\n","protected":false},"featured_media":464018,"comment_status":"closed","ping_status":"closed","template":"","meta":[],"product_brand":[],"product_cat":[9156,1148,1147,1043],"product_tag":[],"class_list":{"0":"post-808949","1":"product","2":"type-product","3":"status-publish","4":"has-post-thumbnail","6":"product_cat-225-55-12c","7":"product_cat-kesa-pakettiauto","8":"product_cat-pakettiauto","9":"product_cat-renkaat","11":"first","12":"instock","13":"sale","14":"taxable","15":"shipping-taxable","16":"purchasable","17":"product-type-simple"},"aioseo_notices":[],"_links":{"self":[{"href":"https:\/\/www.eurovanne.fi\/vanteet\/wp-json\/wp\/v2\/product\/808949","targetHints":{"allow":["GET"]}}],"collection":[{"href":"https:\/\/www.eurovanne.fi\/vanteet\/wp-json\/wp\/v2\/product"}],"about":[{"href":"https:\/\/www.eurovanne.fi\/vanteet\/wp-json\/wp\/v2\/types\/product"}],"replies":[{"embeddable":true,"href":"https:\/\/www.eurovanne.fi\/vanteet\/wp-json\/wp\/v2\/comments?post=808949"}],"wp:featuredmedia":[{"embeddable":true,"href":"https:\/\/www.eurovanne.fi\/vanteet\/wp-json\/wp\/v2\/media\/464018"}],"wp:attachment":[{"href":"https:\/\/www.eurovanne.fi\/vanteet\/wp-json\/wp\/v2\/media?parent=808949"}],"wp:term":[{"taxonomy":"product_brand","embeddable":true,"href":"https:\/\/www.eurovanne.fi\/vanteet\/wp-json\/wp\/v2\/product_brand?post=808949"},{"taxonomy":"product_cat","embeddable":true,"href":"https:\/\/www.eurovanne.fi\/vanteet\/wp-json\/wp\/v2\/product_cat?post=808949"},{"taxonomy":"product_tag","embeddable":true,"href":"https:\/\/www.eurovanne.fi\/vanteet\/wp-json\/wp\/v2\/product_tag?post=808949"}],"curies":[{"name":"wp","href":"https:\/\/api.w.org\/{rel}","templated":true}]}}