{"id":808997,"date":"2025-11-25T11:34:47","date_gmt":"2025-11-25T09:34:47","guid":{"rendered":"https:\/\/www.eurovanne.fi\/vanteet\/verkkokauppa\/roadcruza-ra8000-37-13-5-17-q\/"},"modified":"2026-04-01T19:35:21","modified_gmt":"2026-04-01T16:35:21","slug":"roadcruza-ra8000-37-13-5-17-q","status":"publish","type":"product","link":"https:\/\/www.eurovanne.fi\/vanteet\/verkkokauppa\/roadcruza-ra8000-37-13-5-17-q\/","title":{"rendered":"Roadcruza Ra8000 37\/13.5-17 Q"},"content":{"rendered":"<p>Merkki: Roadcruza<br \/>\nMalli: Ra8000<br \/>\nKoko: 37\/13.5-17 = 37\/13.5R17<br \/>\nNopeusluokka: Q<br \/>\nLoad Index (LI): 125<br \/>\nTyyppi: 4&#215;4<br \/>\nKes\u00e4rengas<br \/>\nNasta: Ei<\/p>\n<p>TOIMITUSAIKA: 5-7 P\u00c4IV\u00c4\u00c4<\/p>\n<div class=\"eurengas-container\"><\/div>\n","protected":false},"excerpt":{"rendered":"<p>Merkki: Roadcruza Malli: Ra8000 Koko: 37\/13.5-17 = 37\/13.5R17 Nopeusluokka: Q Load Index (LI): 125 Tyyppi: 4&#215;4 Kes\u00e4rengas Nasta: Ei TOIMITUSAIKA: 5-7 P\u00c4IV\u00c4\u00c4<\/p>\n","protected":false},"featured_media":410808,"comment_status":"closed","ping_status":"closed","template":"","meta":[],"product_brand":[],"product_cat":[9157,1071,1151,1043],"product_tag":[],"class_list":{"0":"post-808997","1":"product","2":"type-product","3":"status-publish","4":"has-post-thumbnail","6":"product_cat-37-13-5-17","7":"product_cat-4x4","8":"product_cat-kesa-4x4","9":"product_cat-renkaat","11":"first","12":"instock","13":"sale","14":"taxable","15":"shipping-taxable","16":"purchasable","17":"product-type-simple"},"aioseo_notices":[],"_links":{"self":[{"href":"https:\/\/www.eurovanne.fi\/vanteet\/wp-json\/wp\/v2\/product\/808997","targetHints":{"allow":["GET"]}}],"collection":[{"href":"https:\/\/www.eurovanne.fi\/vanteet\/wp-json\/wp\/v2\/product"}],"about":[{"href":"https:\/\/www.eurovanne.fi\/vanteet\/wp-json\/wp\/v2\/types\/product"}],"replies":[{"embeddable":true,"href":"https:\/\/www.eurovanne.fi\/vanteet\/wp-json\/wp\/v2\/comments?post=808997"}],"wp:featuredmedia":[{"embeddable":true,"href":"https:\/\/www.eurovanne.fi\/vanteet\/wp-json\/wp\/v2\/media\/410808"}],"wp:attachment":[{"href":"https:\/\/www.eurovanne.fi\/vanteet\/wp-json\/wp\/v2\/media?parent=808997"}],"wp:term":[{"taxonomy":"product_brand","embeddable":true,"href":"https:\/\/www.eurovanne.fi\/vanteet\/wp-json\/wp\/v2\/product_brand?post=808997"},{"taxonomy":"product_cat","embeddable":true,"href":"https:\/\/www.eurovanne.fi\/vanteet\/wp-json\/wp\/v2\/product_cat?post=808997"},{"taxonomy":"product_tag","embeddable":true,"href":"https:\/\/www.eurovanne.fi\/vanteet\/wp-json\/wp\/v2\/product_tag?post=808997"}],"curies":[{"name":"wp","href":"https:\/\/api.w.org\/{rel}","templated":true}]}}