{"id":809084,"date":"2025-11-25T11:35:49","date_gmt":"2025-11-25T09:35:49","guid":{"rendered":"https:\/\/www.eurovanne.fi\/vanteet\/verkkokauppa\/yokohama-advan-sport-ev-v108a-245-45-20-y\/"},"modified":"2026-04-01T19:55:40","modified_gmt":"2026-04-01T16:55:40","slug":"yokohama-advan-sport-ev-v108a-245-45-20-y","status":"publish","type":"product","link":"https:\/\/www.eurovanne.fi\/vanteet\/verkkokauppa\/yokohama-advan-sport-ev-v108a-245-45-20-y\/","title":{"rendered":"Yokohama Advan Sport Ev V108a 245\/45-20 Y"},"content":{"rendered":"<p>Merkki: Yokohama<br \/>\nMalli: Advan Sport Ev V108a<br \/>\nKoko: 245\/45-20 = 245\/45R20<br \/>\nNopeusluokka: Y<br \/>\nLoad Index (LI): 103 XL<br \/>\nTyyppi: Henkil\u00f6auto<br \/>\nKes\u00e4rengas<br \/>\nNasta: Ei<\/p>\n<p>TOIMITUSAIKA: 5-7 P\u00c4IV\u00c4\u00c4<\/p>\n<div class=\"eurengas-container\"><\/div>\n","protected":false},"excerpt":{"rendered":"<p>Merkki: Yokohama Malli: Advan Sport Ev V108a Koko: 245\/45-20 = 245\/45R20 Nopeusluokka: Y Load Index (LI): 103 XL Tyyppi: Henkil\u00f6auto Kes\u00e4rengas Nasta: Ei TOIMITUSAIKA: 5-7 P\u00c4IV\u00c4\u00c4<\/p>\n","protected":false},"featured_media":713071,"comment_status":"closed","ping_status":"closed","template":"","meta":[],"product_brand":[],"product_cat":[1534,1051,1074,1043],"product_tag":[],"class_list":{"0":"post-809084","1":"product","2":"type-product","3":"status-publish","4":"has-post-thumbnail","6":"product_cat-24545-20","7":"product_cat-henkiloauto","8":"product_cat-kesa-henkiloauto","9":"product_cat-renkaat","11":"first","12":"instock","13":"sale","14":"taxable","15":"shipping-taxable","16":"purchasable","17":"product-type-simple"},"aioseo_notices":[],"_links":{"self":[{"href":"https:\/\/www.eurovanne.fi\/vanteet\/wp-json\/wp\/v2\/product\/809084","targetHints":{"allow":["GET"]}}],"collection":[{"href":"https:\/\/www.eurovanne.fi\/vanteet\/wp-json\/wp\/v2\/product"}],"about":[{"href":"https:\/\/www.eurovanne.fi\/vanteet\/wp-json\/wp\/v2\/types\/product"}],"replies":[{"embeddable":true,"href":"https:\/\/www.eurovanne.fi\/vanteet\/wp-json\/wp\/v2\/comments?post=809084"}],"wp:featuredmedia":[{"embeddable":true,"href":"https:\/\/www.eurovanne.fi\/vanteet\/wp-json\/wp\/v2\/media\/713071"}],"wp:attachment":[{"href":"https:\/\/www.eurovanne.fi\/vanteet\/wp-json\/wp\/v2\/media?parent=809084"}],"wp:term":[{"taxonomy":"product_brand","embeddable":true,"href":"https:\/\/www.eurovanne.fi\/vanteet\/wp-json\/wp\/v2\/product_brand?post=809084"},{"taxonomy":"product_cat","embeddable":true,"href":"https:\/\/www.eurovanne.fi\/vanteet\/wp-json\/wp\/v2\/product_cat?post=809084"},{"taxonomy":"product_tag","embeddable":true,"href":"https:\/\/www.eurovanne.fi\/vanteet\/wp-json\/wp\/v2\/product_tag?post=809084"}],"curies":[{"name":"wp","href":"https:\/\/api.w.org\/{rel}","templated":true}]}}