{"id":809322,"date":"2025-11-25T11:42:48","date_gmt":"2025-11-25T09:42:48","guid":{"rendered":"https:\/\/www.eurovanne.fi\/vanteet\/verkkokauppa\/yokohama-v906-315-35-21-w\/"},"modified":"2026-05-13T04:04:50","modified_gmt":"2026-05-13T01:04:50","slug":"yokohama-v906-315-35-21-w","status":"publish","type":"product","link":"https:\/\/www.eurovanne.fi\/vanteet\/verkkokauppa\/yokohama-v906-315-35-21-w\/","title":{"rendered":"Yokohama V906 315\/35-21 W"},"content":{"rendered":"<p>Merkki: Yokohama<br \/>\nMalli: V906<br \/>\nKoko: 315\/35-21 = 315\/35R21<br \/>\nNopeusluokka: W<br \/>\nLoad Index (LI): 111 XL<br \/>\nTyyppi: 4&#215;4<br \/>\nTalvirengas<br \/>\nNasta: Ei<\/p>\n<p>TOIMITUSAIKA: 5-7 P\u00c4IV\u00c4\u00c4<\/p>\n<p>3PMSF-merkint&auml;: Kyll&auml;<\/p>\n<div class=\"eurengas-container\"><\/div>\n","protected":false},"excerpt":{"rendered":"<p>Merkki: Yokohama Malli: V906 Koko: 315\/35-21 = 315\/35R21 Nopeusluokka: W Load Index (LI): 111 XL Tyyppi: 4&#215;4 Talvirengas Nasta: Ei TOIMITUSAIKA: 5-7 P\u00c4IV\u00c4\u00c4 3PMSF-merkint&auml;: Kyll&auml;<\/p>\n","protected":false},"featured_media":375474,"comment_status":"closed","ping_status":"closed","template":"","meta":[],"product_brand":[],"product_cat":[7832,1071,1043,1072],"product_tag":[],"class_list":{"0":"post-809322","1":"product","2":"type-product","3":"status-publish","4":"has-post-thumbnail","6":"product_cat-315-35-21-talvi-4x4","7":"product_cat-4x4","8":"product_cat-renkaat","9":"product_cat-talvi-4x4","11":"first","12":"instock","13":"sale","14":"taxable","15":"shipping-taxable","16":"purchasable","17":"product-type-simple"},"aioseo_notices":[],"_links":{"self":[{"href":"https:\/\/www.eurovanne.fi\/vanteet\/wp-json\/wp\/v2\/product\/809322","targetHints":{"allow":["GET"]}}],"collection":[{"href":"https:\/\/www.eurovanne.fi\/vanteet\/wp-json\/wp\/v2\/product"}],"about":[{"href":"https:\/\/www.eurovanne.fi\/vanteet\/wp-json\/wp\/v2\/types\/product"}],"replies":[{"embeddable":true,"href":"https:\/\/www.eurovanne.fi\/vanteet\/wp-json\/wp\/v2\/comments?post=809322"}],"wp:featuredmedia":[{"embeddable":true,"href":"https:\/\/www.eurovanne.fi\/vanteet\/wp-json\/wp\/v2\/media\/375474"}],"wp:attachment":[{"href":"https:\/\/www.eurovanne.fi\/vanteet\/wp-json\/wp\/v2\/media?parent=809322"}],"wp:term":[{"taxonomy":"product_brand","embeddable":true,"href":"https:\/\/www.eurovanne.fi\/vanteet\/wp-json\/wp\/v2\/product_brand?post=809322"},{"taxonomy":"product_cat","embeddable":true,"href":"https:\/\/www.eurovanne.fi\/vanteet\/wp-json\/wp\/v2\/product_cat?post=809322"},{"taxonomy":"product_tag","embeddable":true,"href":"https:\/\/www.eurovanne.fi\/vanteet\/wp-json\/wp\/v2\/product_tag?post=809322"}],"curies":[{"name":"wp","href":"https:\/\/api.w.org\/{rel}","templated":true}]}}