{"id":809462,"date":"2025-11-25T11:46:34","date_gmt":"2025-11-25T09:46:34","guid":{"rendered":"https:\/\/www.eurovanne.fi\/vanteet\/verkkokauppa\/kumho-ha32-215-55-17-w\/"},"modified":"2026-05-07T04:06:36","modified_gmt":"2026-05-07T01:06:36","slug":"kumho-ha32-215-55-17-w","status":"publish","type":"product","link":"https:\/\/www.eurovanne.fi\/vanteet\/verkkokauppa\/kumho-ha32-215-55-17-w\/","title":{"rendered":"Kumho Ha32+ 215\/55-17 W"},"content":{"rendered":"<p>Merkki: Kumho<br \/>\nMalli: Ha32+<br \/>\nKoko: 215\/55-17 = 215\/55R17<br \/>\nNopeusluokka: W<br \/>\nLoad Index (LI): 98 XL<br \/>\nTyyppi: Henkil\u00f6auto<br \/>\nAastaringnerengas<br \/>\nNasta: Ei<\/p>\n<p>TOIMITUSAIKA: 5-7 P\u00c4IV\u00c4\u00c4<\/p>\n<p>3PMSF-merkint&auml;: Kyll&auml;<\/p>\n<div class=\"eurengas-container\"><\/div>\n","protected":false},"excerpt":{"rendered":"<p>Merkki: Kumho Malli: Ha32+ Koko: 215\/55-17 = 215\/55R17 Nopeusluokka: W Load Index (LI): 98 XL Tyyppi: Henkil\u00f6auto Aastaringnerengas Nasta: Ei TOIMITUSAIKA: 5-7 P\u00c4IV\u00c4\u00c4 3PMSF-merkint&auml;: Kyll&auml;<\/p>\n","protected":false},"featured_media":583826,"comment_status":"closed","ping_status":"closed","template":"","meta":[],"product_brand":[],"product_cat":[7266,5204,1051,1043],"product_tag":[],"class_list":{"0":"post-809462","1":"product","2":"type-product","3":"status-publish","4":"has-post-thumbnail","6":"product_cat-215-55-17","7":"product_cat-aastaringne","8":"product_cat-henkiloauto","9":"product_cat-renkaat","11":"first","12":"instock","13":"sale","14":"taxable","15":"shipping-taxable","16":"purchasable","17":"product-type-simple"},"aioseo_notices":[],"_links":{"self":[{"href":"https:\/\/www.eurovanne.fi\/vanteet\/wp-json\/wp\/v2\/product\/809462","targetHints":{"allow":["GET"]}}],"collection":[{"href":"https:\/\/www.eurovanne.fi\/vanteet\/wp-json\/wp\/v2\/product"}],"about":[{"href":"https:\/\/www.eurovanne.fi\/vanteet\/wp-json\/wp\/v2\/types\/product"}],"replies":[{"embeddable":true,"href":"https:\/\/www.eurovanne.fi\/vanteet\/wp-json\/wp\/v2\/comments?post=809462"}],"wp:featuredmedia":[{"embeddable":true,"href":"https:\/\/www.eurovanne.fi\/vanteet\/wp-json\/wp\/v2\/media\/583826"}],"wp:attachment":[{"href":"https:\/\/www.eurovanne.fi\/vanteet\/wp-json\/wp\/v2\/media?parent=809462"}],"wp:term":[{"taxonomy":"product_brand","embeddable":true,"href":"https:\/\/www.eurovanne.fi\/vanteet\/wp-json\/wp\/v2\/product_brand?post=809462"},{"taxonomy":"product_cat","embeddable":true,"href":"https:\/\/www.eurovanne.fi\/vanteet\/wp-json\/wp\/v2\/product_cat?post=809462"},{"taxonomy":"product_tag","embeddable":true,"href":"https:\/\/www.eurovanne.fi\/vanteet\/wp-json\/wp\/v2\/product_tag?post=809462"}],"curies":[{"name":"wp","href":"https:\/\/api.w.org\/{rel}","templated":true}]}}