{"id":809480,"date":"2025-11-25T11:46:54","date_gmt":"2025-11-25T09:46:54","guid":{"rendered":"https:\/\/www.eurovanne.fi\/vanteet\/verkkokauppa\/maxxis-ma-slw-presa-spike-lt-205-65-16c-q\/"},"modified":"2026-04-01T20:22:13","modified_gmt":"2026-04-01T17:22:13","slug":"maxxis-ma-slw-presa-spike-lt-205-65-16c-q","status":"publish","type":"product","link":"https:\/\/www.eurovanne.fi\/vanteet\/verkkokauppa\/maxxis-ma-slw-presa-spike-lt-205-65-16c-q\/","title":{"rendered":"Maxxis Ma-slw Presa Spike Lt 205\/65-16C Q"},"content":{"rendered":"<p>Merkki: Maxxis<br \/>\nMalli: Ma-slw Presa Spike Lt<br \/>\nKoko: 205\/65-16C = 205\/65R16C<br \/>\nNopeusluokka: Q<br \/>\nLoad Index (LI): 107\/105<br \/>\nTyyppi: Pakettiauto<br \/>\nTalvirengas<br \/>\nNasta: Kyll\u00e4<\/p>\n<p>TOIMITUSAIKA: 5-7 P\u00c4IV\u00c4\u00c4<\/p>\n<p>3PMSF-merkint&auml;: Kyll&auml;<br \/>J&auml;&auml;pitomerkint&auml;: Kyll&auml;<\/p>\n<div class=\"eurengas-container\"><\/div>\n","protected":false},"excerpt":{"rendered":"<p>Merkki: Maxxis Malli: Ma-slw Presa Spike Lt Koko: 205\/65-16C = 205\/65R16C Nopeusluokka: Q Load Index (LI): 107\/105 Tyyppi: Pakettiauto Talvirengas Nasta: Kyll\u00e4 TOIMITUSAIKA: 5-7 P\u00c4IV\u00c4\u00c4 3PMSF-merkint&auml;: Kyll&auml;J&auml;&auml;pitomerkint&auml;: Kyll&auml;<\/p>\n","protected":false},"featured_media":648881,"comment_status":"closed","ping_status":"closed","template":"","meta":[],"product_brand":[],"product_cat":[1409,1147,1043,1302],"product_tag":[],"class_list":{"0":"post-809480","1":"product","2":"type-product","3":"status-publish","4":"has-post-thumbnail","6":"product_cat-20565-16c-talvi-pakettiauto","7":"product_cat-pakettiauto","8":"product_cat-renkaat","9":"product_cat-talvi-pakettiauto","11":"first","12":"instock","13":"sale","14":"taxable","15":"shipping-taxable","16":"purchasable","17":"product-type-simple"},"aioseo_notices":[],"_links":{"self":[{"href":"https:\/\/www.eurovanne.fi\/vanteet\/wp-json\/wp\/v2\/product\/809480","targetHints":{"allow":["GET"]}}],"collection":[{"href":"https:\/\/www.eurovanne.fi\/vanteet\/wp-json\/wp\/v2\/product"}],"about":[{"href":"https:\/\/www.eurovanne.fi\/vanteet\/wp-json\/wp\/v2\/types\/product"}],"replies":[{"embeddable":true,"href":"https:\/\/www.eurovanne.fi\/vanteet\/wp-json\/wp\/v2\/comments?post=809480"}],"wp:featuredmedia":[{"embeddable":true,"href":"https:\/\/www.eurovanne.fi\/vanteet\/wp-json\/wp\/v2\/media\/648881"}],"wp:attachment":[{"href":"https:\/\/www.eurovanne.fi\/vanteet\/wp-json\/wp\/v2\/media?parent=809480"}],"wp:term":[{"taxonomy":"product_brand","embeddable":true,"href":"https:\/\/www.eurovanne.fi\/vanteet\/wp-json\/wp\/v2\/product_brand?post=809480"},{"taxonomy":"product_cat","embeddable":true,"href":"https:\/\/www.eurovanne.fi\/vanteet\/wp-json\/wp\/v2\/product_cat?post=809480"},{"taxonomy":"product_tag","embeddable":true,"href":"https:\/\/www.eurovanne.fi\/vanteet\/wp-json\/wp\/v2\/product_tag?post=809480"}],"curies":[{"name":"wp","href":"https:\/\/api.w.org\/{rel}","templated":true}]}}