{"id":809520,"date":"2025-11-25T11:47:28","date_gmt":"2025-11-25T09:47:28","guid":{"rendered":"https:\/\/www.eurovanne.fi\/vanteet\/verkkokauppa\/yokohama-bluearth-es-es32-195-65-15-v\/"},"modified":"2026-04-01T20:24:08","modified_gmt":"2026-04-01T17:24:08","slug":"yokohama-bluearth-es-es32-195-65-15-v","status":"publish","type":"product","link":"https:\/\/www.eurovanne.fi\/vanteet\/verkkokauppa\/yokohama-bluearth-es-es32-195-65-15-v\/","title":{"rendered":"Yokohama Bluearth-es Es32 195\/65-15 V"},"content":{"rendered":"<p>Merkki: Yokohama<br \/>\nMalli: Bluearth-es Es32<br \/>\nKoko: 195\/65-15 = 195\/65R15<br \/>\nNopeusluokka: V<br \/>\nLoad Index (LI): 91<br \/>\nTyyppi: Henkil\u00f6auto<br \/>\nKes\u00e4rengas<br \/>\nNasta: Ei<\/p>\n<p>TOIMITUSAIKA: 5-7 P\u00c4IV\u00c4\u00c4<\/p>\n<div class=\"eurengas-container\"><\/div>\n","protected":false},"excerpt":{"rendered":"<p>Merkki: Yokohama Malli: Bluearth-es Es32 Koko: 195\/65-15 = 195\/65R15 Nopeusluokka: V Load Index (LI): 91 Tyyppi: Henkil\u00f6auto Kes\u00e4rengas Nasta: Ei TOIMITUSAIKA: 5-7 P\u00c4IV\u00c4\u00c4<\/p>\n","protected":false},"featured_media":592332,"comment_status":"closed","ping_status":"closed","template":"","meta":[],"product_brand":[],"product_cat":[1123,1051,1074,1043],"product_tag":[],"class_list":{"0":"post-809520","1":"product","2":"type-product","3":"status-publish","4":"has-post-thumbnail","6":"product_cat-19565-15","7":"product_cat-henkiloauto","8":"product_cat-kesa-henkiloauto","9":"product_cat-renkaat","11":"first","12":"instock","13":"sale","14":"taxable","15":"shipping-taxable","16":"purchasable","17":"product-type-simple"},"aioseo_notices":[],"_links":{"self":[{"href":"https:\/\/www.eurovanne.fi\/vanteet\/wp-json\/wp\/v2\/product\/809520","targetHints":{"allow":["GET"]}}],"collection":[{"href":"https:\/\/www.eurovanne.fi\/vanteet\/wp-json\/wp\/v2\/product"}],"about":[{"href":"https:\/\/www.eurovanne.fi\/vanteet\/wp-json\/wp\/v2\/types\/product"}],"replies":[{"embeddable":true,"href":"https:\/\/www.eurovanne.fi\/vanteet\/wp-json\/wp\/v2\/comments?post=809520"}],"wp:featuredmedia":[{"embeddable":true,"href":"https:\/\/www.eurovanne.fi\/vanteet\/wp-json\/wp\/v2\/media\/592332"}],"wp:attachment":[{"href":"https:\/\/www.eurovanne.fi\/vanteet\/wp-json\/wp\/v2\/media?parent=809520"}],"wp:term":[{"taxonomy":"product_brand","embeddable":true,"href":"https:\/\/www.eurovanne.fi\/vanteet\/wp-json\/wp\/v2\/product_brand?post=809520"},{"taxonomy":"product_cat","embeddable":true,"href":"https:\/\/www.eurovanne.fi\/vanteet\/wp-json\/wp\/v2\/product_cat?post=809520"},{"taxonomy":"product_tag","embeddable":true,"href":"https:\/\/www.eurovanne.fi\/vanteet\/wp-json\/wp\/v2\/product_tag?post=809520"}],"curies":[{"name":"wp","href":"https:\/\/api.w.org\/{rel}","templated":true}]}}