{"id":809869,"date":"2025-11-28T04:05:09","date_gmt":"2025-11-28T02:05:09","guid":{"rendered":"https:\/\/www.eurovanne.fi\/vanteet\/verkkokauppa\/hankook-winter-icept-iz3-x-w636a-245-65-17-t\/"},"modified":"2026-04-01T20:35:40","modified_gmt":"2026-04-01T17:35:40","slug":"hankook-winter-icept-iz3-x-w636a-245-65-17-t","status":"publish","type":"product","link":"https:\/\/www.eurovanne.fi\/vanteet\/verkkokauppa\/hankook-winter-icept-iz3-x-w636a-245-65-17-t\/","title":{"rendered":"Hankook Winter I*cept Iz3 X (w636a) 245\/65-17 T"},"content":{"rendered":"<p>Merkki: Hankook<br \/>\nMalli: Winter I*cept Iz3 X (w636a)<br \/>\nKoko: 245\/65-17 = 245\/65R17<br \/>\nNopeusluokka: T<br \/>\nLoad Index (LI): 107<br \/>\nTyyppi: 4&#215;4<br \/>\nTalvirengas<br \/>\nNasta: Ei<\/p>\n<p>TOIMITUSAIKA: 5-7 P\u00c4IV\u00c4\u00c4<\/p>\n<p>3PMSF-merkint&auml;: Kyll&auml;<br \/>J&auml;&auml;pitomerkint&auml;: Kyll&auml;<\/p>\n<div class=\"eurengas-container\"><\/div>\n","protected":false},"excerpt":{"rendered":"<p>Merkki: Hankook Malli: Winter I*cept Iz3 X (w636a) Koko: 245\/65-17 = 245\/65R17 Nopeusluokka: T Load Index (LI): 107 Tyyppi: 4&#215;4 Talvirengas Nasta: Ei TOIMITUSAIKA: 5-7 P\u00c4IV\u00c4\u00c4 3PMSF-merkint&auml;: Kyll&auml;J&auml;&auml;pitomerkint&auml;: Kyll&auml;<\/p>\n","protected":false},"featured_media":641984,"comment_status":"closed","ping_status":"closed","template":"","meta":[],"product_brand":[],"product_cat":[8475,1071,1043,1072],"product_tag":[],"class_list":{"0":"post-809869","1":"product","2":"type-product","3":"status-publish","4":"has-post-thumbnail","6":"product_cat-245-65-17","7":"product_cat-4x4","8":"product_cat-renkaat","9":"product_cat-talvi-4x4","11":"first","12":"instock","13":"sale","14":"taxable","15":"shipping-taxable","16":"purchasable","17":"product-type-simple"},"aioseo_notices":[],"_links":{"self":[{"href":"https:\/\/www.eurovanne.fi\/vanteet\/wp-json\/wp\/v2\/product\/809869","targetHints":{"allow":["GET"]}}],"collection":[{"href":"https:\/\/www.eurovanne.fi\/vanteet\/wp-json\/wp\/v2\/product"}],"about":[{"href":"https:\/\/www.eurovanne.fi\/vanteet\/wp-json\/wp\/v2\/types\/product"}],"replies":[{"embeddable":true,"href":"https:\/\/www.eurovanne.fi\/vanteet\/wp-json\/wp\/v2\/comments?post=809869"}],"wp:featuredmedia":[{"embeddable":true,"href":"https:\/\/www.eurovanne.fi\/vanteet\/wp-json\/wp\/v2\/media\/641984"}],"wp:attachment":[{"href":"https:\/\/www.eurovanne.fi\/vanteet\/wp-json\/wp\/v2\/media?parent=809869"}],"wp:term":[{"taxonomy":"product_brand","embeddable":true,"href":"https:\/\/www.eurovanne.fi\/vanteet\/wp-json\/wp\/v2\/product_brand?post=809869"},{"taxonomy":"product_cat","embeddable":true,"href":"https:\/\/www.eurovanne.fi\/vanteet\/wp-json\/wp\/v2\/product_cat?post=809869"},{"taxonomy":"product_tag","embeddable":true,"href":"https:\/\/www.eurovanne.fi\/vanteet\/wp-json\/wp\/v2\/product_tag?post=809869"}],"curies":[{"name":"wp","href":"https:\/\/api.w.org\/{rel}","templated":true}]}}