{"id":810451,"date":"2025-12-05T04:03:46","date_gmt":"2025-12-05T02:03:46","guid":{"rendered":"https:\/\/www.eurovanne.fi\/vanteet\/verkkokauppa\/rotalla-s500-235-50-21-t\/"},"modified":"2026-04-01T20:38:25","modified_gmt":"2026-04-01T17:38:25","slug":"rotalla-s500-235-50-21-t","status":"publish","type":"product","link":"https:\/\/www.eurovanne.fi\/vanteet\/verkkokauppa\/rotalla-s500-235-50-21-t\/","title":{"rendered":"Rotalla S500 235\/50-21 T"},"content":{"rendered":"<p>Merkki: Rotalla<br \/>\nMalli: S500<br \/>\nKoko: 235\/50-21 = 235\/50R21<br \/>\nNopeusluokka: T<br \/>\nLoad Index (LI): 101<br \/>\nTyyppi: 4&#215;4<br \/>\nTalvirengas<br \/>\nNasta: Kyll\u00e4<\/p>\n<p>TOIMITUSAIKA: 5-7 P\u00c4IV\u00c4\u00c4<\/p>\n<p>3PMSF-merkint&auml;: Kyll&auml;<br \/>J&auml;&auml;pitomerkint&auml;: Kyll&auml;<\/p>\n<div class=\"eurengas-container\"><\/div>\n","protected":false},"excerpt":{"rendered":"<p>Merkki: Rotalla Malli: S500 Koko: 235\/50-21 = 235\/50R21 Nopeusluokka: T Load Index (LI): 101 Tyyppi: 4&#215;4 Talvirengas Nasta: Kyll\u00e4 TOIMITUSAIKA: 5-7 P\u00c4IV\u00c4\u00c4 3PMSF-merkint&auml;: Kyll&auml;J&auml;&auml;pitomerkint&auml;: Kyll&auml;<\/p>\n","protected":false},"featured_media":562752,"comment_status":"closed","ping_status":"closed","template":"","meta":[],"product_brand":[],"product_cat":[8664,1071,1043,1072],"product_tag":[],"class_list":{"0":"post-810451","1":"product","2":"type-product","3":"status-publish","4":"has-post-thumbnail","6":"product_cat-235-50-21-talvi-4x4","7":"product_cat-4x4","8":"product_cat-renkaat","9":"product_cat-talvi-4x4","11":"first","12":"instock","13":"sale","14":"taxable","15":"shipping-taxable","16":"purchasable","17":"product-type-simple"},"aioseo_notices":[],"_links":{"self":[{"href":"https:\/\/www.eurovanne.fi\/vanteet\/wp-json\/wp\/v2\/product\/810451","targetHints":{"allow":["GET"]}}],"collection":[{"href":"https:\/\/www.eurovanne.fi\/vanteet\/wp-json\/wp\/v2\/product"}],"about":[{"href":"https:\/\/www.eurovanne.fi\/vanteet\/wp-json\/wp\/v2\/types\/product"}],"replies":[{"embeddable":true,"href":"https:\/\/www.eurovanne.fi\/vanteet\/wp-json\/wp\/v2\/comments?post=810451"}],"wp:featuredmedia":[{"embeddable":true,"href":"https:\/\/www.eurovanne.fi\/vanteet\/wp-json\/wp\/v2\/media\/562752"}],"wp:attachment":[{"href":"https:\/\/www.eurovanne.fi\/vanteet\/wp-json\/wp\/v2\/media?parent=810451"}],"wp:term":[{"taxonomy":"product_brand","embeddable":true,"href":"https:\/\/www.eurovanne.fi\/vanteet\/wp-json\/wp\/v2\/product_brand?post=810451"},{"taxonomy":"product_cat","embeddable":true,"href":"https:\/\/www.eurovanne.fi\/vanteet\/wp-json\/wp\/v2\/product_cat?post=810451"},{"taxonomy":"product_tag","embeddable":true,"href":"https:\/\/www.eurovanne.fi\/vanteet\/wp-json\/wp\/v2\/product_tag?post=810451"}],"curies":[{"name":"wp","href":"https:\/\/api.w.org\/{rel}","templated":true}]}}