{"id":810717,"date":"2025-12-10T04:03:47","date_gmt":"2025-12-10T02:03:47","guid":{"rendered":"https:\/\/www.eurovanne.fi\/vanteet\/verkkokauppa\/gripmax-suregrip-pro-icex-315-30-22-h\/"},"modified":"2026-05-07T04:06:40","modified_gmt":"2026-05-07T01:06:40","slug":"gripmax-suregrip-pro-icex-315-30-22-h","status":"publish","type":"product","link":"https:\/\/www.eurovanne.fi\/vanteet\/verkkokauppa\/gripmax-suregrip-pro-icex-315-30-22-h\/","title":{"rendered":"Gripmax Suregrip Pro Icex 315\/30-22 H"},"content":{"rendered":"<p>Merkki: Gripmax<br \/>\nMalli: Suregrip Pro Icex<br \/>\nKoko: 315\/30-22 = 315\/30R22<br \/>\nNopeusluokka: H<br \/>\nLoad Index (LI): 107 XL<br \/>\nTyyppi: Henkil\u00f6auto<br \/>\nTalvirengas<br \/>\nNasta: Ei<\/p>\n<p>TOIMITUSAIKA: 5-7 P\u00c4IV\u00c4\u00c4<\/p>\n<div class=\"eurengas-container\"><\/div>\n","protected":false},"excerpt":{"rendered":"<p>Merkki: Gripmax Malli: Suregrip Pro Icex Koko: 315\/30-22 = 315\/30R22 Nopeusluokka: H Load Index (LI): 107 XL Tyyppi: Henkil\u00f6auto Talvirengas Nasta: Ei TOIMITUSAIKA: 5-7 P\u00c4IV\u00c4\u00c4<\/p>\n","protected":false},"featured_media":641459,"comment_status":"closed","ping_status":"closed","template":"","meta":[],"product_brand":[],"product_cat":[9144,1051,1043,1052],"product_tag":[],"class_list":{"0":"post-810717","1":"product","2":"type-product","3":"status-publish","4":"has-post-thumbnail","6":"product_cat-315-30-22-talvi","7":"product_cat-henkiloauto","8":"product_cat-renkaat","9":"product_cat-talvi","11":"first","12":"instock","13":"sale","14":"taxable","15":"shipping-taxable","16":"purchasable","17":"product-type-simple"},"aioseo_notices":[],"_links":{"self":[{"href":"https:\/\/www.eurovanne.fi\/vanteet\/wp-json\/wp\/v2\/product\/810717","targetHints":{"allow":["GET"]}}],"collection":[{"href":"https:\/\/www.eurovanne.fi\/vanteet\/wp-json\/wp\/v2\/product"}],"about":[{"href":"https:\/\/www.eurovanne.fi\/vanteet\/wp-json\/wp\/v2\/types\/product"}],"replies":[{"embeddable":true,"href":"https:\/\/www.eurovanne.fi\/vanteet\/wp-json\/wp\/v2\/comments?post=810717"}],"wp:featuredmedia":[{"embeddable":true,"href":"https:\/\/www.eurovanne.fi\/vanteet\/wp-json\/wp\/v2\/media\/641459"}],"wp:attachment":[{"href":"https:\/\/www.eurovanne.fi\/vanteet\/wp-json\/wp\/v2\/media?parent=810717"}],"wp:term":[{"taxonomy":"product_brand","embeddable":true,"href":"https:\/\/www.eurovanne.fi\/vanteet\/wp-json\/wp\/v2\/product_brand?post=810717"},{"taxonomy":"product_cat","embeddable":true,"href":"https:\/\/www.eurovanne.fi\/vanteet\/wp-json\/wp\/v2\/product_cat?post=810717"},{"taxonomy":"product_tag","embeddable":true,"href":"https:\/\/www.eurovanne.fi\/vanteet\/wp-json\/wp\/v2\/product_tag?post=810717"}],"curies":[{"name":"wp","href":"https:\/\/api.w.org\/{rel}","templated":true}]}}