{"id":811865,"date":"2025-12-30T04:04:23","date_gmt":"2025-12-30T02:04:23","guid":{"rendered":"https:\/\/www.eurovanne.fi\/vanteet\/verkkokauppa\/hankook-dynapro-hpx-ra43-215-70-16-h\/"},"modified":"2026-04-11T04:07:46","modified_gmt":"2026-04-11T01:07:46","slug":"hankook-dynapro-hpx-ra43-215-70-16-h","status":"publish","type":"product","link":"https:\/\/www.eurovanne.fi\/vanteet\/verkkokauppa\/hankook-dynapro-hpx-ra43-215-70-16-h\/","title":{"rendered":"Hankook Dynapro Hpx (ra43) 215\/70-16 H"},"content":{"rendered":"<p>Merkki: Hankook<br \/>\nMalli: Dynapro Hpx (ra43)<br \/>\nKoko: 215\/70-16 = 215\/70R16<br \/>\nNopeusluokka: H<br \/>\nLoad Index (LI): 100<br \/>\nTyyppi: Henkil\u00f6auto<br \/>\nKes\u00e4rengas<br \/>\nNasta: Ei<\/p>\n<p>TOIMITUSAIKA: 5-7 P\u00c4IV\u00c4\u00c4<\/p>\n<div class=\"eurengas-container\"><\/div>\n","protected":false},"excerpt":{"rendered":"<p>Merkki: Hankook Malli: Dynapro Hpx (ra43) Koko: 215\/70-16 = 215\/70R16 Nopeusluokka: H Load Index (LI): 100 Tyyppi: Henkil\u00f6auto Kes\u00e4rengas Nasta: Ei TOIMITUSAIKA: 5-7 P\u00c4IV\u00c4\u00c4<\/p>\n","protected":false},"featured_media":628515,"comment_status":"closed","ping_status":"closed","template":"","meta":[],"product_brand":[],"product_cat":[4378,1051,1074,1043],"product_tag":[],"class_list":{"0":"post-811865","1":"product","2":"type-product","3":"status-publish","4":"has-post-thumbnail","6":"product_cat-21570-16-kesa-henkiloauto","7":"product_cat-henkiloauto","8":"product_cat-kesa-henkiloauto","9":"product_cat-renkaat","11":"first","12":"instock","13":"sale","14":"taxable","15":"shipping-taxable","16":"purchasable","17":"product-type-simple"},"aioseo_notices":[],"_links":{"self":[{"href":"https:\/\/www.eurovanne.fi\/vanteet\/wp-json\/wp\/v2\/product\/811865","targetHints":{"allow":["GET"]}}],"collection":[{"href":"https:\/\/www.eurovanne.fi\/vanteet\/wp-json\/wp\/v2\/product"}],"about":[{"href":"https:\/\/www.eurovanne.fi\/vanteet\/wp-json\/wp\/v2\/types\/product"}],"replies":[{"embeddable":true,"href":"https:\/\/www.eurovanne.fi\/vanteet\/wp-json\/wp\/v2\/comments?post=811865"}],"wp:featuredmedia":[{"embeddable":true,"href":"https:\/\/www.eurovanne.fi\/vanteet\/wp-json\/wp\/v2\/media\/628515"}],"wp:attachment":[{"href":"https:\/\/www.eurovanne.fi\/vanteet\/wp-json\/wp\/v2\/media?parent=811865"}],"wp:term":[{"taxonomy":"product_brand","embeddable":true,"href":"https:\/\/www.eurovanne.fi\/vanteet\/wp-json\/wp\/v2\/product_brand?post=811865"},{"taxonomy":"product_cat","embeddable":true,"href":"https:\/\/www.eurovanne.fi\/vanteet\/wp-json\/wp\/v2\/product_cat?post=811865"},{"taxonomy":"product_tag","embeddable":true,"href":"https:\/\/www.eurovanne.fi\/vanteet\/wp-json\/wp\/v2\/product_tag?post=811865"}],"curies":[{"name":"wp","href":"https:\/\/api.w.org\/{rel}","templated":true}]}}