{"id":813798,"date":"2026-01-16T04:03:23","date_gmt":"2026-01-16T02:03:23","guid":{"rendered":"https:\/\/www.eurovanne.fi\/vanteet\/verkkokauppa\/trazano-zupereco-z-107-205-50-15-v\/"},"modified":"2026-04-01T20:42:37","modified_gmt":"2026-04-01T17:42:37","slug":"trazano-zupereco-z-107-205-50-15-v","status":"publish","type":"product","link":"https:\/\/www.eurovanne.fi\/vanteet\/verkkokauppa\/trazano-zupereco-z-107-205-50-15-v\/","title":{"rendered":"Trazano ZuperEco Z-107 205\/50-15 V"},"content":{"rendered":"<p>Merkki: Trazano<br \/>\nMalli: ZuperEco Z-107<br \/>\nKoko: 205\/50-15 = 205\/50R15<br \/>\nNopeusluokka: V<br \/>\nLoad Index (LI): 86<br \/>\nTyyppi: Henkil\u00f6auto<br \/>\nKes\u00e4rengas<br \/>\nNasta: Ei<\/p>\n<p>TOIMITUSAIKA: 5-7 P\u00c4IV\u00c4\u00c4<\/p>\n<div class=\"eurengas-container\"><\/div>\n","protected":false},"excerpt":{"rendered":"<p>Merkki: Trazano Malli: ZuperEco Z-107 Koko: 205\/50-15 = 205\/50R15 Nopeusluokka: V Load Index (LI): 86 Tyyppi: Henkil\u00f6auto Kes\u00e4rengas Nasta: Ei TOIMITUSAIKA: 5-7 P\u00c4IV\u00c4\u00c4<\/p>\n","protected":false},"featured_media":483925,"comment_status":"closed","ping_status":"closed","template":"","meta":[],"product_brand":[],"product_cat":[1100,1051,1074,1043],"product_tag":[],"class_list":{"0":"post-813798","1":"product","2":"type-product","3":"status-publish","4":"has-post-thumbnail","6":"product_cat-20550-15","7":"product_cat-henkiloauto","8":"product_cat-kesa-henkiloauto","9":"product_cat-renkaat","11":"first","12":"instock","13":"sale","14":"taxable","15":"shipping-taxable","16":"purchasable","17":"product-type-simple"},"aioseo_notices":[],"_links":{"self":[{"href":"https:\/\/www.eurovanne.fi\/vanteet\/wp-json\/wp\/v2\/product\/813798","targetHints":{"allow":["GET"]}}],"collection":[{"href":"https:\/\/www.eurovanne.fi\/vanteet\/wp-json\/wp\/v2\/product"}],"about":[{"href":"https:\/\/www.eurovanne.fi\/vanteet\/wp-json\/wp\/v2\/types\/product"}],"replies":[{"embeddable":true,"href":"https:\/\/www.eurovanne.fi\/vanteet\/wp-json\/wp\/v2\/comments?post=813798"}],"wp:featuredmedia":[{"embeddable":true,"href":"https:\/\/www.eurovanne.fi\/vanteet\/wp-json\/wp\/v2\/media\/483925"}],"wp:attachment":[{"href":"https:\/\/www.eurovanne.fi\/vanteet\/wp-json\/wp\/v2\/media?parent=813798"}],"wp:term":[{"taxonomy":"product_brand","embeddable":true,"href":"https:\/\/www.eurovanne.fi\/vanteet\/wp-json\/wp\/v2\/product_brand?post=813798"},{"taxonomy":"product_cat","embeddable":true,"href":"https:\/\/www.eurovanne.fi\/vanteet\/wp-json\/wp\/v2\/product_cat?post=813798"},{"taxonomy":"product_tag","embeddable":true,"href":"https:\/\/www.eurovanne.fi\/vanteet\/wp-json\/wp\/v2\/product_tag?post=813798"}],"curies":[{"name":"wp","href":"https:\/\/api.w.org\/{rel}","templated":true}]}}